{"id":1531,"date":"2017-02-26T17:38:26","date_gmt":"2017-02-26T20:38:26","guid":{"rendered":"http:\/\/www.lctouroperator.com\/it\/?post_type=product&#038;p=1531"},"modified":"2021-04-01T09:50:23","modified_gmt":"2021-04-01T12:50:23","slug":"cucina-arte-e-natura","status":"publish","type":"product","link":"https:\/\/www.lctouroperator.com\/it\/producto\/cucina-arte-e-natura\/","title":{"rendered":"Cucina, arte e natura"},"content":{"rendered":"<h2>A darci il benvenuto in Brasile \u00e8 la squisita e famosa cucina <i>mineira<\/i>, dello stato di\u00a0 Minas Gerais, famosa per aver conquistato il palato dei brasiliani\u00a0 nonostante la ricca gastronomia regionale; il mondo di sapori e aromi che ogni piatto sprigiona \u00e8 un&#8217;esperienza tutta da vivere e sicuramente riuscir\u00e0 ad incantare anche i palati pi\u00f9 fini.<br \/>\nL&#8217;esperienza prosegue con un itinerario naturale-artistico fantastico&#8230; dopo le visite alle citt\u00e0 di Ouro Preto e Tiradentes si giunge alla <i>cidade maravilhosa, <\/i>Rio de Janeiro, per terminare a Foz de Iguazu per\u00a0 immergersi nella poderosa e splendida natura delle sue cascate famose in tutto il mondo.<\/h2>\n<p>Validit\u00e0: Tutto l\u2019anno.<\/p>\n<h3>Programma<\/h3>\n<table>\n<tbody>\n<tr>\n<td style=\"background-color: #ababab;\"><span style=\"color: #000000;\"><span style=\"color: #ff6600;\">\u27a4<\/span>Giorno 1: Belo Horizonte (Minas Gerais) &#8211; Ouro Preto<br \/>\n<\/span><\/td>\n<\/tr>\n<tr class=\"alt\">\n<td>Arrivo all&#8217;aeroporto di Belo Horizonte e visita panoramica della capitale di Minas Gerais. Durante il percorso fermata nel mercato locale dove sar\u00e0\u00a0 possibile fare un primo assaggio della famosa\u00a0 cucina mineira. A met\u00e0 pomeriggio continuazione del viaggio verso Ouro Preto (98 chilometri), citt\u00e0 coloniale le cui origini risalgono al secolo XVII quando ritrovarono alcune pepite d&#8217;oro nelle sue montagne. Oggi Monumento Nazionale e Patrimonio culturale dell&#8217;Umanit\u00e0 UNESCO Ouro Preto \u00e8 una delle citt\u00e0 con architettura barocca\u00a0 tra le pi\u00f9 belle al mondo. Sistemazione nelle\u00a0 camere riservate.\u00a0 Tempo libero. Cena facoltativa in uno dei famosi ristoranti su Rua Direita.\u00a0 Pernottamento.<\/td>\n<\/tr>\n<tr>\n<td style=\"background-color: #ababab;\"><span style=\"color: #000000;\"><span style=\"color: #ff6600;\">\u27a4<\/span>Giorno 2: Ouro Preto \/ Tiradentes<\/span><\/td>\n<\/tr>\n<tr class=\"alt\">\n<td>Colazione. Walking tour del centro storico: muniti di scarpe comodissime, percorrendo le sue stradine tortuose e ripide, si potranno visitare alcune delle sue 13 chiese emblematiche; tra queste spiccano la Chiesa Matriz Nossa Senhora do Pilar del XVIII secolo i cui altari sono adorni di ca. 400 kg di oro; la Chiesa di San Francisco di Assis, icona dello stile barocco opera dell&#8217;artista Antonio Francisco Lisboa, conosciuto come <i>Aleijadinho<\/i>, la chiesa di Santa Efigenia dos Pretos, la pi\u00f9 ricca in opere d&#8217;arte e la cappella di Padre Faria, la pi\u00f9 antica di Ouro Preto. Pranzo libero.\u00a0 Visita a Mariana, cittadina \u201ccapitale dell\u2019oro\u201d del governo portoghese nel secolo XVII trasferitosi in Brasile e dove diversi edifici coloniali sono opere degli artisti Aleijadinho e Athayde, esponenti di spicco dell&#8217;arte barocca. (Da venerd\u00ec a domenica \u00e8 possibile la visita con il treno turistico Maria Fumaca).\u00a0 Rientro a Ouro Preto.\u00a0 Tempo per visite libere: ci sono numerose oreficerie con pezzi in oro di diversi colori, antiquariato, artigianato ecc.<\/td>\n<\/tr>\n<tr>\n<td style=\"background-color: #ababab;\"><span style=\"color: #000000;\"><span style=\"color: #ff6600;\">\u27a4<\/span>Giorno 3: Ouro Preto (nusei) &#8211; Congonhas &#8211;\u00a0 Tiradentes<br \/>\n<\/span><\/td>\n<\/tr>\n<tr class=\"alt\">\n<td>Colazione. Mattina a disposizione per visita facoltative a interessanti musei come:\u00a0 Museo storico dell&#8217;\u00a0<i>Inconfidencia\u00a0<\/i>con opere di artisti locali , in Piazza Tiradentes. Museo l&#8217;Oratorio (accanto alla Chiesa Nossa Senhora do Carmo) che raccoglie una straordinaria collezione d&#8217;arte sacra e oggetti di culto, veri gioielli,\u00a0 dal XVII secolo in avanti. In seguito proseguimento del viaggio in trasporto privato verso Tiradentes (160 chilometri) con fermata a Congonhas per ammirare il Santuario del Bom Jesus de Matosinhos (devozione nata in Portogallo nell&#8217;anno 124 d.C.) esemplare unico dell&#8217;architettura e arte coloniale brasiliana. Arrivo a Tiradentes, citt\u00e0 coloniale per eccellenza. Tempo per degustare la famosa cucina locale nei suoi diversi e famosi piatti come l\u00b4Angu, il Feij\u00e3o tropeiro, il Tutu, il Frango a mineira ecc. Visita libera del piccolo centro storico: l&#8217;antica stazione ferroviaria, il boteco da fabrica (birreria), diverse chiese coloniali, pub, stradine lastricate dove passeggiare contemplando antichi palazzi e, per i pi\u00f9 golosi, negozi di dolci e tanti piccoli ristoranti. Pernottamento.<\/td>\n<\/tr>\n<tr class=\"alt\">\n<td style=\"background-color: #ababab;\"><span style=\"color: #000000;\"><span style=\"color: #ff6600;\">\u27a4<\/span>Giorno 4: Tiradentes &#8211;\u00a0 Petropolis (Citt\u00e0 imperiale) &#8211; Rio de Janeiro<\/span><\/td>\n<\/tr>\n<tr class=\"alt\">\n<td>Colazione.\u00a0 Proseguimento del viaggio verso Petropolis (264 chilometri), citt\u00e0 storica immersa nella <em>mata<\/em> (foresta) <em>atlantica<\/em>, sede estiva della famiglia reale portoghese; tempo per una visita libera a interessanti musei, piazze e palazzi antichi. Pranzo libero. In orario da determinare continuazione del viaggio per circa ancora un&#8217;ora e mezza per arrivare a Rio de Janeiro. Visita panoramica fino a raggiungere l&#8217;hotel. Sistemazione nelle\u00a0 camere riservate. Cena libera e pernottamento.<\/td>\n<\/tr>\n<tr class=\"alt\">\n<td style=\"background-color: #ababab;\"><span style=\"color: #000000;\"><span style=\"color: #ff6600;\">\u27a4<\/span>Giorno 5: Rio de Janeiro<\/span><\/td>\n<\/tr>\n<tr class=\"alt\">\n<td>Prima colazione. Visita guidata della \u201cCidade maravilhosa\u201d, soffermandosi nei siti storici e culturali di interesse tra cui il Monastero di Sao Bento, il Palazzo imperiale, la cattedrale metropolitana, Convento Santa Teresa, la escaderia di Jorge Selaron. Quest&#8217;ultimo pittore e ceramista cileno riusc\u00ec a creare un mondo di emozioni e colori in una scalinata lunga 125 metri, 4 metri di larghezza e 215 gradini colorati grazie a miglia di azulejos (piastrelle). Visita al Cristo del Corcovado, Patrimonio Unesco dell&#8217;Umanit\u00e0, unico al mondo in stile Art Deco sulla collina pi\u00f9 famosa della citt\u00e0 che offre inoltre una delle viste panoramiche pi\u00f9 spettacolari di Rio e del mondo. Ritorno \u201cimmersi\u201d nella foresta di Tijuca, una passeggiata incredibile in un mondo verde a pochi passi dalla citt\u00e0. Pranzo libero durante il percorso delle visite. Tempo libero. Pernottamento.<\/td>\n<\/tr>\n<tr class=\"alt\">\n<td style=\"background-color: #ababab;\"><span style=\"color: #000000;\"><span style=\"color: #ff6600;\">\u27a4<\/span>Giorno 6: Rio de Janeiro<br \/>\n<\/span><\/td>\n<\/tr>\n<tr class=\"alt\">\n<td>Colazione. Giornata a disposizione per visite facoltative a musei, negozi o\u00a0 tempo di relax in spiaggia o trekking nella foresta di Tijuca o sul lungomare.<\/td>\n<\/tr>\n<tr class=\"alt\">\n<td style=\"background-color: #ababab;\"><span style=\"color: #000000;\"><span style=\"color: #ff6600;\">\u27a4<\/span>Giorno 7: Rio de Janeiro &#8211; Foz de Igua\u00e7u<br \/>\n<\/span><\/td>\n<\/tr>\n<tr class=\"alt\">\n<td>Colazione. Trasferimento in aeroporto per continuare il viaggio verso le Cascate dell&#8217;Iguazu. Sistemazione in hotel. Pranzo libero. Nel primo pomeriggio visita delle Cascate del lato brasiliano, situate al confine tra Argentina, Brasile ed il Paraguay, la mitica \u201ctriplice frontera\u201d. Immerse nella foresta subtropicale, le cascate costituiscono una dei luoghi pi\u00f9 spettacolari del mondo: il contrasto tra i colori del cielo, della vegetazione e della terra rossa sono di una bellezza senza pari. Al ritorno visita al Parco degli Uccelli, un campionario di uccelli di tutto il continente, diversissimi e coloratissimi, che non disdegnano la vicinanza dei visitatori. Opzionale volo in elicottero delle cascate. In serata, cena-show con danze tipiche in una \u201cchurrascaria\u201d del posto. Pernottamento.<\/td>\n<\/tr>\n<tr class=\"alt\">\n<td style=\"background-color: #ababab;\"><span style=\"color: #000000;\"><span style=\"color: #ff6600;\">\u27a4<\/span>Giorno 8: Foz de Igua\u00e7u (Cascate Argentine)<br \/>\n<\/span><\/td>\n<\/tr>\n<tr class=\"alt\">\n<td>Colazione. Intera giornata dedicata alla visita delle cascate del versante argentino, il lato pi\u00f9 spettacolare delle cascate, con le camminate del circuito inferiore e di quello superiore fino all&#8217;incredibile Garganta del Diablo, una caduta di 70 metri. E\u2019 il salto pi\u00f9 alto, 20 metri di pi\u00f9 del Niagara. Possibilit\u00e0 di un safari nautico: imperdibile per gli amanti della natura, con un contatto diretto con il fiume Paran\u00e1, a tratti ampio come il mare. Pranzo dentro il parco, a base di carne argentina. Ritorno all&#8217;hotel in Brasile. Cena libera. Pernottamento.<\/td>\n<\/tr>\n<\/tbody>\n<\/table>\n<table>\n<tbody>\n<tr class=\"alt\">\n<td style=\"background-color: #ababab;\"><span style=\"color: #000000;\"><span style=\"color: #ff6600;\">\u27a4<\/span>Giorno 9: Foz de Igua\u00e7u &#8211; rientro in Italia<br \/>\n<\/span><\/td>\n<\/tr>\n<tr class=\"alt\">\n<td>Colazione. In orario da de\ufb01nire, trasferimento in aeroporto per iniziare il viaggio di ritorno al paese d&#8217;origine o per un&#8217;estensione del viaggio per rilassarsi nella splendida isola verde nei pressi di Rio de Janeiro: Ilha Grande.<\/td>\n<\/tr>\n<\/tbody>\n<\/table>\n<p>&nbsp;<\/p>\n","protected":false},"excerpt":{"rendered":"<p>Brasile<\/p>\n<p>9 giorni \/ 8 notti<\/p>\n","protected":false},"featured_media":2922,"comment_status":"closed","ping_status":"closed","template":"","meta":{"dwc-title":[""],"dwc-content":["<img class=\"size-full wp-image-2923 aligncenter\" src=\"http:\/\/www.lctouroperator.com\/it\/wp-content\/uploads\/2017\/02\/Brasil-05-2011Ev51.jpg\" alt=\"\" width=\"274\" height=\"420\" \/>"]},"product_cat":[37],"product_tag":[],"class_list":{"0":"post-1531","1":"product","2":"type-product","3":"status-publish","4":"has-post-thumbnail","6":"product_cat-brasil","8":"first","9":"instock","10":"shipping-taxable","11":"product-type-simple"},"_links":{"self":[{"href":"https:\/\/www.lctouroperator.com\/it\/wp-json\/wp\/v2\/product\/1531"}],"collection":[{"href":"https:\/\/www.lctouroperator.com\/it\/wp-json\/wp\/v2\/product"}],"about":[{"href":"https:\/\/www.lctouroperator.com\/it\/wp-json\/wp\/v2\/types\/product"}],"replies":[{"embeddable":true,"href":"https:\/\/www.lctouroperator.com\/it\/wp-json\/wp\/v2\/comments?post=1531"}],"wp:featuredmedia":[{"embeddable":true,"href":"https:\/\/www.lctouroperator.com\/it\/wp-json\/wp\/v2\/media\/2922"}],"wp:attachment":[{"href":"https:\/\/www.lctouroperator.com\/it\/wp-json\/wp\/v2\/media?parent=1531"}],"wp:term":[{"taxonomy":"product_cat","embeddable":true,"href":"https:\/\/www.lctouroperator.com\/it\/wp-json\/wp\/v2\/product_cat?post=1531"},{"taxonomy":"product_tag","embeddable":true,"href":"https:\/\/www.lctouroperator.com\/it\/wp-json\/wp\/v2\/product_tag?post=1531"}],"curies":[{"name":"wp","href":"https:\/\/api.w.org\/{rel}","templated":true}]}}