{"id":1528,"date":"2017-02-26T17:27:38","date_gmt":"2017-02-26T20:27:38","guid":{"rendered":"http:\/\/www.lctouroperator.com\/it\/?post_type=product&#038;p=1528"},"modified":"2021-04-01T10:02:16","modified_gmt":"2021-04-01T13:02:16","slug":"tour-brasile","status":"publish","type":"product","link":"https:\/\/www.lctouroperator.com\/it\/producto\/tour-brasile\/","title":{"rendered":"Tour Brasile"},"content":{"rendered":"<h2>Amazonas, Salvador de Bahia, Rio de Janeiro, Foz de Igua\u00e7u. Esperienze uniche visitando citt\u00e0 e bellezze naturali emblematiche del Brasile. Come in un puzzle, in ogni tappa si costruisce la \ufb01sionomia e si impara la storia, la cultura, le radici di questo immenso paese di pi\u00f9 di 200 milioni di abitanti. Allegria, colore, vivacit\u00e0 e musica che arricchiscono e\u00a0divertono in questa esperienza da vivere in pienezza.<\/h2>\n<p>Validit\u00e0: Tutto l\u2019anno.<\/p>\n<h3>Programma:<\/h3>\n<table style=\"height: 1800px;\">\n<tbody>\n<tr style=\"height: 24px;\">\n<td style=\"background-color: #ababab; height: 24px;\"><span style=\"color: #000000;\"><span style=\"color: #ff6600;\">\u27a4<\/span>Giorno 1: Manaus (Amazzonia)*<\/span><\/td>\n<\/tr>\n<tr class=\"alt\" style=\"height: 72px;\">\n<td style=\"height: 72px;\">Arrivo a Manaus, la capitale dello stato di Amazonas, nel nord ovest brasiliano. Trasferimento all&#8217;hotel prescelto. Tempo per riposarsi dal viaggio.\u00a0 A met\u00e0 pomeriggio passeggiata libera per il lungofiume (Rio Negro) nella Praia di Ponta Negra. Cena libera. Pernottamento.<\/td>\n<\/tr>\n<tr style=\"height: 24px;\">\n<td style=\"background-color: #ababab; height: 24px;\"><span style=\"color: #000000;\"><span style=\"color: #ff6600;\">\u27a4<\/span>Giorno 2: Manaus &#8211; Amazonas<\/span><\/td>\n<\/tr>\n<tr class=\"alt\" style=\"height: auto;\">\n<td style=\"height: auto;\">Prima colazione in hotel.\u00a0 Visita guidata panoramica di Manaus. La citt\u00e0 \u00e8 un polo industriale e fluviale dalle splendide e rigogliose aree verdi. Nata nel XVII secolo sulle sponde del Rio Negro, deve il suo nome agli indios Manaus: porta d&#8217;ingresso alla foresta amazzonica, polmone verde dell&#8217;America Latina. Manaus ha una ricca storia che si scopre attraverso l&#8217;architettura coloniale e il moderno porto, zona franca diventata importante polo commerciale del Brasile.\u00a0 Pranzo libero nel mercato di bellissima architettura francese: possibilit\u00e0 di scoprire numerose erbe medicinali, frutta tropicale e cucina a base di pesce di fiume. A continuazione visita al giardino botanico alla scoperta della flora esotica e unica dell&#8217;Amazzonia. Cena libera.\u00a0 Rientro in albergo. Pernottamento.<\/td>\n<\/tr>\n<tr style=\"height: 24px;\">\n<td style=\"background-color: #ababab; height: 24px;\"><span style=\"color: #000000;\"><span style=\"color: #ff6600;\">\u27a4<\/span>Giorno 3: \u00a0Crociera sul fiume Negro e Rio delle Amazzoni<br \/>\n<\/span><\/td>\n<\/tr>\n<tr class=\"alt\" style=\"height: auto;\">\n<td style=\"height: auto;\">Prima colazione. Escursione di tutta la giornata in battello. Navigazione fino al cosiddetto \u201cIncontro delle acque\u201d, il punto in cui si incontrano i fiumi Negro e Solim\u00f5es. Arrivo fino a delle strutture galleggianti (ristorante, locale di artigianato, abitazione dei cos\u00ec chiamati \u201ccaboclos\u201d). Osservazione, da una passerella in mezzo alla foresta, della flora e fauna locale. Continuazione in canoa navigando su numerosi bracci del Rio delle Amazzoni, per osservare la rigogliosa vegetazione e per la pesca di pira\u00f1as. Pranzo buffet molto semplice durante l&#8217;escursione, preparato dai <i>caboclos,\u00a0\u00a0<\/i>popolazione etnica che abita sulle rive dei fiumi amazzonici.<i>\u00a0<\/i>\u00a0Rientro al Manaus. Pernottamento.<\/td>\n<\/tr>\n<tr class=\"alt\" style=\"height: 24px;\">\n<td style=\"background-color: #ababab; height: 24px;\"><span style=\"color: #000000;\"><span style=\"color: #ff6600;\">\u27a4<\/span>Giorno 4: Iranduba<\/span><\/td>\n<\/tr>\n<tr class=\"alt\" style=\"height: 120px;\">\n<td style=\"height: 120px;\">Prima colazione. Trasferimento in barca veloce ad un albergo della foresta sull&#8217;altra sponda del fiume Negro, davanti alla citt\u00e0 di Manaus. Sistemazione. Tempo a disposizione. Pranzo buffet. Nel pomeriggio, partenza, in battello, per la visita ad una piccola comunit\u00e0 di indigeni della zona e alle Cascate di Paricatuba circondata da una natura rigogliosa.\u00a0 All&#8217;imbrunire, continuazione del viaggio in battello per scoprire la vita notturna del Rio Negro e la sua fauna. Cena e pernottamento.<\/td>\n<\/tr>\n<tr class=\"alt\" style=\"height: 24px;\">\n<td style=\"background-color: #ababab; height: 24px;\"><span style=\"color: #000000;\"><span style=\"color: #ff6600;\">\u27a4<\/span>Giorno 5: Iranduba<\/span><\/td>\n<\/tr>\n<tr class=\"alt\" style=\"height: 48px;\">\n<td style=\"height: 48px;\">Prima colazione. Passeggiata ecologica nella foresta con una guida locale. Rientro in albergo. Pranzo buffet. Parte del pomeriggio libero. Visita ad una famiglia di Caboclos. Cena e pernottamento.<\/td>\n<\/tr>\n<tr class=\"alt\" style=\"height: 24px;\">\n<td style=\"background-color: #ababab; height: 24px;\"><span style=\"color: #000000;\"><span style=\"color: #ff6600;\">\u27a4<\/span>Giorno 6: Salvador de Bah\u00eda<\/span><\/td>\n<\/tr>\n<tr class=\"alt\" style=\"height: auto;\">\n<td style=\"height: auto;\">Prima colazione. Transfer all&#8217;aeroporto per continuare viaggio verso la citt\u00e0 di Salvador de Bahia, prima capitale del Brasile e culla del Candombl\u00e9. Arrivo e trasferimento in hotel, previa prima visita panoramica guidata della citt\u00e0 fino alla chiesa do Bonfim: Salvador\u00a0 fondata nel 1549 \u00e8 inoltre il primo porto e porta d&#8217;ingresso al nuovo mondo fino al XVIII secolo, la sua ricca storia si dispiega man mano si percorre il lungomare e le sue affollate strade. Arrivo in hotel. Sistemazione nelle camere riservate.\u00a0 Cena libera. Pernottamento.<\/td>\n<\/tr>\n<tr class=\"alt\" style=\"height: 24px;\">\n<td style=\"background-color: #ababab; height: 24px;\"><span style=\"color: #000000;\"><span style=\"color: #ff6600;\">\u27a4<\/span>Giorno 7: Salvador de Bah\u00eda<\/span><\/td>\n<\/tr>\n<tr class=\"alt\" style=\"height: 192px;\">\n<td style=\"height: 192px;\">Dopo la prima colazione visita allo splendido centro storico il Pelourinho, ammirando inoltre le belle baiane con i loro vestiti tipici. Dichiarata Patrimonio dell\u2019Umanit\u00e0 dall\u2019UNESCO, \u00e8 unica per le case e le chiese coloniali, i vivaci mercatini e le strade di pietra nera del centro storico. Tempo per visitare la chiesa francescana del XVII secolo:\u00a0 incredibile e abbagliante gioiello coloniale e la Cattedrale di stile barocco. Pranzo libero nel corso dell\u2019escursione. Al pomeriggio facoltativo approfondimento della storia del Candombl\u00e9 o visita a diversi e interessanti musei come il museo di Arte di Bahia, il museo de Arte Sacra, uno dei pi\u00f9 belli del Brasile. In serata numerose sono le offerte con musica dal vivo e cucina tipica oltre a bellissimi\u00a0 show di <i>capoeira<\/i>, un combinato di arti marziali e danza.\u00a0 Pernottamento.<\/td>\n<\/tr>\n<tr class=\"alt\" style=\"height: 24px;\">\n<td style=\"background-color: #ababab; height: 24px;\"><span style=\"color: #000000;\"><span style=\"color: #ff6600;\">\u27a4<\/span>Giorno 8: Rio de Janeiro<\/span><\/td>\n<\/tr>\n<tr class=\"alt\" style=\"height: 72px;\">\n<td style=\"height: 72px;\">Prima colazione. In orario a seconda del volo per Rio di Janeiro. Arrivo e\u00a0 nel percorso verso l\u2019hotel, prima visita panoramica della citt\u00e0: i suoi emblematici quartieri come Lapa, Flamengo,\u00a0 Botafogo,\u00a0 Copacabana, Ipanema, Leblon. Sistemazione nelle camere riservate. Cena e tempo libero. Facoltativo serata nel quartiere di Leblon vivace quartiere con musica e show dal vivo, ideale per un tuffo nel mondo\u00a0<i>carioca<\/i>. Rientro in\u00a0hotel. Pernottamento.<\/td>\n<\/tr>\n<tr class=\"alt\" style=\"height: 24px;\">\n<td style=\"background-color: #ababab; height: 24px;\"><span style=\"color: #000000;\"><span style=\"color: #ff6600;\">\u27a4<\/span>Giorno 9: Rio de Janeiro<\/span><\/td>\n<\/tr>\n<tr class=\"alt\" style=\"height: 144px;\">\n<td style=\"height: 144px;\">Prima colazione. Visita guidata della \u201cCidade maravilhosa\u201d, soffermandosi nei siti storici e culturali di interesse tra cui il Monastero di Sao Bento, il Palazzo imperiale, la cattedrale metropolitana, Convento Santa Teresa, la <i>escaderia<\/i>\u00a0di Jorge Selaron, pittore e ceramista cileno che riusc\u00ec a creare un mondo di emozioni e colori in una scalinata lunga 125 metri, 4 metri di largo e 215 gradini colorati grazie a miglia di piastrelle,\u00a0<i>azulejos\u00a0<\/i> e incredibile giardino nei laterali della scalinata.\u00a0\u00a0Visita al Cristo del Corcovado, Patrimonio Unesco dell&#8217;Umanit\u00e0, unico al mondo in stile Art Deco sulla collina pi\u00f9 famosa della citt\u00e0 che offre inoltre una delle viste panoramiche pi\u00f9 spettacolari di Rio e del mondo. Ritorno \u201cimmersi\u201d nella foresta di Tijuca, una passeggiata incredibile in un mondo verde a pochi passi dalla citt\u00e0. Pranzo libero durante il percorso delle visite. Tempo libero. Pernottamento.<\/td>\n<\/tr>\n<tr class=\"alt\" style=\"height: 24px;\">\n<td style=\"background-color: #ababab; height: 24px;\"><span style=\"color: #000000;\"><span style=\"color: #ff6600;\">\u27a4<\/span>Giorno 10: Rio de Janerio \/ Foz de Igua\u00e7u<\/span><\/td>\n<\/tr>\n<tr class=\"alt\" style=\"height: 192px;\">\n<td style=\"height: 192px;\">Prima colazione. Trasferimento in aeroporto per continuare viaggio verso le Cascate dell&#8217;Iguazu. Sistemazione in hotel. Pranzo libero. Nel primo pomeriggio visita delle Cascate del lato brasiliano, situate al confine tra Argentina, Brasile ed il Paraguay, la mitica \u201ctriplice frontera\u201d. Immerse nella foresta subtropicale, le imponenti cascate costituiscono una delle pi\u00f9 spettacolari aree del Sudamerica: il contrasto tra i colori del cielo, della vegetazione e della terra rossa sono di una bellezza senza pari. Al ritorno, visita al Parco degli Uccelli, un campionario di sgargianti e coloratissimi uccelli esotici di tutto il continente latinoamericano. E&#8217; possibile realizzare un sorvolo sulle cascate in elicottero, da prenotare\u00a0 con molto anticipo.\u00a0 In serata, in una <i>churrascaria<\/i>\u00a0tipico ristorante brasiliano, cena facoltativa con show con danze tipiche tra cui la vivacissima samba con abiti\u00a0carnevaleschi. Rientro in hotel.\u00a0\u00a0Pernottamento.<\/td>\n<\/tr>\n<tr class=\"alt\" style=\"height: 24px;\">\n<td style=\"background-color: #ababab; height: 24px;\"><span style=\"color: #000000;\"><span style=\"color: #ff6600;\">\u27a4<\/span>Giorno 11: Iguaz\u00fa (cascate argentine)<\/span><\/td>\n<\/tr>\n<tr class=\"alt\" style=\"height: 120px;\">\n<td style=\"height: 120px;\">Colazione. Intera giornata dedicata alla visita delle cascate sul versante argentino, il pi\u00f9 spettacolare: circuito inferiore e superiore fino all\u2019incredibile Garganta del Diablo, una caduta di 70 metri, 20 metri in pi\u00f9 del Niagara. Tour la Gran Aventura che include la possibilit\u00e0 di un safari nautico: imperdibile per amanti dell&#8217;adrenalina e grandissima emozione in contatto diretto con il fiume Paran\u00e1, a tratti largo quanto il mare e dalla corrente velocissima.\u00a0 Pranzo libero dentro il parco a base di carne argentina. Ritorno all&#8217;hotel nel lato brasiliano. Cena libera. Pernottamento.<\/td>\n<\/tr>\n<tr class=\"alt\" style=\"height: 24px;\">\n<td style=\"background-color: #ababab; height: 24px;\"><span style=\"color: #000000;\"><span style=\"color: #ff6600;\">\u27a4<\/span>Giorno 12: Foz de Igua\u00e7u \/ Rientro in italia<\/span><\/td>\n<\/tr>\n<tr class=\"alt\" style=\"height: 48px;\">\n<td style=\"height: 48px;\">Colazione. In orario da definire, trasferimento in aeroporto per iniziare il viaggio di ritorno al paese d&#8217;origine. Pasti e pernottamento a bordo.<\/td>\n<\/tr>\n<\/tbody>\n<\/table>\n<p>&nbsp;<\/p>\n<p>* Per la parte dell\u2019Amazzonia si consiglia la visita tra luglio e agosto.<\/p>\n","protected":false},"excerpt":{"rendered":"<p>Brasile<br \/>\n12 giorni \/ 11 notti<\/p>\n","protected":false},"featured_media":893,"comment_status":"closed","ping_status":"closed","template":"","meta":{"dwc-title":[""],"dwc-content":["<img class=\"size-full wp-image-2915 aligncenter\" src=\"http:\/\/www.lctouroperator.com\/it\/wp-content\/uploads\/2017\/02\/Brasil-04-2011Dv41.jpg\" alt=\"\" width=\"274\" height=\"420\" \/>"]},"product_cat":[37],"product_tag":[],"class_list":{"0":"post-1528","1":"product","2":"type-product","3":"status-publish","4":"has-post-thumbnail","6":"product_cat-brasil","8":"first","9":"instock","10":"shipping-taxable","11":"product-type-simple"},"_links":{"self":[{"href":"https:\/\/www.lctouroperator.com\/it\/wp-json\/wp\/v2\/product\/1528"}],"collection":[{"href":"https:\/\/www.lctouroperator.com\/it\/wp-json\/wp\/v2\/product"}],"about":[{"href":"https:\/\/www.lctouroperator.com\/it\/wp-json\/wp\/v2\/types\/product"}],"replies":[{"embeddable":true,"href":"https:\/\/www.lctouroperator.com\/it\/wp-json\/wp\/v2\/comments?post=1528"}],"wp:featuredmedia":[{"embeddable":true,"href":"https:\/\/www.lctouroperator.com\/it\/wp-json\/wp\/v2\/media\/893"}],"wp:attachment":[{"href":"https:\/\/www.lctouroperator.com\/it\/wp-json\/wp\/v2\/media?parent=1528"}],"wp:term":[{"taxonomy":"product_cat","embeddable":true,"href":"https:\/\/www.lctouroperator.com\/it\/wp-json\/wp\/v2\/product_cat?post=1528"},{"taxonomy":"product_tag","embeddable":true,"href":"https:\/\/www.lctouroperator.com\/it\/wp-json\/wp\/v2\/product_tag?post=1528"}],"curies":[{"name":"wp","href":"https:\/\/api.w.org\/{rel}","templated":true}]}}