{"id":1522,"date":"2017-02-22T13:51:28","date_gmt":"2017-02-22T16:51:28","guid":{"rendered":"http:\/\/www.lctouroperator.com\/it\/prog\/incantevole-sud\/"},"modified":"2021-03-15T11:51:24","modified_gmt":"2021-03-15T14:51:24","slug":"incantevole-sud-patagonia-cilena","status":"publish","type":"product","link":"https:\/\/www.lctouroperator.com\/it\/producto\/incantevole-sud-patagonia-cilena\/","title":{"rendered":"Incantevole Sud e Patagonia Cilena"},"content":{"rendered":"<p><!--:es--><\/p>\n<div class=\"row\">\n<h2>Tutto il Cile \u00e8 un andar di bellezza in bellezza..ma l\u00e0 dove la natura sfoggia in tutto il suo splendore \u00a0\u00e9 nell\u2019incantevole sud: vulcani, ghiacciai, terme, fiumi, fiordi, laghi, isole fantastiche. Incredibili giorni a contatto con popolazioni autoctone e numerosissimi\u00a0\u00a0europei <wbr \/>immigrati\u00a0in questa splendida zona. Esperienza da non perdere in\u00a0questo\u00a0Cile tutto da scoprire<span style=\"color: #333333;\">.<\/span><\/h2>\n<h2><span style=\"color: #ff6600;\">Programma<\/span><\/h2>\n<table style=\"height: auto;\">\n<tbody>\n<tr style=\"height: 24px;\">\n<td style=\"background-color: #ababab; height: 24px;\"><span style=\"color: #000000;\"><span style=\"color: #ff6600;\">\u27a4<\/span>Giorno 1: Santiago del Cile &#8211; Temuco<\/span><\/td>\n<\/tr>\n<tr class=\"alt\" style=\"height: 120px;\">\n<td style=\"height: 120px;\">Arrivo a Santiago del Cile. Continuazione del viaggio con destino a Temuco, la capitale dell\u2019Araucania, la IX regione del paese, territorio anticamente appartenente agli indios mapuches e tutt&#8217;oggi \u00e8 ancora molto forte il predominio della comunit\u00e0 mapuche residente. Trasferimento in hotel e nel percorso visita panoramica di Temuco. Sistemazione nelle camere riservate e tempo libero per riposarsi dopo il viaggio intercontinentale. Cena libera. Pernottamento.<\/td>\n<\/tr>\n<tr style=\"height: 24px;\">\n<td style=\"background-color: #ababab; height: 24px;\"><span style=\"color: #000000;\"><span style=\"color: #ff6600;\">\u27a4<\/span>Giorno 2: Villarrica &#8211; Puc\u00f3n<\/span><\/td>\n<\/tr>\n<tr class=\"alt\" style=\"height: 144px;\">\n<td style=\"height: 144px;\">Prima colazione in hotel. Mattinata per un&#8217;interessante\u00a0incontro culturale visitando diverse famiglie mapuche: possibilit\u00e0 di convivenza per conoscere la loro tradizione, storia e l&#8217;incredibile presente ricco del passato di un popolo guerriero. Pranzo nella comunit\u00e0. Al primo pomeriggio proseguimento verso Puc\u00f3n, costeggiando il bellissimo lago Villarrica, e ai piedi del vulcano omonimo. Il lago, di origine glaciale incanta con le sue spiagge di sabbia nera che svela l&#8217;origine vulcanico. Visita panoramica della cittadina. Arrivo a Puc\u00f3n, sistemazione in albergo. Tempo libero. Pernottamento.<\/td>\n<\/tr>\n<tr style=\"height: 24px;\">\n<td style=\"background-color: #ababab; height: 24px;\"><span style=\"color: #000000;\"><span style=\"color: #ff6600;\">\u27a4<\/span>Giorno 3: Lago Caburgua &#8211; Valdivia<\/span><\/td>\n<\/tr>\n<tr class=\"alt\" style=\"height: 120px;\">\n<td style=\"height: 120px;\">Prima colazione in hotel. Partenza per Valdivia, visitando durante il percorso il\u00a0 lago Caburgua e gli \u201cOcchi del Caburgua\u201d, piccoli laghi che si formano per l\u2019 affioramento di acque sotterranee del lago stesso e del lago Blu, con acque trasparenti e limpide. Proseguimento del viaggio verso sud fino a Valdivia, chiamata \u201cla Venezia cilena\u201d, grazie al fiume Calle Calle che attraversa la citt\u00e0 insieme a molti altri\u00a0 affluenti. Arrivo verso fine pomeriggio, sistemazione in hotel. Pernottamento.<\/td>\n<\/tr>\n<tr class=\"alt\" style=\"height: 24px;\">\n<td style=\"background-color: #ababab; height: 24px;\"><span style=\"color: #000000;\"><span style=\"color: #ff6600;\">\u27a4<\/span>Giorno 4: Valdivia &#8211; Osorno<\/span><\/td>\n<\/tr>\n<tr class=\"alt\" style=\"height: auto;\">\n<td style=\"height: auto;\">Prima colazione. Visita libera di Valdivia, centro turistico e culturale e porto fluviale la cui popolazione \u00e8 nata dalla fusione degli indios, che abitavano qui prima della colonizzazione spagnola con i conquistatori spagnoli e, pi\u00f9 tardi, con immigranti tedeschi.\u00a0 A met\u00e0\u00a0 pomeriggio partenza per Osorno, cittadina al sud di Valdivia, oggi centro della produzione agricola pi\u00f9 importante della regione. Pernottamento.<\/td>\n<\/tr>\n<tr class=\"alt\" style=\"height: 24px;\">\n<td style=\"background-color: #ababab; height: 24px;\"><span style=\"color: #000000;\"><span style=\"color: #ff6600;\">\u27a4<\/span>Giorno 5: Parco Nazionale Peyehue &#8211; Puerto Varas<\/span><\/td>\n<\/tr>\n<tr class=\"alt\" style=\"height: 120px;\">\n<td style=\"height: 120px;\">Prima colazione in hotel. Visita a Entre Lagos, in riva al lago Puyehue e al Parco Nazionale omonimo attraversando un paesaggio fantastico: abbondante vegetazione tipica della zona incorniciata dai vulcani Puyehue, Puntiagudo, Osorno e Tronador. Nel parco tempo per\u00a0 ammirare piccoli laghi e il centro termale omonimo. Rientro a Osorno per proseguire viaggio verso\u00a0 Puerto Varas al sud est del lago Llanquihue. Arrivo e trasferimento in hotel. Cena libera. Pernottamento.<\/td>\n<\/tr>\n<tr class=\"alt\" style=\"height: 24px;\">\n<td style=\"background-color: #ababab; height: 24px;\"><span style=\"color: #000000;\"><span style=\"color: #ff6600;\">\u27a4<\/span>Giorno 6: Cascate Petrohu\u00e9 &#8211; Lago Todos Los Santos<\/span><\/td>\n<\/tr>\n<tr class=\"alt\" style=\"height: auto;\">\n<td style=\"height: auto;\">Prima colazione in hotel. Esperienza unica in questa proposta di escursione\u00a0 full day a Ensenada, cittadina ai piedi del vulcano Osorno fino al Parco Nazionale Vicente P\u00e9rez Rosales e alle cascate di Petrohue, per poi raggiungere lo splendido lago Todos Los Santos, chiamato anche <i>lago Smeraldo<\/i>\u00a0per il colore delle sue acque. Tempo libero per godere fino in fondo la bellezza lussureggiante della natura.\u00a0 Pranzo libero in un ristorante. Rientro a Puerto Varas.<\/td>\n<\/tr>\n<tr class=\"alt\" style=\"height: 24px;\">\n<td style=\"background-color: #ababab; height: 24px;\"><span style=\"color: #000000;\"><span style=\"color: #ff6600;\">\u27a4<\/span>Giorno 7: Puerto Varas &#8211; Chilo\u00e9\u00b4- Castro<\/span><\/td>\n<\/tr>\n<tr class=\"alt\" style=\"height: auto;\">\n<td style=\"height: auto;\">Prima colazione in hotel. Mattinata a disposizione per una visita libera di Puerto Varas con chiese, musei e palazzi neo romaniche e neo gotiche, segno tangibile dell&#8217;immigrazione tedesca. Arrivo\u00a0 \ufb01no alla piccola baia di Angelm\u00f3, dove si trova il mercatino ricco di articoli artigianali. In orario da indicare trasferimento fino a Pargua\u00a0 cittadina portuale molto importante per proseguire fino all&#8217;Isola Chilo\u00e8, navigando il Canale di Chacao per circa 30 minuti. Arrivo e trasferimento a Castro. Sistemazione e pernottamento.<\/td>\n<\/tr>\n<tr class=\"alt\" style=\"height: 24px;\">\n<td style=\"background-color: #ababab; height: 24px;\"><span style=\"color: #000000;\"><span style=\"color: #ff6600;\">\u27a4<\/span>Giorno 8: Castro &#8211; Chonchi &#8211; Cucao\u00a0<\/span><\/td>\n<\/tr>\n<tr class=\"alt\" style=\"height: 192px;\">\n<td style=\"height: 192px;\">Prima colazione.\u00a0 Visita libera di Castro e delle sue caratteristiche palafitte: la chiesa di San Francesco dichiarata patrimonio culturale dell&#8217;Umanit\u00e0 Unesco; la Plaza de Armas, il Museo Regionale e il Museo di Arte Moderna. Da non perdere il mercato del pesce. Si propone la visita a Cucao a 52 km da Castro,\u00a0 tra il lago Huillinco e il mare, sulla costa occidentale dell&#8217;Isola Chilo\u00e8, piccolo paesino famoso per la bellezza della grande spiaggia selvaggia di sabbia e sassi dove godere inoltre della fauna e flora locale.\u00a0 Nel trascorso del viaggio fermata a Chonchi, <i>la citt\u00e0 dei tre piani<\/i>, cosi chiamata per la costruzione a 3 piani delle case, tutte in legno di cipresso e larici. Camminata per la via Centenario, visita alla chiesa Patrimonio dell&#8217;Umanit\u00e0, facente parte della rotta delle chiese dell&#8217;Isola. Rientro a Castro.<\/td>\n<\/tr>\n<tr class=\"alt\" style=\"height: 24px;\">\n<td style=\"background-color: #ababab; height: 24px;\"><span style=\"color: #000000;\"><span style=\"color: #ff6600;\">\u27a4<\/span>Giorno 9: Dalcahue &#8211; Isla Quinchao &#8211; Achao<\/span><\/td>\n<\/tr>\n<tr class=\"alt\" style=\"height: auto;\">\n<td style=\"height: auto;\">Prima colazione.\u00a0 Possibilit\u00e0 di esperienze uniche visitando in questa giornata prima di tutto Dalcahue, imperdibile <i>las cocinerias, <\/i>un mercato di piatti tipici assolutamente da provare: terrina di gallina, pesci di tutti i tipi con incredibile variet\u00e0 di patate. Visita alla Chiesa Nostra Signora dei Dolori, anch&#8217;essa Patrimonio dell&#8217;Umanit\u00e0 Unesco. Passaggio verso l&#8217;Isola Quinchao per visitare Santa Maria di Loreto, patrimonio Unesco: \u00e8 la prima chiesa di tutto il Cile, costruita completamente in legno senza utilizzare chiodi. Rientro a Castro. Pernottamento.<\/td>\n<\/tr>\n<tr class=\"alt\" style=\"height: 24px;\">\n<td style=\"background-color: #ababab; height: 24px;\"><span style=\"color: #000000;\"><span style=\"color: #ff6600;\">\u27a4<\/span>Giorno 10: Ancud &#8211; Puerto Montt\u00a0<\/span><\/td>\n<\/tr>\n<tr class=\"alt\" style=\"height: 72px;\">\n<td style=\"height: 72px;\">Prima colazione in hotel. Partenza per il rientro a Puerto Montt dedicando nel trascorso un po&#8217; di tempo alla visita di Ancud: imperdibile la salita sul forte <i>San Antonio\u00a0<\/i>da dove si ottiene una veduta splendida di tutta Ancud e le coste dell&#8217;Isola. Visita alla piazza principale Plaza de Armas, per scoprire i misteri e la mitologia di questa spettacolare isola, navigheremo nuovamente\u00a0 il canale di Chacao arrivando cos\u00ec a Puerto Montt. Da ottobre a marzo da Ancud partono le escursioni per Punihuil per l&#8217;avvistamento dei pinguini di Humboltd e Magallanes. Tempo per attraversare il Canale di Chacao e proseguire verso Puerto Montt. Sistemazione in hotel. Visita libera di Puerto Montt. Pernottamento<\/td>\n<\/tr>\n<tr class=\"alt\" style=\"height: 24px;\">\n<td style=\"background-color: #ababab; height: 24px;\"><span style=\"color: #000000;\"><span style=\"color: #ff6600;\">\u27a4<\/span>Giorno 11: Punta Arenas &#8211; Puerto Natales (Patagonia cilena)<\/span><\/td>\n<\/tr>\n<tr class=\"alt\" style=\"height: 24px;\">\n<td style=\"height: 24px;\">Prima colazione. In orario a seconda del volo partenza per l&#8217;aeroporto per proseguire in volo verso Punta Arena, nella Patagonia cilena . All&#8217;arrivo trasferimento privato o in bus di linea per Puerto Natales (circa\u00a03 ore di viaggio). Sistemazione in albergo. Cena libera. Pernottamento.<\/td>\n<\/tr>\n<\/tbody>\n<\/table>\n<table>\n<tbody>\n<tr class=\"alt\" style=\"height: 24px;\">\n<td style=\"background-color: #ababab; height: 24px;\"><span style=\"color: #000000;\"><span style=\"color: #ff6600;\">\u27a4<\/span>Giorno 12: Parco Nazionale Torres del Paine<\/span><\/td>\n<\/tr>\n<tr class=\"alt\" style=\"height: 24px;\">\n<td style=\"height: 24px;\">Prima colazione. Intera giornata dedicata alla visita del Parco Nazionale Torres del Paine. Lago Sarmiento, laguna Azul con mini-trekking di circa 30 minuti tra paesaggi di sorprendente bellezza. Proseguimento per Salto del R\u00edo Paine e al lago Nord fino al Salto Grande, incredibile monumento naturale dove le acque del lago Nord cadono nel lago Pehoe. Sosta al belvedere De Los Cuernos (trekking facile di circa 2 ore). Visita al Centro per turisti del Parco per comprenderne l\u2019ecosistema. Pranzo nel corso dell\u2019escursione al Lago Grey. In serata, rientro in albergo. Cena libera e pernottamento.<\/td>\n<\/tr>\n<\/tbody>\n<\/table>\n<table>\n<tbody>\n<tr class=\"alt\" style=\"height: 24px;\">\n<td style=\"background-color: #ababab; height: 24px;\"><span style=\"color: #000000;\"><span style=\"color: #ff6600;\">\u27a4<\/span>Giorno 13: Crociera ai ghiacciai\u00a0 Serrano e Balmaceda<\/span><\/td>\n<\/tr>\n<tr class=\"alt\" style=\"height: 24px;\">\n<td style=\"height: 24px;\">Dopa la prima colazione, intera giornata di escursione percorrendo i fiordi \u00daltima Esperanza. Dopo 3 ore di navigazione arriveremo al millenario ghiacciaio Balmaceda, dove \u00e8 facile incontrare colonie di cormorani e lupi marini. Piccola passeggiata (1 km) una volta raggiunta la fine del fiordo. Pranzo al sacco. Nel pomeriggio, ritorno alla citt\u00e0 di Puerto Natales. Cena libera. Pernottamento.<\/td>\n<\/tr>\n<\/tbody>\n<\/table>\n<table>\n<tbody>\n<tr class=\"alt\" style=\"height: 24px;\">\n<td style=\"background-color: #ababab; height: 24px;\"><span style=\"color: #000000;\"><span style=\"color: #ff6600;\">\u27a4<\/span>Giorno 14: Puerto Natales &#8211; Altre destinazioni<\/span><\/td>\n<\/tr>\n<tr class=\"alt\" style=\"height: 24px;\">\n<td style=\"height: 24px;\">Prima colazione. Rientro a Santiago per iniziare il viaggio di rientro in Italia o, proseguimento verso la Patagonia argentina con trasferimento terrestre\u00a0 a El Calafate (Argentina).<\/td>\n<\/tr>\n<\/tbody>\n<\/table>\n<p>&nbsp;<\/p>\n<\/div>\n<p><!--:--><\/p>\n","protected":false},"excerpt":{"rendered":"<p>Cile<br \/>\n14 giorni \/ 13 notti<\/p>\n","protected":false},"featured_media":2801,"comment_status":"closed","ping_status":"closed","template":"","meta":{"dwc-title":[""],"dwc-content":["<img class=\"size-full wp-image-2805 aligncenter\" src=\"http:\/\/www.lctouroperator.com\/it\/wp-content\/uploads\/2017\/02\/Chile-01-2010Av11.jpg\" alt=\"\" width=\"274\" height=\"420\" \/>"]},"product_cat":[14],"product_tag":[],"class_list":{"0":"post-1522","1":"product","2":"type-product","3":"status-publish","4":"has-post-thumbnail","6":"product_cat-chile","8":"first","9":"instock","10":"shipping-taxable","11":"product-type-simple"},"_links":{"self":[{"href":"https:\/\/www.lctouroperator.com\/it\/wp-json\/wp\/v2\/product\/1522"}],"collection":[{"href":"https:\/\/www.lctouroperator.com\/it\/wp-json\/wp\/v2\/product"}],"about":[{"href":"https:\/\/www.lctouroperator.com\/it\/wp-json\/wp\/v2\/types\/product"}],"replies":[{"embeddable":true,"href":"https:\/\/www.lctouroperator.com\/it\/wp-json\/wp\/v2\/comments?post=1522"}],"wp:featuredmedia":[{"embeddable":true,"href":"https:\/\/www.lctouroperator.com\/it\/wp-json\/wp\/v2\/media\/2801"}],"wp:attachment":[{"href":"https:\/\/www.lctouroperator.com\/it\/wp-json\/wp\/v2\/media?parent=1522"}],"wp:term":[{"taxonomy":"product_cat","embeddable":true,"href":"https:\/\/www.lctouroperator.com\/it\/wp-json\/wp\/v2\/product_cat?post=1522"},{"taxonomy":"product_tag","embeddable":true,"href":"https:\/\/www.lctouroperator.com\/it\/wp-json\/wp\/v2\/product_tag?post=1522"}],"curies":[{"name":"wp","href":"https:\/\/api.w.org\/{rel}","templated":true}]}}