{"id":1519,"date":"2017-02-21T14:55:44","date_gmt":"2017-02-21T17:55:44","guid":{"rendered":"http:\/\/www.lctouroperator.com\/it\/prog\/vette-e-deserti\/"},"modified":"2021-03-11T11:50:57","modified_gmt":"2021-03-11T14:50:57","slug":"vette-e-deserti","status":"publish","type":"product","link":"https:\/\/www.lctouroperator.com\/it\/producto\/vette-e-deserti\/","title":{"rendered":"Vette e deserti"},"content":{"rendered":"<h2>Il grande nord cileno, terra di lama e alpaca, guanaco e fenicotteri in laghi insoliti; geroglifici, flora endemica e paesaggi mozzafiato ovunque.. un viaggio imperdibile in un paese che offre una natura estrema con bellezze uniche e grande diversit\u00e0 naturale: vulcani, laghi, geyser, deserto di sale, di sabbia e rocce,\u00a0 circondati da un silenzio che infonde pace e serenit\u00e0. Percorso che parte a Calama, nel Deserto di Atacama, per poi snodarsi nel nord del Cile,\u00a0scoprendo reperti indigeni e coloniali preziosi anche\u00a0 raggiungendo vette elevate (sempre accompagnati da un mezzo e con salite graduali). Itinerario affascinante che assicura un&#8217;esperienza cultura-natura senza paragone.<\/h2>\n<h2><span style=\"color: #ff6600;\">Programma<\/span><\/h2>\n<table style=\"height: auto;\">\n<tbody>\n<tr style=\"height: 24px;\">\n<td style=\"background-color: #ababab; height: 24px;\"><span style=\"color: #000000;\"><span style=\"color: #ff6600;\">\u27a4<\/span>Giorno 1: Santiago del Cile \u2013 Calama (2.400 m slm)<\/span><\/td>\n<\/tr>\n<tr class=\"alt\" style=\"height: auto;\">\n<td style=\"height: auto;\">Arrivo a Santiago, la capitale del\u00a0 Cile e collegamento immediato con un volo interno per continuare viaggio verso Calama, nel deserto di Atacama. Arrivo e trasferimento privato o ritiro delle macchina a noleggio per proseguire\u00a0 fino a San Pedro di Atacama, cittadina-cuore del Deserto a ca. un&#8217; ora e mezzo di viaggio. Sistemazione nelle camere riservate. Tempo per riposarsi del viaggio intercontinentale. Cena libera. Pernottamento.<\/td>\n<\/tr>\n<tr style=\"height: 24px;\">\n<td style=\"background-color: #ababab; height: 24px;\"><span style=\"color: #000000;\"><span style=\"color: #ff6600;\">\u27a4<\/span>Giorno 2: Chiu &#8211; Chiu &#8211; Valle della Luna<\/span><\/td>\n<\/tr>\n<tr class=\"alt\" style=\"height: auto;\">\n<td style=\"height: auto;\">In mattina visita a Chiu Chiu facente parte de Camino Inca: splendida la laguna Incacoya e il suo dintorno, un\u2019 oasi di silenzio e bellezza. Nel paese un gioiello del 1600, la chiesetta di San Francesco la cui costruzione con tecnica indigena rimane intatta.\u00a0 A met\u00e0 pomeriggio partenza per la Valle della Luna, percorrendo incredibili paesaggi: valle dei dinosauri, valle della morte cos\u00ec chiamata per la totale mancanza di vita di qualsiasi genere. Tempo per osservare il cratere centrale, posto ideale per i migliori scatti fotografici fino alla valle della luna propriamente detta dove le grandi dune si assomigliano al paesaggio lunare. Tempo per ammirare il tramonto dal mirador Kari. Rientro in hotel. Tempo libero. Pernottamento.<\/td>\n<\/tr>\n<tr style=\"height: 24px;\">\n<td style=\"background-color: #ababab; height: 24px;\"><span style=\"color: #000000;\"><span style=\"color: #ff6600;\">\u27a4<\/span>Giorno 3: Laguna Chaxa\u00a0\u2013 Salar di Atacama \u2013 Lagune altiplaniche Miscanti e Minique<\/span><\/td>\n<\/tr>\n<tr class=\"alt\" style=\"height: auto;\">\n<td style=\"height: auto;\">Prima colazione. Partenza per il villaggio di Toconao, che si caratterizza per la lavorazione artigianale della pietra liparita. Si prosegue fino al Salar di Atacama ed alla Laguna Chaxa, la pi\u00f9 grande del Cile, ricoperta da una superficie immensa di sale e nota per le molte specie di volatili. Si raggiungeranno i 4.200 m di altitudine in prossimit\u00e0 della Laguna Miscanti. Proseguiremo fino alla Laguna Mi\u00f1ique. Pranzo al sacco. Rientro a San Pedro e pernottamento.<\/td>\n<\/tr>\n<tr class=\"alt\" style=\"height: 24px;\">\n<td style=\"background-color: #ababab; height: 24px;\"><span style=\"color: #000000;\"><span style=\"color: #ff6600;\">\u27a4<\/span>Giorno 4: Geysers del Tatio<\/span><\/td>\n<\/tr>\n<tr class=\"alt\" style=\"height: auto;\">\n<td style=\"height: auto;\">Alle 4 del mattino, partenza per l\u2019escursione ai geysers del Tatio, colazione nel campo geotermico, circondati da un paesaggio surreale, unico al mondo. Fermata\u00a0 nelle acque termali Pozon Rustico con possibilit\u00e0 di fare il bagno. A met\u00e0 mattina tempo libero\u00a0\u00a0 per altre visite facoltative come a Petroglifi di Yerba Buenas e alla Valle del Arco Iris (Arcobaleno). Pernottamento a San Pedro di Atacama.<\/td>\n<\/tr>\n<tr class=\"alt\" style=\"height: 24px;\">\n<td style=\"background-color: #ababab; height: 24px;\"><span style=\"color: #000000;\"><span style=\"color: #ff6600;\">\u27a4<\/span>Giorno 5: Calama &#8211; Iquique<\/span><\/td>\n<\/tr>\n<tr class=\"alt\" style=\"height: auto;\">\n<td style=\"height: auto;\">Prima colazione. Trasferimento a Calama in privato o per consegnare la macchina e proseguire in autobus regolare verso Iquique. Il viaggio dura ca. 5 ore. Arrivo e trasferimento in hotel. Cena libera e pernottamento. \u00a0<b>Importante:<\/b>\u00a0per chi avesse pi\u00f9 tempo con altri due giorni a disposizione \u00e8 possibile visitare in un tour privato, partendo da San Pedro di Atacama, il grande Salar de Uyuni gi\u00e0 in Bolivia, passando per la Laguna Verde e Laguna Colorada.<\/td>\n<\/tr>\n<tr class=\"alt\" style=\"height: 24px;\">\n<td style=\"background-color: #ababab; height: 24px;\"><span style=\"color: #000000;\"><span style=\"color: #ff6600;\">\u27a4<\/span>Giorno 6: Parco Nazionale Isluga \u2013 Colchane (3.600 m slm)<\/span><\/td>\n<\/tr>\n<tr class=\"alt\" style=\"height: auto;\">\n<td style=\"height: auto;\">Prima colazione con i cibi tipici aymara. Partenza con trasporto privato con autista guida verso l&#8217;estremo nord del Paese, muniti di snack, pranzo al sacco\u00a0 e acqua minerale. Prima fermata nello splendido Parco Nazionale di Isluga al piedi del vulcano omonimo dove l&#8217;esperienza di vivere il deserto col suo silenzio e solitudine \u00e8 unico. Continuando verso Colchane visita al villaggio di Isluga con la sua chiesetta bianca, di splendida architettura indigena.\u00a0 Arrivo a Colchane. Cena e Pernottamento.<\/td>\n<\/tr>\n<tr class=\"alt\" style=\"height: 24px;\">\n<td style=\"background-color: #ababab; height: 24px;\"><span style=\"color: #000000;\"><span style=\"color: #ff6600;\">\u27a4<\/span>Giorno 7: Terme di Polloquere &#8211; Salar de Surire &#8211; PN Las Vicunas &#8211; Lago Chungara &#8211; Parinacota &#8211; Putre<\/span><\/td>\n<\/tr>\n<tr class=\"alt\" style=\"height: auto;\">\n<td style=\"height: auto;\">Prima colazione. Breve tempo libero nelle Terme de Polloquere. Proseguimento verso il Salar di Surire con le sue terme naturali a 4.200 m d\u2019altitudine e\u00a0 popolati da varie specie di \u201cparinas\u201d e \u00a0fenicotteri rosa e il paesaggio dominato dai vulcani Llilcaya, Arintica e Chiguana.\u00a0 Attraversando la Riserva Nazionale Las Vicu\u00f1as e il piccolo paese di Guallatire, ai piedi dell&#8217;omonimo vulcano arrivo al PN Lauca con lo splendido Lago Chungara,\u00a0 il lago non navigabile pi\u00f9 alto al mondo. Il panorama e le meraviglie della flora e della fauna locale permettono vivere un\u2019esperienza indimenticabile. Proseguendo per pernottare ad Arica, breve visita dei paesini aymara Parinacota e Putre. Arrivo ad Arica verso fine pomeriggio. Pernottamento.<\/td>\n<\/tr>\n<tr class=\"alt\" style=\"height: 24px;\">\n<td style=\"background-color: #ababab; height: 24px;\"><span style=\"color: #000000;\"><span style=\"color: #ff6600;\">\u27a4<\/span>Giorno 8: Arica\u00a0<\/span><\/td>\n<\/tr>\n<tr class=\"alt\" style=\"height: auto;\">\n<td style=\"height: auto;\">Prima colazione. Giornata libera ad Arica, la citt\u00e0 pi\u00f9 settentrionale del Cile <span style=\"font-family: inherit; font-size: inherit;\">a pochi chilometri della frontiera con il Per\u00f9.\u00a0 Arica \u00e8 capoluogo della XV regione del paese Arica-Parinacota famosa per la bellezza del carnevale che \u00e8 un vera festa etnica con gruppi provenienti anche dal vicino Per\u00f9 e Bolivia. Trasferimento in hotel. A met\u00e0 pomeriggio visita libera della citt\u00e0 fondata nel 1541 che possiede un ricco passato coloniale: Plaza Col\u00f3n, la Cattedrale di San Marco con una struttura metallica progettata da Eiffel in cui interno si trova un Cristo del secolo XII, la Casa de la Cultura. Da non perdere la salita sul morro di Arica, collina scenografica di fronte al mare, da dove la veduta \u00e8 splendida. Tempo per visitare il Museo Historico e il Cristo che vi si trova. Per gli amanti del surf \u00e8 bene sapere che non mancano le spiagge famose per le onde magnifiche che offre l\u2019oceano Pacifico. Cena libera. Pernottamento.<\/span><\/td>\n<\/tr>\n<tr class=\"alt\" style=\"height: 24px;\">\n<td style=\"background-color: #ababab; height: 24px;\"><span style=\"color: #000000;\"><span style=\"color: #ff6600;\">\u27a4<\/span>Giorno 9: Arica &#8211; Altre destinazioni<\/span><\/td>\n<\/tr>\n<tr class=\"alt\" style=\"height: auto;\">\n<td style=\"height: auto;\">Prima colazione. Trasferimento all&#8217;aeroporto per proseguire verso altre destinazioni in questa splendida Cile. Eventualmente da Arica \u00e8 possibile abbinare il viaggio &#8211; via terrestre- con il Per\u00f9\u00a0e la Bolivia, vedi proposte nella voce\u00a0<b>Combinati<\/b> nella home del nostro sito.<\/td>\n<\/tr>\n<\/tbody>\n<\/table>\n<p>&nbsp;<\/p>\n","protected":false},"excerpt":{"rendered":"<p>Cile<br \/>\n9 giorni \/ 8 notti<\/p>\n","protected":false},"featured_media":2830,"comment_status":"closed","ping_status":"closed","template":"","meta":{"dwc-title":[""],"dwc-content":["<img class=\"size-full wp-image-2807 aligncenter\" src=\"http:\/\/www.lctouroperator.com\/it\/wp-content\/uploads\/2017\/02\/Chile-02-2010Bv21.jpg\" alt=\"\" width=\"274\" height=\"420\" \/>"]},"product_cat":[14],"product_tag":[],"class_list":{"0":"post-1519","1":"product","2":"type-product","3":"status-publish","4":"has-post-thumbnail","6":"product_cat-chile","8":"first","9":"instock","10":"shipping-taxable","11":"product-type-simple"},"_links":{"self":[{"href":"https:\/\/www.lctouroperator.com\/it\/wp-json\/wp\/v2\/product\/1519"}],"collection":[{"href":"https:\/\/www.lctouroperator.com\/it\/wp-json\/wp\/v2\/product"}],"about":[{"href":"https:\/\/www.lctouroperator.com\/it\/wp-json\/wp\/v2\/types\/product"}],"replies":[{"embeddable":true,"href":"https:\/\/www.lctouroperator.com\/it\/wp-json\/wp\/v2\/comments?post=1519"}],"wp:featuredmedia":[{"embeddable":true,"href":"https:\/\/www.lctouroperator.com\/it\/wp-json\/wp\/v2\/media\/2830"}],"wp:attachment":[{"href":"https:\/\/www.lctouroperator.com\/it\/wp-json\/wp\/v2\/media?parent=1519"}],"wp:term":[{"taxonomy":"product_cat","embeddable":true,"href":"https:\/\/www.lctouroperator.com\/it\/wp-json\/wp\/v2\/product_cat?post=1519"},{"taxonomy":"product_tag","embeddable":true,"href":"https:\/\/www.lctouroperator.com\/it\/wp-json\/wp\/v2\/product_tag?post=1519"}],"curies":[{"name":"wp","href":"https:\/\/api.w.org\/{rel}","templated":true}]}}