{"id":1516,"date":"2017-02-20T15:57:29","date_gmt":"2017-02-20T18:57:29","guid":{"rendered":"http:\/\/www.lctouroperator.com\/it\/prog\/nella-storia-del-peru\/"},"modified":"2021-03-29T10:53:51","modified_gmt":"2021-03-29T13:53:51","slug":"antiche-civilta-e-natura","status":"publish","type":"product","link":"https:\/\/www.lctouroperator.com\/it\/producto\/antiche-civilta-e-natura\/","title":{"rendered":"Antiche civilt\u00e0 e natura"},"content":{"rendered":"<div class=\"row\">\n<h2 align=\"left\">Da crocevia tra antiche popolazione andine il Per\u00f9 \u00e8 diventato centro stabile di grandi civilt\u00e0 che con l\u2019affascinante eredit\u00e0, oggi Patrimonio dell\u2019 Umanit\u00e0, attrae al paese miglia di viaggiatori. In questo itinerario un invito ad una panoramica nord-sud per un\u2019esperienza unica tra storia, cultura e una natura splendida. Possibilit\u00e0 di trascorrere alcuni giorni al mare sulla costa pi\u00f9 bella del Pacifico peruviano.<\/h2>\n<h2 align=\"left\"><span style=\"color: #ff6600;\">Programma<\/span><\/h2>\n<table style=\"height: auto;\">\n<tbody>\n<tr style=\"height: auto;\">\n<td style=\"background-color: #ababab; height: auto;\"><span style=\"color: #000000;\"><span style=\"color: #ff6600;\">\u27a4<\/span>Giorno 1: Cusco<\/span><\/td>\n<\/tr>\n<tr class=\"alt\" style=\"height: auto;\">\n<td style=\"height: auto;\">Arrivo alla citt\u00e0 di Cusco (via Lima). Ricevimento e trasferimento in hotel. Tempo per riposarsi dal viaggio. A seconda dell&#8217;orario d&#8217;arrivo,\u00a0\u00a0passeggiata nei dintorni dell&#8217;hotel o \u00a0walking tour del centro storico: Plaza de Armas, la Cattedrale con le sue meravigliose cappelle, gli altari barocchi e i dipinti della Scuola Cuzque\u00f1a. Per\u00a0 cena si\u00a0\u00a0suggerisce pasto leggero ed evitare le bevande alcoliche. Pernottamento.<\/td>\n<\/tr>\n<tr style=\"height: auto;\">\n<td style=\"background-color: #ababab; height: auto;\"><span style=\"color: #000000;\"><span style=\"color: #ff6600;\">\u27a4<\/span>Giorno 2: Cusco<\/span><\/td>\n<\/tr>\n<tr class=\"alt\" style=\"height: auto;\">\n<td style=\"height: auto;\">Prima colazione. Visita al\u00a0 Tempio di Koricancha o Tempio del Sole, sulle cui rovine oggi si trova la basilica di San Domenico. Visite liberi ai musei che contengo gli oggetti ritrovati in Machu Picchu; al quartiere San Blas dove \u00e8 possibile acquistare i famosi specchi a forma di sole di tutte le misure e al famoso mercato, un mondo di sapori e profumi. Pranzo libero. Al primo pomeriggio\u00a0\u00a0visita guidata ai resti archeologici nei dintorni di Cuzco: la fortezza di Sacsayhuaman, il Bagno Inca di Tambomachay, il Labirinto di Puca-Pucara e l&#8217;Anfiteatro di Kengo. Rientro in albergo. Cena facoltativa con show di danze tipiche. Rientro in hotel. Pernottamento.<\/td>\n<\/tr>\n<tr style=\"height: auto;\">\n<td style=\"background-color: #ababab; height: auto;\"><span style=\"color: #000000;\"><span style=\"color: #ff6600;\">\u27a4<\/span>Giorno 3: Cusco \/ Valle Sacra degli Incas\u00a0(domenica)<\/span><\/td>\n<\/tr>\n<tr class=\"alt\" style=\"height: auto;\">\n<td style=\"height: auto;\">Prima colazione. Partenza in servizio privato per la \u201cValle Sagrada\u201d: ovvero la valle del fiume \u201cUrubamba\u201d e i suoi numerosi affluenti, \u00a0Valle sacra per gli incas, pregiata\u00a0 per la fertilit\u00e0\u00a0 della terra e l\u2019importante produzione agricola: nel cuore delle Andes peruviana questa valle ospita numerose comunit\u00e0 che vivono dell\u2019agricultura, della produzione del sale e del turismo. Visita al famoso mercato di Chincheros: un mondo variopinto di etnie che ogni domenica si raduna per uno scambio di merci tra le comunit\u00e0, alla maniera antica. Visita a Moray antico \u201cvivaio\u201d di riproduzione e innesti di diversi tipi di patate, oggi punto di attrazione per gli esoterici del mondo per \u00a0l\u2019incredibile energia che ancora circola in questi cerchi concentrici. \u00a0Visita a Maras alla famosa produzione del sale colore rosa. Pranzo libero in corso di escursione. Visita al complesso archeologico di Ollantaytambo: unica citt\u00e0 inca ancora abitata.\u00a0 Pernottamento.<\/td>\n<\/tr>\n<tr style=\"height: auto;\">\n<td style=\"background-color: #ababab; height: auto;\"><span style=\"color: #000000;\"><span style=\"color: #ff6600;\">\u27a4<\/span>Giorno 4: Machu Picchu<\/span><\/td>\n<\/tr>\n<tr class=\"alt\" style=\"height: auto;\">\n<td style=\"height: auto;\">Prima colazione. Trasferimento alla stazione ferroviaria\u00a0di Ollantaytambo: viaggio\u00a0in treno\u00a0attraverso impressionanti paesaggi della Valle di Urubamba, seguito da altri 30 minuti in pullman turistico fino a raggiungere l\u2019incredibile\u00a0 \u201c<em>Ciudad Perdida de Los Incas<\/em>\u201d: Machu Picchu. Visita guidata dei settori pi\u00f9 importanti della cittadella: il Mirador, la Piazza principale e il Tempio De las Tres Ventanas. Rientro in pullman turistico. Pranzo libero a Aguas Calientes. Rientro a Cusco in serata. Pernottamento.<\/td>\n<\/tr>\n<tr class=\"alt\" style=\"height: auto;\">\n<td style=\"background-color: #ababab; height: auto;\"><span style=\"color: #000000;\"><span style=\"color: #ff6600;\">\u27a4<\/span>Giorno 5: Cusco\u00a0&#8211; Andahuaylillas &#8211; Lima<\/span><\/td>\n<\/tr>\n<tr class=\"alt\" style=\"height: auto;\">\n<td style=\"height: auto;\">Prima colazione. Mattinata \u00a0libera a Cusco o tour a Andahuaylillas per visitare la chiesa di San Pedro chiamata anche \u00abla sistina d&#8217;America\u00bb per gli affreschi ritrovati nella chiesetta costruita\u00a0 nel 1610. \u00a0Al rientro trasferimento all\u2019aeroporto per iniziare viaggio verso Lima. Arrivo e trasferimeto in hotel.\u00a0 In serata visita libera al parco delle acque. Pernottamento.<\/td>\n<\/tr>\n<tr class=\"alt\" style=\"height: auto;\">\n<td style=\"background-color: #ababab; height: auto;\"><span style=\"color: #000000;\"><span style=\"color: #000000;\"><span style=\"color: #ff6600;\">\u27a4<\/span>Giorno 6: <\/span>Lima &#8211; Huaraz (402 km. viaggio notturno in bus o volo da prenotare in anticipo)<\/span><\/td>\n<\/tr>\n<tr class=\"alt\" style=\"height: auto;\">\n<td style=\"height: auto;\">Prima colazione. Visita guidata per conoscere i luoghi di maggiore interesse della citt\u00e0: la cattedrale, la Plaza Mayor, il Palazzo di Governo, l\u2019Arcivescovado e il Palazzo de Torre Tagle. Si proseguir\u00e0 con una visita delle zone residenziali di Lima: San Isidro con il suo Olivar, il campo da golf e la Huaca Huallamarca; Miraflores con il suo Parco Centrale (il \u201cParco dell\u2019Amore\u201d) e le spiagge circostanti. Visita guidata del museo Larco Herrera, in cui si trova una collezione d\u2019arte peruviano precolombiano che comprende circa 45.000 pezzi d\u2019oro e d\u2019argento, ceramiche, articoli tessili, di pietra e di legno, ed esemplari unici in ogni materiale. Questo museo \u00e8 famoso, inoltre, per la sua collezione di ceramiche erotiche. Pranzo buffet in un ristorante affacciato sull\u2019Oceano Pacifico. Nel pomeriggio, trasferimento alla stazione dei pullman e, alle 22, partenza con bus Cruz del Sur per Huaraz. Cena snack e pernottamento a bordo (7 ore di viaggio circa)<\/td>\n<\/tr>\n<tr class=\"alt\" style=\"height: auto;\">\n<td style=\"background-color: #ababab; height: auto;\"><span style=\"color: #000000;\"><span style=\"color: #ff6600;\">\u27a4<\/span>Giorno 7: Huaraz<\/span><\/td>\n<\/tr>\n<tr class=\"alt\" style=\"height: auto;\">\n<td style=\"height: auto;\">Arrivo alla stazione dei pullman alle ore 06. Trasferimento in hotel e prima colazione. Intera giornata di escursione che inizier\u00e0 alle 8 con la visita alle Rovine di Chavin de Huantar, centro cerimoniale dai resti archeologici millenari e culla della civilt\u00e0 andina, che risale a pi\u00f9 di 3.000 anni fa ed \u00e8 oggi Patrimonio Culturale dell\u2019Umanit\u00e0. Per strada, si visiter\u00e0 la Laguna di Querococha e paesi come Tambillos e Machac. Visita guidata di Chavin de Huantar e del suo tempio in cui si potr\u00e1 osservare le Cabezas clavas, il Lanz\u00f3n, la Piazza Quadrata o del Sole, la Piazza Circolare o della Luna e le numerose gallerie. Pranzo. Rientro a Huaraz e sistemazione in albergo.<\/td>\n<\/tr>\n<tr class=\"alt\" style=\"height: auto;\">\n<td style=\"background-color: #ababab; height: auto;\"><span style=\"color: #000000;\"><span style=\"color: #ff6600;\">\u27a4<\/span>Giorno 8: Huaraz \/ Trujillo<\/span><\/td>\n<\/tr>\n<tr class=\"alt\" style=\"height: auto;\">\n<td style=\"height: auto;\">Prima colazione. partenza alle ore 9 per l\u2019escursione al paradisiaco Callej\u00f3n de Huaylas, con i suoi tipici paesini: Carhuaz, Caraz, Paltay, Marcara, Ranrahirca, Yungay e la bellissima Laguna de Llanganuco (3.850 m s.l.m.). Nelle sue acque turchesi si riflette la maestosit\u00e0 del Huascar\u00e1n, circondato dalla flora tropicale silvestre pi\u00f9 alta del mondo, e del Huandoy. Dopo il pranzo, visita al centro dell\u2019artigianato di Tarica. Intorno alle 18, rientro alla localit\u00e0 di Huaraz e trasferimento alla stazione dei pullman. Alle 21.30 partenza per Trujillo. Cena snack e pernottamento a bordo (9 ore di viaggio.<\/td>\n<\/tr>\n<tr class=\"alt\" style=\"height: auto;\">\n<td style=\"background-color: #ababab; height: auto;\"><span style=\"color: #000000;\"><span style=\"color: #ff6600;\">\u27a4<\/span>Giorno 9: Trujillo \/ Chan Chan<\/span><\/td>\n<\/tr>\n<tr class=\"alt\" style=\"height: auto;\">\n<td style=\"height: auto;\">Arrivo a Trujillo alle ore 6. Trasferimento in hotel e prima colazione. Interna giornata di escursione. Alle 9.30, visita guidata alla cittadina di Chan Chan, situata a 10 minuti da Trujillo. Si tratta della citt\u00e0 in terra cruda (\u201cadobe\u201d, argilla) pi\u00f9 grande del mondo, che si estendendo per circa 18 km quadrati. Qui sorge il Palazzo Tschudi, che dei nove dell\u2019area urbana \u00e8 quello che vanta il migliore stato di conservazione. Durante la visita si potranno osservare le piazze cerimoniali e sacre; il Tempio del Sole, monumentale costruzione alta 45 m, edificata con una quantit\u00e0 di mattoni compresa tra i 50 e i 70 milioni. Di fronte alla base del monte Cerro Blanco troviamo il Tempio de la Luna, famoso tempio Mochica, con le sue sei piattaforme cerimoniali, noto per la recente scoperta di frammenti di pareti con bassorilievi policromi rappresentanti figure mitologiche. Si proseguir\u00e0 poi fino a Huanchaco, antico borgo di pescatori in cui esistono ancora oggi le tradizionali imbarcazioni artigianali chiamate Caballitos de Totora, usate dai Mochicas. Pranzo libero. Rientro in albergo.<\/td>\n<\/tr>\n<tr class=\"alt\" style=\"height: auto;\">\n<td style=\"background-color: #ababab; height: auto;\"><span style=\"color: #000000;\"><span style=\"color: #ff6600;\">\u27a4<\/span>Giorno 10: Trujillo \/ Chiclayo<\/span><\/td>\n<\/tr>\n<tr class=\"alt\" style=\"height: auto;\">\n<td style=\"height: auto;\">Prima colazione. Trasferimento alla stazione dei pullman per partenza per la citt\u00e0 di Chiclayo (3 ore di viaggio). Arrivo a destinazione e trasferimento in albergo. In mattinata, escursione a Huaca Rajada, a 33 km a sud-ovest di Chiclayo e a 2 km dal paesino di Sip\u00e1n. Huaca Rajada \u00e8 il luogo in cui venne scoperta la Tomba del Signore di Sip\u00e1n, un\u2019autorit\u00e0 appartenente all\u2019elite della cultura Moche (200 \u2013 700 d.C.). Per lo sfarzo dei suoi ornamenti d\u2019oro, d\u2019argento, di rame e pietre preziose \u00e8 considerato il ritrovamento archeologico pi\u00f9 importante del secolo. Dopo il pranzo libero, rientro a Chiclayo. Trasferimento in albergo.<\/td>\n<\/tr>\n<tr class=\"alt\" style=\"height: auto;\">\n<td style=\"background-color: #ababab; height: auto;\"><span style=\"color: #000000;\"><span style=\"color: #ff6600;\">\u27a4<\/span>Giorno 11: Chiclayo &#8211; Lima<\/span><\/td>\n<\/tr>\n<tr class=\"alt\" style=\"height: auto;\">\n<td style=\"height: auto;\">Prima colazione. Visita guidata alle Piramidi di T\u00facume, nella costa nord del Per\u00f9, a 40 minuti da Chiclayo. Questo spettacolare complesso, circondato da coltivazioni tradizionali ed antichissime, \u00e8 caratterizzato da alte piattaforme costruite intorno alla montagna sacra che suscitano mistero e magia e sulle quali poggiano case e luoghi di culto. Si proseguir\u00e0 fino a Lambayeque, dove si visiter\u00e0 il Museo Tumbas Reales per scoprire lo stile di vita dei Mochicas. Qui si trovano anche i reperti del Cimitero Reale di Sip\u00e1n: la Tomba del Sacerdote; la Tomba dell\u2019Antico Signore di Sip\u00e1n e del suo seguito, con i suoi eccezionali manufatti d\u2019oro. Pranzo libero e rientro in albergo. Trasferimento all&#8217;aeroporto per volo diretto a Lima. Ricevimento in aeroporto e trasferimento in hotel.<\/td>\n<\/tr>\n<tr class=\"alt\" style=\"height: auto;\">\n<td style=\"background-color: #ababab; height: auto;\"><span style=\"color: #000000;\"><span style=\"color: #ff6600;\">\u27a4<\/span>Giorno 12: <span lang=\"IT\">Chiclayo &#8211; Rientro a Lima o giorni liberi al mare<\/span><\/span><\/td>\n<\/tr>\n<tr class=\"alt\" style=\"height: auto;\">\n<td style=\"height: auto;\">Prima colazione. Rientro a Lima per iniziare il viaggio di rientro in Italia o trasferimento a Piura, dove ci si potr\u00e0 rilassare sulle belle spiagge affacciate sull&#8217;oceano Pacifico.<\/td>\n<\/tr>\n<\/tbody>\n<\/table>\n<\/div>\n<p><!--:--><\/p>\n","protected":false},"excerpt":{"rendered":"<p>Per\u00fa<br \/>\n12 giorni \/ 11 notti<\/p>\n","protected":false},"featured_media":2704,"comment_status":"closed","ping_status":"closed","template":"","meta":{"dwc-title":[""],"dwc-content":["<img class=\"alignnone size-full wp-image-2692\" src=\"http:\/\/www.lctouroperator.com\/it\/wp-content\/uploads\/2017\/02\/ANTICHE-CIVITA-E-CULTURA.jpg\" alt=\"\" width=\"274\" height=\"420\" \/>"]},"product_cat":[32],"product_tag":[],"class_list":{"0":"post-1516","1":"product","2":"type-product","3":"status-publish","4":"has-post-thumbnail","6":"product_cat-peru","8":"first","9":"instock","10":"shipping-taxable","11":"product-type-simple"},"_links":{"self":[{"href":"https:\/\/www.lctouroperator.com\/it\/wp-json\/wp\/v2\/product\/1516"}],"collection":[{"href":"https:\/\/www.lctouroperator.com\/it\/wp-json\/wp\/v2\/product"}],"about":[{"href":"https:\/\/www.lctouroperator.com\/it\/wp-json\/wp\/v2\/types\/product"}],"replies":[{"embeddable":true,"href":"https:\/\/www.lctouroperator.com\/it\/wp-json\/wp\/v2\/comments?post=1516"}],"wp:featuredmedia":[{"embeddable":true,"href":"https:\/\/www.lctouroperator.com\/it\/wp-json\/wp\/v2\/media\/2704"}],"wp:attachment":[{"href":"https:\/\/www.lctouroperator.com\/it\/wp-json\/wp\/v2\/media?parent=1516"}],"wp:term":[{"taxonomy":"product_cat","embeddable":true,"href":"https:\/\/www.lctouroperator.com\/it\/wp-json\/wp\/v2\/product_cat?post=1516"},{"taxonomy":"product_tag","embeddable":true,"href":"https:\/\/www.lctouroperator.com\/it\/wp-json\/wp\/v2\/product_tag?post=1516"}],"curies":[{"name":"wp","href":"https:\/\/api.w.org\/{rel}","templated":true}]}}