{"id":1515,"date":"2017-02-20T15:37:57","date_gmt":"2017-02-20T18:37:57","guid":{"rendered":"http:\/\/www.lctouroperator.com\/it\/prog\/peru-classico\/"},"modified":"2021-03-29T11:29:30","modified_gmt":"2021-03-29T14:29:30","slug":"cammino-del-inca","status":"publish","type":"product","link":"https:\/\/www.lctouroperator.com\/it\/producto\/cammino-del-inca\/","title":{"rendered":"Camino del Inca: Trekking del Salkantay"},"content":{"rendered":"<h3><span style=\"color: #000000;\"><strong>Una proposta per un\u2019esperienza unica: per gli amanti di trekking in montagna con difficolt\u00e0 media-alta un viaggio da non perdere partendo da Cusco fino Machu Picchu, la cittadella dell\u2019Impero Inca costruita di fronte al \u201cAras\u201d Salkantay \u00a0ma il cui scopo \u00e8 ancora un mistero per gli archeologi. L\u2019esperienza continua percorrendo la Valle Sacra fino a Lima per alcuni giorni di relax, scoprendo l\u2019incredibile cucina peruviana, un mondo di sapori e profumi.<\/strong><\/span><\/h3>\n<h3>Programma<\/h3>\n<table style=\"height: auto;\">\n<tbody>\n<tr style=\"height: auto;\">\n<td style=\"background-color: #ababab; height: auto;\"><span style=\"color: #000000;\"><span style=\"color: #ff6600;\">\u27a4<\/span>Giorno 1: Cusco<\/span><\/td>\n<\/tr>\n<tr class=\"alt\" style=\"height: auto;\">\n<td style=\"height: auto;\">Arrivo alla citt\u00e0 di Cusco (via Lima). Ricevimento e trasferimento in hotel. Tempo per riposarsi dal viaggio. A seconda dell&#8217;orario d&#8217;arrivo,\u00a0\u00a0passeggiata nei dintorni dell\u00b4hotel o \u00a0walking tour del centro storico: Plaza de Armas, la Cattedrale con le sue meravigliose cappelle, gli altari barocchi e i dipinti della Scuola Cuzque\u00f1a. Per\u00a0 cena si \u00a0suggerisce pasto leggero ed evitare le bevande alcoliche. Pernottamento.<\/td>\n<\/tr>\n<tr style=\"height: auto;\">\n<td style=\"background-color: #ababab; height: auto;\"><span style=\"color: #000000;\"><span style=\"color: #ff6600;\">\u27a4<\/span>Giorno 2: Cusco<\/span><\/td>\n<\/tr>\n<tr class=\"alt\" style=\"height: auto;\">\n<td style=\"height: auto;\">Prima colazione.Visita al\u00a0 Tempio di Korikancha o Tempio del Sole, sulle cui rovine oggi si trova la basilica di San Domenico. Visite libere ai musei che contengo gli oggetti ritrovati in Machu Picchu; al quartiere San Blas dove \u00e8 possibile acquistare i famosi specchi a forma di sole di tutte le misure e al famoso mercato, un mondo di sapori e profumi. Pranzo libero. Al primo pomeriggio \u00a0visita guidata ai resti archeologici nei dintorni di Cuzco: la fortezza di Sacsayhuaman, il Bagno Inca di Tambomachay, il Labirinto di Puca-Pucara e l\u2019Anfiteatro di Kengo. Rientro in albergo. Cena facoltativa con show di danze tipiche. Pernottamento.<\/td>\n<\/tr>\n<tr style=\"height: auto;\">\n<td style=\"background-color: #ababab; height: auto;\"><span style=\"color: #000000;\"><span style=\"color: #ff6600;\">\u27a4<\/span>Giorno 3: Cusco\u00a0&#8211;\u00a0Mollepata \u2013\u00a0Soraypampa (inizio trekking di 5 gg 4 notti)<\/span><\/td>\n<\/tr>\n<tr class=\"alt\" style=\"height: auto;\">\n<td style=\"height: auto;\">Partenza da Cusco passando por le\u00a0 localit\u00e0 di Izcuchaca,\u00a0 Limatambo. Arrivo a Mollepata alle ore 9 circa, tempo per la colazione. Inizio della camminata dopo una buona colazione e sistemazione delle attrezzature. Dopo circa 3 ore di trekking \u00e8 previsto l\u2019arrivo a Silca Cancha per il pranzo. L\u2019arrivo al primo campo per passare la notte \u00e8 previsto a Soraypampa ad ancora tre ore di camminata da Silca Cancha. Cena e pernottamento nel campo tendato.<\/td>\n<\/tr>\n<tr style=\"height: auto;\">\n<td style=\"background-color: #ababab; height: auto;\"><span style=\"color: #000000;\"><span style=\"color: #ff6600;\">\u27a4<\/span>Giorno 4: Salkantay \u2013 Umantay \u2013 Collpabamba<\/span><\/td>\n<\/tr>\n<tr class=\"alt\" style=\"height: 168px;\">\n<td style=\"height: auto;\">Prima colazione alle ore 6. Sistemazione per intraprendere la giornata pi\u00f9 sfidante e anche pi\u00f9 bella del percorso: intera giornata di camminata raggiungendo quota 4.500 attraverso Pampa Salkantay di cui prende nome l\u2019intero trekking, ca. 4 ore di camminata fino al a raggiungere la vetta pi\u00f9 alta del percorso: Passo Sarkantay e Umantay da dove la vista\u00a0 del Nevado Salkantay \u00e8 magnifica. Da qui un\u2019ora di discesa fino a Ichupata per il pranzo mentre si osservano specie di volpi e vizcayas. \u00a0Continuazione della\u00a0 camminata per ancora ca. 3 ore fino a raggiungere il campo tendato di Challhuay o Colpabamba passando per le comunit\u00e0 di Huayrac e Arrayanniyuc. Cena e pernottamento.<\/td>\n<\/tr>\n<tr class=\"alt\" style=\"height: auto;\">\n<td style=\"background-color: #ababab; height: auto;\"><span style=\"color: #000000;\"><span style=\"color: #ff6600;\">\u27a4<\/span>Giorno 5: Rio Salkantay \u2013 Playa Sahuayaco<\/span><\/td>\n<\/tr>\n<tr class=\"alt\" style=\"height: auto;\">\n<td style=\"height: auto;\">Prima colazione e partenza alle ore 7.00 per una giornata meravigliosa per la possibilit\u00e0 di osservare una grande quantit\u00e0 di fauna e flora lungo la camminata a partire da Challhuay percorrendo \u00a0il bordo della giungla. \u00a0La strada ormai in discesa permette osservare l\u2019incontro delle acque del fiume Totora e Salkantay, affluenti del famoso fiume Urubamba\u00a0 che irriga la Valle Sacra degli Incas. Sar\u00e0 possibile inoltre ammirare delle nascenti di acque termali e magnifiche cascate. Arrivo alla localit\u00e0 di Wi\u00f1ay Poko ca. le ore 13 per il pranzo. A continuazione proseguimento della camminata per ancora ca. 4 ore in discesa fino ad arrivare al campo tendato La Playa Sahuayaco per passare la notte. Cena e pernottamento.<\/td>\n<\/tr>\n<tr class=\"alt\" style=\"height: auto;\">\n<td style=\"background-color: #ababab; height: auto;\"><span style=\"color: #000000;\"><span style=\"color: #ff6600;\">\u27a4<\/span>Giorno 6: Santa Teresa \u2013 Puente Oroya \u2013 Hidroelectrica \u2013 Aguas Calientes<\/span><\/td>\n<\/tr>\n<tr class=\"alt\" style=\"height: auto;\">\n<td style=\"height: auto;\">Prima colazione e partenza prevista alle ore 7.30 per una giornata che prevede la notte in albergo a Aguas Calientes, punto di partenza per la visita al sito archeologico di Machu Picchu. \u00a0Camminata di circa 2 ore e mezza costeggiando zone di una grande variet\u00e0 di alberi da frutto come l\u2019avocado, le arance, la melograni e ancora grandi\u00a0 piantagioni di banane, caff\u00e8 e piante di coca , quest\u2019ultimo sacre per gli inca. Una volta arrivati nella frazione di Santa Teresa s\u2019inizia la camminata lungo il fiume Vilcanota dove \u00e8 previsto la traversata in \u00a0Oroyas, un sistema inca che carica di emozione in quanto \u00e8 una traversata con tecnica tipo \u00a0filobus ma in grande ceste. E\u2019 previsto comunque la costruzione di un ponte tradizionale. Dopo circa altra ora di camminata arrivo al luogo chiamato La Hidroelectrica \u00a0dove \u00e8 previsto il pranzo. Proseguimento in treno fino a Aguas Calientes. Arrivo in hotel. Tempo per riposarsi. Cena e pernottamento.<\/td>\n<\/tr>\n<tr class=\"alt\" style=\"height: auto;\">\n<td style=\"background-color: #ababab; height: auto;\"><span style=\"color: #000000;\"><span style=\"color: #ff6600;\">\u27a4<\/span>Giorno 7: Machu Picchu<\/span><\/td>\n<\/tr>\n<tr class=\"alt\" style=\"height: auto;\">\n<td style=\"height: auto;\">Prima colazione. Giornata per la visita al sito archeologico di Machu Picchu. Partenza per una camminata di ca. un ora e 45 minuti. All\u2019arrivo visita guidata e tempo libero per gli scatti fotografici. In orario da indicare rientro in treno a Aguas Calientes per iniziare il viaggio di rientro a Cusco in treno. Pernottamento.<\/td>\n<\/tr>\n<tr class=\"alt\" style=\"height: auto;\">\n<td style=\"background-color: #ababab; height: auto;\"><span style=\"color: #000000;\"><span style=\"color: #ff6600;\">\u27a4<\/span>Giorno 8: Ollantaytambo &#8211;\u00a0Valle Sacra (Valle di Urubamba)<\/span><\/td>\n<\/tr>\n<tr class=\"alt\" style=\"height: auto;\">\n<td style=\"height: auto;\">Prima colazione. Partenza in servizio privato per la \u201cValle Sagrada\u201d: ovvero la valle del fiume \u201cUrubamba\u201d e i suoi numerosi affluenti, \u00a0Valle sacra per gli incas, pregiata\u00a0 per la fertilit\u00e0\u00a0 della terra e l\u2019importante produzione agricola: nel cuore delle Andes peruviana questa valle ospita numerose comunit\u00e0 che vivono dell\u2019agricultura, della produzione del sale e del turismo. Visita al complesso archeologico di Ollantaytambo: unica citt\u00e0 inca ancora abitata. Visita al famoso mercato di Chincheros: un mondo variopinto di etnie che ogni domenica si raduna per uno scambio di merci tra le comunit\u00e0, alla maniera antica. Visita a Moray antico \u201cvivaio\u201d di riproduzione e innesti di diversi tipi di patate, oggi punto di attrazione per gli esoterici del mondo per \u00a0l\u2019incredibile energia che ancora circola in questi cerchi concentrici. \u00a0Visita a Maras alla famosa produzione del sale colore rosa. Pranzo libero in corso di escursione. Continuazione de viaggio con pernottamento a Cusco.<\/td>\n<\/tr>\n<tr class=\"alt\" style=\"height: auto;\">\n<td style=\"background-color: #ababab; height: auto;\"><span style=\"color: #000000;\"><span style=\"color: #ff6600;\">\u27a4<\/span>Giorno 9: Cusco \u2013 Lima<\/span><\/td>\n<\/tr>\n<tr class=\"alt\" style=\"height: auto;\">\n<td style=\"height: auto;\">Prima colazione. Mattinata libera a Cusco per ultime visite o semplicemente momenti di relax . Al pomeriggio trasferimento all&#8217;aeroporto per continuare viaggio verso Lima. Arrivo e sistemazione in hotel. Tempo e cena libera in qualche ristorante gourmet. Pernottamento.<\/td>\n<\/tr>\n<\/tbody>\n<\/table>\n<table>\n<tbody>\n<tr class=\"alt\">\n<td style=\"background-color: #ababab;\"><span style=\"color: #000000;\"><span style=\"color: #ff6600;\">\u27a4<\/span>Giorno 10: Lima<\/span><\/td>\n<\/tr>\n<tr class=\"alt\">\n<td>Prima colazione. \u00a0Visita guidata per i luoghi di maggiore interesse della citt\u00e0: la cattedrale, la Plaza Mayor, il Palazzo di Governo, l\u2019Arcivescovado e il Palazzo de Torre Tagle. Si proseguir\u00e0 con una visita delle zone residenziali di Lima: San Isidro con il suo Olivar, il campo da golf e la Huaca Huallamarca; Miraflores con il suo Parco Centrale (il \u201cParco dell\u2019Amore\u201d) e le spiagge circostanti. Pranzo libero in uno dei \u00a0famosi ristoranti tipici nella zona chiamata \u201cbarrancos de Lima\u201d. Al pomeriggio visita facoltativa del \u00a0museo Larco Herrera, in cui si trova una collezione d\u2019arte peruviano precolombiano che comprende circa 45.000 pezzi d\u2019oro e d\u2019argento, ceramiche, articoli tessili, di pietra e di legno, ed esemplari unici in ogni materiale. Questo museo \u00e8 famoso, inoltre, per la sua collezione di ceramiche erotiche. Tempo libero. Rientro in hotel. Pernottamento.<\/td>\n<\/tr>\n<\/tbody>\n<\/table>\n<table>\n<tbody>\n<tr class=\"alt\" style=\"height: auto;\">\n<td style=\"background-color: #ababab; height: auto;\"><span style=\"color: #000000;\"><span style=\"color: #ff6600;\">\u27a4<\/span>Giorno 11: Lima (rientro in Italia)<\/span><\/td>\n<\/tr>\n<tr class=\"alt\" style=\"height: auto;\">\n<td style=\"height: auto;\">Prima colazione. In orario a seconda del volo internazionale trasferimento all&#8217;aeroporto per iniziare il viaggio di rientro in Italia. Arrivo il giorno 12.<\/td>\n<\/tr>\n<\/tbody>\n<\/table>\n<p>&nbsp;<\/p>\n","protected":false},"excerpt":{"rendered":"<p>Per\u00fa<br \/>\n11 giorni \/ 10 notti<\/p>\n","protected":false},"featured_media":2698,"comment_status":"closed","ping_status":"closed","template":"","meta":{"dwc-title":[""],"dwc-content":["<img class=\"alignnone size-full wp-image-2700\" src=\"http:\/\/www.lctouroperator.com\/it\/wp-content\/uploads\/2017\/02\/trekking-Salkantay.jpg\" alt=\"\" width=\"274\" height=\"420\" \/>"]},"product_cat":[32],"product_tag":[],"class_list":{"0":"post-1515","1":"product","2":"type-product","3":"status-publish","4":"has-post-thumbnail","6":"product_cat-peru","8":"first","9":"instock","10":"shipping-taxable","11":"product-type-simple"},"_links":{"self":[{"href":"https:\/\/www.lctouroperator.com\/it\/wp-json\/wp\/v2\/product\/1515"}],"collection":[{"href":"https:\/\/www.lctouroperator.com\/it\/wp-json\/wp\/v2\/product"}],"about":[{"href":"https:\/\/www.lctouroperator.com\/it\/wp-json\/wp\/v2\/types\/product"}],"replies":[{"embeddable":true,"href":"https:\/\/www.lctouroperator.com\/it\/wp-json\/wp\/v2\/comments?post=1515"}],"wp:featuredmedia":[{"embeddable":true,"href":"https:\/\/www.lctouroperator.com\/it\/wp-json\/wp\/v2\/media\/2698"}],"wp:attachment":[{"href":"https:\/\/www.lctouroperator.com\/it\/wp-json\/wp\/v2\/media?parent=1515"}],"wp:term":[{"taxonomy":"product_cat","embeddable":true,"href":"https:\/\/www.lctouroperator.com\/it\/wp-json\/wp\/v2\/product_cat?post=1515"},{"taxonomy":"product_tag","embeddable":true,"href":"https:\/\/www.lctouroperator.com\/it\/wp-json\/wp\/v2\/product_tag?post=1515"}],"curies":[{"name":"wp","href":"https:\/\/api.w.org\/{rel}","templated":true}]}}