{"id":1511,"date":"2017-02-18T10:47:12","date_gmt":"2017-02-18T13:47:12","guid":{"rendered":"http:\/\/www.lctouroperator.com\/it\/prog\/programma-di-turismo-religioso\/"},"modified":"2020-09-15T03:42:29","modified_gmt":"2020-09-15T06:42:29","slug":"programma-di-turismo-religioso","status":"publish","type":"product","link":"https:\/\/www.lctouroperator.com\/it\/producto\/programma-di-turismo-religioso\/","title":{"rendered":"Messico da Scoprire"},"content":{"rendered":"<p><!--:es--><\/p>\n<div class=\"row\">\n<h2 align=\"left\">Un Messico davvero tutto da scoprire: incantevoli citt\u00e0 coloniali con un itinerario che ripercorre la storia del Messico lontana dall&#8217;influenza maya, ricchezze racchiuse in opere d\u2019arte, artigianato, cucina, musica e squisite bevande come la tequila. Alla scoperta di un popolo la cui spiritualit\u00e0 \u00e8 pervasa dalla religiosit\u00e0 popolare che convive indisturbata con la cultura delle numerose etnie locali.<\/h2>\n<h2 align=\"left\">Programma<\/h2>\n<table>\n<tbody>\n<tr>\n<td style=\"background-color: #ababab;\"><span style=\"color: #000000;\"><span style=\"color: #ff6600;\">\u27a4<\/span>Giorno 1: Citt\u00e0 del Messico<\/span><\/td>\n<\/tr>\n<tr class=\"alt\">\n<td>Arrivo all&#8217;aeroporto internazionale. Assistenza e trasferimento in hotel. Tempo libero. Sistemazione.<\/td>\n<\/tr>\n<tr>\n<td style=\"background-color: #ababab;\"><span style=\"color: #000000;\"><span style=\"color: #ff6600;\">\u27a4<\/span>Giorno 2:\u00a0Visita alla citt\u00e0 e museo<br \/>\n<\/span><\/td>\n<\/tr>\n<tr class=\"alt\">\n<td>Prima colazione. In mattinata, visita della citt\u00e0 cominciando dal centro storico, Z\u00f2calo, Cattedrale, Palacio Nacional, i Murales di Diego Rivera, Paseo de la Reforma e Chapultepec, fino ad arrivare al Museo Nazionale di Antropologia, uno dei pi\u00f9 importanti al mondo, per una breve visita. Si potr\u00e0 rimanere nel museo o essere trasferiti in hotel. Pomeriggio libero. Successivamente, escursione ai canali di Xochimilco. Sistemazione.<\/td>\n<\/tr>\n<tr>\n<td style=\"background-color: #ababab;\"><span style=\"color: #000000;\"><span style=\"color: #ff6600;\">\u27a4<\/span>Giorno 3: Basilica di Guadalupe \/ Piramidi di Teotihuac\u00e1n \/ Puebla<\/span><\/td>\n<\/tr>\n<tr class=\"alt\">\n<td>Prima colazione. Visita alla Basilica di Guadalupe, il santuario mariano pi\u00f9 visitato al mondo. Nel 1531 avvengono varie apparizioni della Madonna all\u2019indigena Juan Diego (Cuauhtlatoatzin) e l&#8217;anno successivo viene eretto il primo santuario. Avverranno in seguito una serie di miracoli nei quali la Madonna agir\u00e0 per salvare il popolo da malattie e inondazioni. Nel 1666 la Chiesa realizza una ricerca per dare l\u2019autorizzazione alla tradizione guadalupana che ha come centro la devozione al dipinto della Vergine apparso miracolosamente sulla veste dell\u2019indigena, il cui disegno e colori contengono tecniche inesistenti all\u2019epoca. Si prosegue verso Teotihuac\u00e1n, \u201cdove gli uomini diventano dei\u201d. Si visiter\u00e0 il Tempio di Quetzalc\u00f3atl, la Calzada de los muertos, la Piramide del Sole, quella della Luna e il Tempio del Quetzal-Papalotl. Visita ad un laboratorio artigianale di ossidiana e altre pietre semi-preziose con le quali si producevano gioielli e decorazioni preispaniche. Mostra delle piante del maguey, agave tequilero e henequ\u00e9n. Proseguimento verso Puebla. Arrivo e sistemazione in hotel.<\/td>\n<\/tr>\n<tr>\n<td style=\"background-color: #ababab;\"><span style=\"color: #000000;\"><span style=\"color: #ff6600;\">\u27a4<\/span>Giorno 4: Puebla<\/span><\/td>\n<\/tr>\n<tr class=\"alt\">\n<td>Prima colazione.Visita a Puebla de los \u00c1ngeles, citt\u00e0 Patrimonio Mondiale, fondata nel 1531: la chiesa di Santo Domingo de Guzm\u00e1n con la cappella del Rosario, che per molti \u00e8 un capolavoro del barocco messicano, con una decorazione che da origine al detto locale: \u201ctutto ci\u00f2 che brilla \u00e8 oro\u201d. Possiede dettagli magistrali, come grandi tele, scudi domenicani, e riproduzioni di cherubini; decorazioni in gesso in cupole e tabernacoli della Madonna del Rosario. La luce che penetra attraverso le finestre della cupola illumina con i suoi riflessi le rifiniture in oro delle foglie. Pranzo. Visita alla cattedrale, una tra le pi\u00f9 belle d&#8217;America. Puebla \u00e8 famosa per il suo centro storico, la Talavera il dipinto in ceramica e la sua squisita gastronomia. Tempo libero. Pernottamento.<\/td>\n<\/tr>\n<tr class=\"alt\">\n<td style=\"background-color: #ababab;\"><span style=\"color: #000000;\"><span style=\"color: #ff6600;\">\u27a4<\/span>Giorno 5: Puebla \/ Queretaro \/ San Miguel de Allende<\/span><\/td>\n<\/tr>\n<tr class=\"alt\">\n<td>Prima colazione. Visita alla chiesa del Vicer\u00e9 di San Francesco d&#8217;Assisi, dove giace il corpo del Beato Sebasti\u00e1n de Aparicio, evangelizzatore e gran benefattore degli abitanti della zona. Si prosegue verso San Miguel de Allende visitando nel percorso Queretaro, citt\u00e0 Patrimonio Mondiale, dove si visiter\u00e0 l\u2019acquedotto, il centro storico e l&#8217;ex Convento della Croce, tra i primi luoghi di divulgazione della fede cattolica. Qui cresce un albero con delle spine a forma di croce. Pranzo libero in corso del viaggio. Pernottamento a San Miguel de Allende. Tempo libero.<\/td>\n<\/tr>\n<tr class=\"alt\">\n<td style=\"background-color: #ababab;\"><span style=\"color: #000000;\"><span style=\"color: #ff6600;\">\u27a4<\/span>Giorno 6: San Miguel de Allende<br \/>\n<\/span><\/td>\n<\/tr>\n<tr class=\"alt\">\n<td>Prima colazione. Visita a\u00a0 questa dolce citt\u00e0 dove ha vissuto il comico Cantinflas e luogo di residenza di artisti e intellettuali. In primo piano, come punti d\u2019interesse, la parrocchia di San Michele Arcangelo, la chiesa della Santa Casa, il Convento della Concezione, la chiesa di San Francisco e la Casa e Istituto Allende. Conta con un&#8217;ampia variet\u00e0 di bar e ristoranti. Pernottamento a Guanajuato. Serata libera nella piazza principale di Guanajuato. Pernottamento.<\/td>\n<\/tr>\n<tr class=\"alt\">\n<td style=\"background-color: #ababab;\"><span style=\"color: #000000;\"><span style=\"color: #ff6600;\">\u27a4<\/span>Giorno 7: Guanajuato<\/span><\/td>\n<\/tr>\n<tr class=\"alt\">\n<td>Prima colazione. Visita alla citt\u00e0 Patrimonio Mondiale, sede annuale del Festival Internazionale Cervantino e ricca di vicoli e piazze, che offre luoghi interessanti come l&#8217;universit\u00e0, il Teatro Ju\u00e1rez, il Vicolo del Bacio, la casa-museo del muralista Diego Rivera, marito di Frida Kahlo. Le sue strade e vie sotterranee sono uniche nel paese. Opzione di passeggiata accompagnati da banda musicale o tuna valeriana. Pernottamento.<\/td>\n<\/tr>\n<tr class=\"alt\">\n<td style=\"background-color: #ababab;\"><span style=\"color: #000000;\"><span style=\"color: #ff6600;\">\u27a4<\/span>Giorno 8: \u00a0Guadalajara<\/span><\/td>\n<\/tr>\n<tr class=\"alt\">\n<td>Prima colazione. Proseguimento per Guadalajara. Nel percorso visita ad una fabbrica di tequila. Tempo per la degustazione. Arrivo a Guadalajara. Sistemazione.<\/td>\n<\/tr>\n<tr class=\"alt\">\n<td style=\"background-color: #ababab;\"><span style=\"color: #000000;\"><span style=\"color: #ff6600;\">\u27a4<\/span>Giorno 9: Guadalajara\u00a0 \/ Tlaquepaque &#8211; PUERTO VALLARTA<br \/>\n<\/span><\/td>\n<\/tr>\n<tr class=\"alt\">\n<td>Prima colazione. Visita della citt\u00e0 capitale del Jalisco, culla dei mariacis: il Teatro Degollado, la Cattedrale, la Rotonda degli Uomini Illustri, il Palazzo del Governo con i suoi splendidi murales di Orozco, la Piazza Tapat\u00eca ed una vista panoramica dell\u2019Ospizio Caba\u00f1as.\u00a0 Tempo libero visite facoltative come ad una fabbrica di tequila, a Tlaquepaque, riconosciuta per la bellezza dell&#8217;artigianato. Tempo per passeggiare per la via principale ricolma di artigianato rustico e lussuoso. Importante: Per\u00a0 chi potesse dedicare pi\u00f9 giorni a questa itinerario e tuffarsi in un mare pulito \u00e8 bene notare che ci si trova nello stato di Jalisco, luogo del non meno\u00a0 famoso Puerto Vallarta:\u00a0 un&#8217;immensa baia di oltre 30 chilometri circondata di montagne, molto noto per gli amanti del surf, la movida notturna, variata offerta gastronomica e tramonti da sogno.\u00a0 Le spiagge di sabbia dorata-rosa sono pulite ed \u00e8 possibile praticare sport acquatici di ogni genere oltre a visitare il bellissimo centro storico.<\/td>\n<\/tr>\n<tr class=\"alt\">\n<td style=\"background-color: #ababab;\"><span style=\"color: #000000;\"><span style=\"color: #ff6600;\">\u27a4<\/span>Giorno 10: Guadalajara \/ Patzcuaro\u00a0<\/span><\/td>\n<\/tr>\n<tr class=\"alt\">\n<td>Prima colazione. Durante il viaggio verso Patzcuaro, possibilit\u00e0 di fare tappa per una visita al rancho Los Tres Potrillos, propriet\u00e0 del cantante mexicano Vicente Fern\u00e1ndez. Si continuer\u00e0 verso Patzcuaro che, nella lingua pur\u00e9pecha, significa \u201cla porta del cielo\u201d. Citt\u00e0 famosa per la sua bellezza coloniale, l&#8217;originalit\u00e0 e i costumi della popolazione locale. Visita alla Basilica della Madonna della Salute (Nuestra Se\u00f1ora de la Salud), alla \u201cCasa del los Once Patios\u201d, al centro storico con le piazze Vasco de Quiroga e Gertrudis Bocanegra. Sotto i portici del centro sono aperti bar e ristoranti in grande variet\u00e0, con piatti tipici. Di fronte a Patzcuaro si pu\u00f2 osservare l&#8217;isola di Janitzio e Tzintzuntzan, famose per la celebrazione tradizionale pi\u00f9 bella del 1\u00ba novembre in ricordo dei defunti. Sistemazione in Morelia. Cena libera in questa splendida citt\u00e0 coloniale.<\/td>\n<\/tr>\n<tr class=\"alt\">\n<td style=\"background-color: #ababab;\"><span style=\"color: #000000;\"><span style=\"color: #ff6600;\">\u27a4<\/span>Giorno 11: Morelia \/ Citt\u00e0 del Messico<\/span><\/td>\n<\/tr>\n<tr class=\"alt\">\n<td>Prima colazione. Visita di Morelia, citt\u00e0 Patrimonio Culturale dell&#8217;Umanit\u00e0, conosciuta per il suo ambiente studentesco e per le sue magnifiche costruzioni in pietra rosa, per cui \u00e8 chiamata \u201cla Citt\u00e0 della Cantera (cava) Rosa\u201d: la Cattedrale, il Palazzo del Governo, il Palazzo Clavijero, la Plaza Mayor, il mercato dei dolci tipici, l&#8217;acquedotto e il Tempio Gualupita nel convento di San Diego. La cattedrale di Morelia \u00e8 una delle pi\u00f9 belle del paese e all&#8217;interno si trova il Santo Cristo de la sacristia. Partenza in direzione a Citt\u00e0 del Messico. Arrivo e sistemazione nelle camere riservate.<\/td>\n<\/tr>\n<tr class=\"alt\">\n<td style=\"background-color: #ababab;\"><span style=\"color: #000000;\"><span style=\"color: #ff6600;\">\u27a4<\/span>Giorno 12: Citt\u00e0 del Messico<\/span><\/td>\n<\/tr>\n<tr class=\"alt\">\n<td>Prima colazione. In orario a seconda del volo internazionale trasferimento all&#8217;aeroporto per iniziare il viaggio di rientro in Italia. Fine dei servizi.<\/td>\n<\/tr>\n<\/tbody>\n<\/table>\n<p>&nbsp;<\/p>\n<\/div>\n<p><!--:--><\/p>\n","protected":false},"excerpt":{"rendered":"<p>Messico<br \/>\n12 giorni \/ \u00a011 notti<\/p>\n","protected":false},"featured_media":1606,"comment_status":"closed","ping_status":"closed","template":"","meta":{"dwc-title":[""],"dwc-content":["<img class=\"aligncenter size-full wp-image-2769\" src=\"http:\/\/www.lctouroperator.com\/it\/wp-content\/uploads\/2017\/02\/WhatsApp-Image-2020-09-14-at-18.49.24.jpeg\" alt=\"\" width=\"274\" height=\"420\" \/>"]},"product_cat":[35],"product_tag":[],"class_list":{"0":"post-1511","1":"product","2":"type-product","3":"status-publish","4":"has-post-thumbnail","6":"product_cat-mexico","8":"first","9":"instock","10":"shipping-taxable","11":"product-type-simple"},"_links":{"self":[{"href":"https:\/\/www.lctouroperator.com\/it\/wp-json\/wp\/v2\/product\/1511"}],"collection":[{"href":"https:\/\/www.lctouroperator.com\/it\/wp-json\/wp\/v2\/product"}],"about":[{"href":"https:\/\/www.lctouroperator.com\/it\/wp-json\/wp\/v2\/types\/product"}],"replies":[{"embeddable":true,"href":"https:\/\/www.lctouroperator.com\/it\/wp-json\/wp\/v2\/comments?post=1511"}],"wp:featuredmedia":[{"embeddable":true,"href":"https:\/\/www.lctouroperator.com\/it\/wp-json\/wp\/v2\/media\/1606"}],"wp:attachment":[{"href":"https:\/\/www.lctouroperator.com\/it\/wp-json\/wp\/v2\/media?parent=1511"}],"wp:term":[{"taxonomy":"product_cat","embeddable":true,"href":"https:\/\/www.lctouroperator.com\/it\/wp-json\/wp\/v2\/product_cat?post=1511"},{"taxonomy":"product_tag","embeddable":true,"href":"https:\/\/www.lctouroperator.com\/it\/wp-json\/wp\/v2\/product_tag?post=1511"}],"curies":[{"name":"wp","href":"https:\/\/api.w.org\/{rel}","templated":true}]}}