{"id":1487,"date":"2017-02-14T16:11:36","date_gmt":"2017-02-14T19:11:36","guid":{"rendered":"http:\/\/www.lctouroperator.com\/it\/prog\/classico-argentina\/"},"modified":"2020-11-25T04:49:04","modified_gmt":"2020-11-25T07:49:04","slug":"argentina-da-scatto","status":"publish","type":"product","link":"https:\/\/www.lctouroperator.com\/it\/producto\/argentina-da-scatto\/","title":{"rendered":"Argentina da scatto"},"content":{"rendered":"<p><!--:es--><\/p>\n<div class=\"row\">\n<div class=\"nine columns\">\n<h2>Un itinerario classico, un flash potente che illumina il meglio di un paese bello in ogni angolo, una proposta per il primo viaggio ad un&#8217;Argentina\u00a0 che non si esaurisce mai tanta \u00e8 la variet\u00e0 di bellezze che l&#8217;arricchiscono. Esperienze uniche che rimarranno impresse nel cuore e nelle immagini da quadro.<\/h2>\n<h2><span style=\"color: #ff6600;\">Programma<\/span><\/h2>\n<table>\n<tbody>\n<tr>\n<td style=\"background-color: #ababab;\"><span style=\"color: #000000;\"><span style=\"color: #ff6600;\">\u27a4<\/span>Giorno 1: Buenos Aires<\/span><\/td>\n<\/tr>\n<tr>\n<td>Arrivo a Buenos Aires, la capitale del paese. Tempo per il disbrigo delle pratiche migratorie. Trasferimento all&#8217;hotel prescelto. Tempo per riposarsi del viaggio intercontinentale. Nel pomeriggio\u00a0 visita libera della citt\u00e0, una delle pi\u00f9 belle del Sudamerica, dove mille influenze culturali da tutto il mondo si combinano con una personalit\u00e0 particolare ed inconfondibile rendendo ogni angolo della citt\u00e0 unico e vivo. Cosmopolita e moderna, la \u00abregina del Plata\u00bb incanta sempre inoltre\u00a0 per l&#8217;incredibile offerta culturale:\u00a0 la storica\u00a0 Plaza de Mayo\u00a0 con la Casa Rosada, il Cabildo, la Cattedrale e un breve circuito pedonale osservando gli edifici della <i>manzana\u00a0de las luces<\/i>, culla dell&#8217;intellettualit\u00e0 di Buenos Aires. Pernottamento in hotel<\/td>\n<\/tr>\n<tr>\n<td style=\"background-color: #ababab;\"><span style=\"color: #000000;\"><span style=\"color: #ff6600;\">\u27a4<\/span>Giorno 2: Buenos Aires<\/span><\/td>\n<\/tr>\n<tr>\n<td>Prima colazione. Visita guidata per scoprire i quartieri pi\u00f9 emblematici di Buenos Aires tra cui\u00a0 La Boca, quartiere degli immigrati italiani, San Telmo e i suoi negozi di antiquariato, la Avenida 9 de julio, il Cabildo, il moderno quartiere di Puerto Madero, sorto sull&#8217;antico porto de Buenos Aires. Pranzo e pomeriggio libero per visite facoltative: teatro Col\u00f3n, pedonale Florida. In serata, cena di benvenuto e spettacolo di tango.<\/td>\n<\/tr>\n<tr>\n<td style=\"background-color: #ababab;\"><span style=\"color: #000000;\"><span style=\"color: #ff6600;\">\u27a4<\/span>Giorno 3: Buenos Aires &#8211; Ushuaia -Tierra del Fuego<\/span><\/td>\n<\/tr>\n<tr>\n<td>Prima colazione in hotel. In orario da confermare trasferimento in aeroporto per proseguire il viaggio per Ushuaia. Arrivo e trasferimento in hotel.\u00a0 Passeggiata libera sul suggestivo canale di Beagle e il piccolo centro del paese. Cena libera per gustare, in uno dei ristoranti locali, la centolla, tipico granchio preparato in mille modi diversi.<\/td>\n<\/tr>\n<tr>\n<td style=\"background-color: #ababab;\"><span style=\"color: #000000;\"><span style=\"color: #ff6600;\">\u27a4<\/span>Giorno 4: Ushuaia<\/span><\/td>\n<\/tr>\n<tr>\n<td>Prima colazione in hotel. Navigazione sul Canale di Beagle fino alle solitarie Isole Bridges, regno di cormorani e leoni marini. Si navigher\u00e0 sul canale percorso dai grandi esploratori, da cui si pu\u00f2 abbracciare tutta la citt\u00e0 di Ushuaia, con le montagne che le fanno da maestoso sfondo. Si raggiunger\u00e0 quindi il celebre Faro Les Eclaireurs. Rientro\u00a0 e,\u00a0 al primo pomeriggio,\u00a0 escursione guidata al Parco Nazionale Tierra del Fuego, che si trova a 12 Km ad ovest di Ushuaia, e dove \u00e8 possibile apprezzare una ricca vegetazione, caratterizzata da sei specie uniche: canelo, le\u00f1ador, notro, lenga, ire e guindo. Anche i fiori, soprattutto in estate, sono numerosissimi e rari. All&#8217;interno del Parco, si visiter\u00e0 Bah\u00eda Ensenada, che si trova sulla costa del Canale di Beagle, e si passer\u00e0 per il lago Roca. L&#8217;itinerario condurr\u00e0 fino a Bah\u00eda Lapataia, dove finisce la Strada Provinciale n\u00b0 3 a 3.242 km. dalla citt\u00e0 di Buenos Aires e la strada Panamericana, a ben 32.700 km dall&#8217;Alaska. Rientro in albergo. Cena libera e pernottamento.<\/td>\n<\/tr>\n<tr>\n<td style=\"background-color: #ababab;\"><span style=\"color: #000000;\"><span style=\"color: #ff6600;\">\u27a4<\/span>Giorno 5: Ushuaia (musei, sci) &#8211;\u00a0 El Calafate\u00a0<\/span><\/td>\n<\/tr>\n<tr>\n<td>Prima colazione.\u00a0 Mattinata a disposizione per attivit\u00e0 facoltative quali visita ai musei, o a seconda del periodo della visita attivit\u00e0 sulle neve o escursione per scoprire incantevoli laghi\u00a0 patagonici come il Lago Fagnano e Lago Escondido. A seconda dell&#8217;orario del volo trasferimento all&#8217;aeroporto per continuare il viaggio verso El Calafate.\u00a0 All&#8217;arrivo trasferimento privato in hotel. Sistemazione nelle camere riservate. Passeggiata libera per il piccolo e cosmopolita centro del paese. Visita facoltativa al Museo-Bar di ghiaccio. Pernottamento.<\/td>\n<\/tr>\n<tr>\n<td style=\"background-color: #ababab;\"><span style=\"color: #000000;\"><span style=\"color: #ff6600;\">\u27a4<\/span>Giorno 6: Navigazione Lago Argentino: Estancia Cristina<\/span><\/td>\n<\/tr>\n<tr>\n<td>Prima colazione in hotel. Giornata dedicata alla suggestiva navigazione collettiva sul Lago Argentino per osservare i ghiacciai posti all&#8217;estremit\u00e0 del Ghiacciaio \u201cHielo Continental\u201d. Con la sua conformazione irregolare, il Lago \u00e8 circondato da ghiacciai perenni e foreste, e le rotture dei fronti dei ghiacciai liberano nei fiordi spettacolari iceberg. Il lago \u00e8 di origine glaciale e le sue acque presentano tinte verdeggianti ed una temperatura media di circa 6\u00b0C. Sbarco all&#8217;Estancia Cristina. Tempo a disposizione per godersi questo suggestivo ambiente naturale, visitare il piccolo Museo o per una breve passeggiata alla cascata Los Perros. Pranzo incluso in ristorante della <i>Estancia<\/i>. Rientro nel pomeriggio a El Calafate. Cena e pernottamento in albergo.<\/td>\n<\/tr>\n<tr>\n<td style=\"background-color: #ababab;\"><span style=\"color: #000000;\"><span style=\"color: #ff6600;\">\u27a4<\/span>Giorno 7: Ghiacciaio Perito Moreno<\/span><\/td>\n<\/tr>\n<tr>\n<td>Prima colazione in hotel. Giornata dedicata alla visita del ghiacciaio Perito Moreno. Si tratta del ghiacciaio pi\u00f9 famoso di tutta la Patagonia e sicuramente uno dei pi\u00f9 spettacolari del mondo: offre ai suoi visitatori una parete di oltre 4 km di ghiaccio che si eleva oltre 60-70 metri sulla superficie del Lago Argentino. Giorno dopo giorno avanza facendo cadere continuamente ed in modo spettacolare enormi strutture glaciali. Il ghiacciaio si trova a circa 80 km dalla citt\u00e0, la strada \u00e8 sterrata, ma buona, e lungo il percorso ci sono alcuni punti interessanti da vedere e fotografare. Attivit\u00e0 facoltative da prenotare con anticipo: trekking sul ghiacciaio accompagnati da esperti guida: un&#8217;incredibile esperienza difficile da dimenticare. Pranzo al sacco.\u00a0 Rientro in albergo. Cena libera e pernottamento.<\/td>\n<\/tr>\n<tr>\n<td style=\"background-color: #ababab;\"><span style=\"color: #000000;\"><span style=\"color: #ff6600;\">\u27a4<\/span>Giorno 8: El Calafate &#8211; Penisola Valdes (Trelew &#8211; REL)<\/span><\/td>\n<\/tr>\n<tr>\n<td>Prima colazione in hotel. In orario a seconda dei voli proseguimento del viaggio verso Puerto Madryn cuore per la visita della Penisola Vald\u00e9s. All&#8217;arrivo trasferimento\u00a0in hotel. Tempo per una passeggiata libera per il lungomare e il piccolo centro del paese. Cena libera e pernottamento.<\/td>\n<\/tr>\n<tr>\n<td style=\"background-color: #ababab;\"><span style=\"color: #000000;\"><span style=\"color: #ff6600;\">\u27a4<\/span>Giorno 9: Visita alla Penisola Valdes &#8211; Pinguini nella Estancia San Lorenzo<\/span><\/td>\n<\/tr>\n<tr>\n<td>Prima colazione. Intera giornata dedicata alla visita della Penisola di Valdes, incredibile risultato geografico, formato da isole e isolotti, capi e baie, golfi e spiagge, dichiarato Patrimonio dell&#8217;Unesco nel 1999, considerata \u201cRiserva Naturale Turistica Integrale\u201d giacch\u00e9 si possono\u00a0\u00a0avvistare da area strategiche numerose specie di mammiferi marini. Lungo il tragitto fino a Punta Norte dove oggi si concentra il maggior numero di pinguini magellanici superando a Punta Tombo, si passer\u00e0\u00a0 per Punta Piramide, luogo di riproduzione dei lupi marini che si possono avvistare da una scogliera alta ca 50 metri; per \u00a0Punta Delgada, dove, ai piedi della scogliera vive una colonia di elefanti marini. Da ottobre a met\u00e0 dicembre a Puerto Piramides sar\u00e0 possibile realizzare la navigazione per l&#8217;osservazione e avvicinamento delle balene.\u00a0 Proseguimento verso la Estancia San Lorenzo: attuale luogo preferito dai pinguini (da settembre ad aprile). Pranzo nella estancia a base del tipico asado argentino. Immediatamente visita al Parco Nazionale dove l&#8217;attrattiva maggiore \u00e8 l\u2019immensa colonia di pinguini magellanici che da Settembre ad Aprile approdano qui per la riproduzione. Sar\u00e0 un\u2019esperienza sicuramente indimenticabile poter passeggiare fra i loro nidi e vedere questi esemplari procurarsi il cibo. Al termine delle visite rientro in<span lang=\"IT\">\u00a0hotel.\u00a0Cena libera e\u00a0 pernottamento<\/span>.<\/td>\n<\/tr>\n<tr>\n<td style=\"background-color: #ababab;\"><span style=\"color: #000000;\"><span style=\"color: #ff6600;\">\u27a4<\/span>Giorno 10: Trelew &#8211; Buenos Aires &#8211; Iguaz\u00fa\u00a0<\/span><\/td>\n<\/tr>\n<tr>\n<td>Prima colazione in hotel e trasferimento in bus all&#8217;aeroporto di Trelew. Partenza per Puerto Iguaz\u00fa v\u00eda Buenos Aires. All&#8217;arrivo trasferimento\u00a0in hotel. Tempo libero per una passeggiata nei dintorni del hotel. Cena libera e\u00a0 pernottamento.<\/td>\n<\/tr>\n<tr>\n<td style=\"background-color: #ababab;\"><span style=\"color: #000000;\"><span style=\"color: #ff6600;\">\u27a4<\/span>Giorno 11: Cascate Iguaz\u00fa &#8211; versante brasiliano<\/span><\/td>\n<\/tr>\n<tr>\n<td>Prima colazione in hotel. Situate al confine tra l&#8217;Argentina il Brasile ed il Paraguay ed immerse nella selva subtropicale, le imponenti cascate di Iguaz\u00fa costituiscono uno dei pi\u00f9 grandiosi spettacoli dell&#8217;America del Sud. Il contrasto tra i colori del cielo, della vegetazione e della terra rossa, fanno da giusto retroscena alle culture multietniche locali. In mattinata visita guidate con trasporto privato del lato brasiliano delle cascate.\u00a0\u00a0<span lang=\"IT\">Sebbene solo il 30% delle cascate siano su territorio Brasiliano, da qui si gode una migliore vista d\u2019insieme. Un percorso di 1.200 metri attraverso la selva fino a giungere all&#8217;altra \u201cGarganta del Diablo\u201d brasiliano\u00a0 una caduta inferiore al lato argentino ma che permette avvicinarsi ad uno lato dei lati della cascata\u2026 un&#8217;esperienza unica.<\/span>\u00a0 Pranzo libero in una tipica \u201cchurrascaria\u201d brasiliana. Attivit\u00e0 facoltativa nel lato brasiliano, da prenotare con anticipo: sorvolo delle cascate;\u00a0 visita al parco degli uccelli con pi\u00f9 di 150 specie del sud america da osservare durante un trekking per un sentiero di un chilometro e mezzo. Cena show con danze tipiche sudamericane con un breve \u00abassaggio\u00bb di samba e vestiti tipici del carnevale <i>carioca<\/i>.\u00a0 Rientro in hotel al lato Argentino. Pernottamento.<\/td>\n<\/tr>\n<tr>\n<td style=\"background-color: #ababab;\"><span style=\"color: #000000;\"><span style=\"color: #ff6600;\">\u27a4<\/span>Giorno 12: Cascate Iguazu &#8211; versante argentino<\/span><\/td>\n<\/tr>\n<tr>\n<td><span lang=\"IT\">Prima colazione. Inizio della\u00a0 visita alle cascate versante argentino:\u00a0<\/span><span lang=\"IT\">in un treno ecologico che percorrer\u00e0 circa 7 km lungo il corso del fiume Iguazu e la foresta, fino ad arrivare dove inizia la passerella che porta verso la Garganta del Diablo: una spettacolare\u00a0 caduta da 70 metri (20 metri in pi\u00f9 del Niagara). Pranzo dentro il parco. A continuazione visita al Circuito inferiore che permetter\u00e0 di osservare la maggior parte dei salti dal basso sentendo la forza dell&#8217;acqua trasformata in rugiada o vapore. Mentre la camminata superiore prevede delle passerelle e belvedere che si sviluppano sull&#8217;orlo dei principali salti, dove inizia la caduta dell&#8217;acqua, lungo questi sentieri si potranno incontrare anche animali della fauna locale come porcospini e varie specie di uccelli fra cui il tucano gigante. Pranzo libero in corso di escursione, dentro del Parco. Rientro in hotel. Cena libera\u00a0 di arrivederci. Pernottamento<\/span>.<\/td>\n<\/tr>\n<\/tbody>\n<\/table>\n<table>\n<tbody>\n<tr>\n<td style=\"background-color: #ababab;\"><span style=\"color: #000000;\"><span style=\"color: #ff6600;\">\u27a4<\/span>Giorno 13: Iguazu &#8211; Buenos Aires &#8211; Italia<\/span><\/td>\n<\/tr>\n<tr>\n<td>Prima colazione in hotel e trasferimento in aeroporto per iniziare il viaggio di rientro in Italia. , Pasti e pernottamento a bordo.<\/td>\n<\/tr>\n<\/tbody>\n<\/table>\n<\/div>\n<\/div>\n<p><!--:--><\/p>\n","protected":false},"excerpt":{"rendered":"<p>Argentina<br \/>\n13 giorni \/ 12 notti<\/p>\n","protected":false},"featured_media":2847,"comment_status":"closed","ping_status":"closed","template":"","meta":{"dwc-title":[""],"dwc-content":["<img class=\"size-full wp-image-2857 aligncenter\" src=\"http:\/\/www.lctouroperator.com\/it\/wp-content\/uploads\/2017\/06\/Argentina-01-2010Av01.jpg\" alt=\"\" width=\"274\" height=\"420\" \/>"]},"product_cat":[13],"product_tag":[],"class_list":{"0":"post-1487","1":"product","2":"type-product","3":"status-publish","4":"has-post-thumbnail","6":"product_cat-argentina","8":"first","9":"instock","10":"shipping-taxable","11":"product-type-simple"},"_links":{"self":[{"href":"https:\/\/www.lctouroperator.com\/it\/wp-json\/wp\/v2\/product\/1487"}],"collection":[{"href":"https:\/\/www.lctouroperator.com\/it\/wp-json\/wp\/v2\/product"}],"about":[{"href":"https:\/\/www.lctouroperator.com\/it\/wp-json\/wp\/v2\/types\/product"}],"replies":[{"embeddable":true,"href":"https:\/\/www.lctouroperator.com\/it\/wp-json\/wp\/v2\/comments?post=1487"}],"wp:featuredmedia":[{"embeddable":true,"href":"https:\/\/www.lctouroperator.com\/it\/wp-json\/wp\/v2\/media\/2847"}],"wp:attachment":[{"href":"https:\/\/www.lctouroperator.com\/it\/wp-json\/wp\/v2\/media?parent=1487"}],"wp:term":[{"taxonomy":"product_cat","embeddable":true,"href":"https:\/\/www.lctouroperator.com\/it\/wp-json\/wp\/v2\/product_cat?post=1487"},{"taxonomy":"product_tag","embeddable":true,"href":"https:\/\/www.lctouroperator.com\/it\/wp-json\/wp\/v2\/product_tag?post=1487"}],"curies":[{"name":"wp","href":"https:\/\/api.w.org\/{rel}","templated":true}]}}