{"id":1481,"date":"2017-02-07T19:24:11","date_gmt":"2017-02-07T22:24:11","guid":{"rendered":"http:\/\/www.lctouroperator.com\/it\/prog\/il-triangolo-andino-arica-la-paz-puno-cusco\/"},"modified":"2020-12-03T09:43:20","modified_gmt":"2020-12-03T12:43:20","slug":"machu-picchu-triangolo-andino","status":"publish","type":"product","link":"https:\/\/www.lctouroperator.com\/it\/producto\/machu-picchu-triangolo-andino\/","title":{"rendered":"A Machu Picchu attraverso il Triangolo Andino"},"content":{"rendered":"<p><!--:es--><\/p>\n<div class=\"row\">\n<h2 align=\"left\">Imperdibile esperienza: archeologia, paesaggi surreali, laghi di altezza, popolazioni di origine pre-ispaniche, l\u2019 Isola dove nacque il grande impero Inca\u2026 tutto in questo incredibile viaggio che unisce tre paesi di grande somiglianza ma anche di incredibili contrasti e differenze. Un\u2019 America Latina davvero senza confine per la storia comune di antiche etnie tuttora vivissime e desiderose <span style=\"color: #000000;\">di raccontare la propria storia attraverso le tradizioni, l&#8217;artigianato, la musica e la gastronomia.<\/span><\/h2>\n<h2 align=\"left\"><span style=\"color: #ff6600;\">Programma<\/span><\/h2>\n<table>\n<tbody>\n<tr>\n<td style=\"background-color: #ababab;\"><span style=\"color: #000000;\"><span style=\"color: #ff6600;\">\u27a4<\/span> Giorno 1 :\u00a0Santiago del Cile<\/span><\/td>\n<\/tr>\n<tr class=\"alt\">\n<td>Arrivo a Santiago del Chile. Transfer all&#8217;hotel riservato. Nel pomeriggio city tour, visitando il centro storico con la Cattedrale, il Palacio de la Moneda (sede del Governo), il cerro Santa Lucia, il cerro San Cristobal, da cui si potr\u00e0 ammirare un panorama completo di questa enorme metropoli. Ritorno in hotel. Tempo libero.<\/td>\n<\/tr>\n<tr>\n<td style=\"background-color: #ababab;\"><span style=\"color: #000000;\"><span style=\"color: #ff6600;\">\u27a4<\/span> Giorno 2:\u00a0Arica &#8211; Valle de Azapa &#8211; Museo Archeologico San Miguel<\/span><\/td>\n<\/tr>\n<tr class=\"alt\">\n<td>Prima colazione. Trasferimento all&#8217;aereoporto per il volo ad Arica. Arrivo e transfer all&#8217;hotel. Nel pomeriggio \u00a0tour archeologico della Valle di Azapa, visitando i numerosi geroglifici, il Cerro Sagrado, la Fortezza di San Lorenzo e i tumuli funerari, culminado nel Museo Archeologico di San Miguel dove sono conservate le mummie Chinchorro, le pi\u00f9 antiche del mondo. Pranzo a base di prodotti tipici come olive e frutti tropicali che si coltivano nel cuore di questo deserto, il pi\u00f9 arido del mondo. Rientro in hotel.<\/td>\n<\/tr>\n<tr>\n<td style=\"background-color: #ababab;\"><span style=\"color: #000000;\"><span style=\"color: #ff6600;\">\u27a4<\/span> Giorno 3: Arica &#8211; Putre (3.500 m slm)<\/span><\/td>\n<\/tr>\n<tr class=\"alt\">\n<td>Prima colazione in hotel. Visita guidata di Arica: visitando il centro storico con la cattedrale San Marcos, l\u2019antica stazione ferroviaria Arica \u2013 La Paz, il Morro, \u00a0emblema della citt\u00e0, terminando con la parte costiera \u00a0e le spiagge. Partenza per raggiungere la cittadella di Putre, sull&#8217;altipiano andino. Durante il tragitto di circa 200 km. si passer\u00e0 da un\u2019altitudine da zero a 3.500 mt., percorrendo l\u2019antica via \u00a0che gli abitanti del luogo usavano per inviare viveri dalla costa alle zone alte e viceversa. Si attraversa \u00a0la Valle di Lluta, con i suoi \u00a0geroglifici: enormi disegni sulle colline di sabbia fino ad arrivare alla zona della pre-cordigliera, dove si \u00a0trovano gli enormi cactus candelabro. Visita al Tambo di Zapahuira, un complesso archeologico di Putre, patrimonio nazionale per il Cile. \u00a0 Arrivo a Putre nel tardo pomeriggio dopo aver visitato il villaggio di Socoroma, conosciuto per le sue coltivazioni di origano. Pranzo nel percorso del viaggio. Arrivo all&#8217;hotel di Putre. Cena e pernottamento.<\/td>\n<\/tr>\n<tr>\n<td style=\"background-color: #ababab;\"><span style=\"color: #000000;\"><span style=\"color: #ff6600;\">\u27a4<\/span> Giorno 4 : Lago Chungar\u00e1- Parinacota &#8211; La Paz \u00a0(3.640 m slm)<\/span><\/td>\n<\/tr>\n<tr class=\"alt\">\n<td>Prima colazione. Inizio del viaggio con destino a La Paz, in Bolivia, attraverso incredibili paesaggi: Si arriver\u00e0 fino \u00a0a 4500 metri sul livello del mare oggi Lago Chungar\u00e1, il pi\u00f9 alto del mondo non navigabile. Il paesaggio, la flora e la fauna in tutto il viaggio fino al lago saranno un\u2019 esperienza indimenticabile. Entrata al \u00a0Parque Nacional Lauca, include l\u2019area del lago al confine con Bolivia. Vulcani spettacolari e montagne circondano il lago. Visita ad un piccolo e remoto villaggio in mezzo a la meseta, Parinacota, dove \u00a0alcune famiglie che attualmente vivono sono Aymara, gruppo etnico originario. Visita ad una piccola chiesa con affreschi dipinti dagli Indios durante il dominio spagnolo \u00a0rappresentano Las Estaciones de la Cruz. Pranzo tipo picnic. Si continuer\u00e0 verso il confine di Tambo Quemado, dove alle 13.00 \u00a0si continuer\u00e0 il viaggio in bus fino a La Paz, Bolivia. Arrivo e trasferimento \u00a0in hotel e sistemazione. Tempo libero per passeggiate per il centro di La Paz.<\/td>\n<\/tr>\n<tr class=\"alt\">\n<td style=\"background-color: #ababab;\"><span style=\"color: #000000;\"><span style=\"color: #ff6600;\">\u27a4<\/span> Giorno 5: La Paz \u2013 Copacabana<\/span><\/td>\n<\/tr>\n<tr class=\"alt\">\n<td>Prima colazione. Visita panoramica di \u00a0La paz, fino alle rovine di Tiwanaku, impero molto importante ed \u00a0esteso che domin\u00f2 un vasto territorio della regione andina compreso tra \u00a0Bolivia, Per\u00fa e Cile, precedente all&#8217;impero degli Incas. Al pomeriggio trasferimento all&#8217;Isola di Copacaban.\u00a0 Pernottamento.<\/td>\n<\/tr>\n<tr class=\"alt\">\n<td style=\"background-color: #ababab;\"><span style=\"color: #000000;\"><span style=\"color: #ff6600;\">\u27a4<\/span> Giorno 6: Isola del Sole (Sud) &#8211; Navigazione del lago Titicaca (3.925 m slm)<\/span><\/td>\n<\/tr>\n<tr class=\"alt\">\n<td>Prima colazione. Imbarco verso l\u2019Isola del Sole: l \u2018isola sacra degli Incas. Arrivo nella parte sud, a Yumani. Visita al Palazzo di Pilcocina e la Fonte dell\u2019Inca Ritorno a Copacabana. Transfer al \u00a0terminal per imbarcarsi nell\u2019autobus per Puno. Tempo per il disbrigo delle pratiche doganali. \u00a0 Arrivo in serata. Transfer all&#8217;hotel riservato. Pernottamento.<\/td>\n<\/tr>\n<tr class=\"alt\">\n<td style=\"background-color: #ababab;\"><span style=\"color: #000000;\"><span style=\"color: #ff6600;\">\u27a4<\/span> Giorno 7: Puno (3.827 m slm) &#8211; Cusco \u00a0(3.399 m slm)\u00a0<\/span><\/td>\n<\/tr>\n<tr class=\"alt\">\n<td>Prima colazione. Transfer al terminal per imbarcarsi sull&#8217;autobus verso Cusco, la citt\u00e0 pi\u00f9 importante dell\u2019impero Inca. In un incredibile percorso, soffermandosi per visitare lungo il percorso il punto dove nasce il fiume sacro Urubamba, Raqchi, per conoscere le rovine del bellissimo tempio al Dio Viracocha. Pranzo in corso di escursione. Visita a Andahuaylillas: alla chiesa considerata la \u201csistina\u201d di America.\u00a0 Arrivo a Cusco verso le ore 18. Tempo libero per riposarsi del viaggio. Pernottamento.<\/td>\n<\/tr>\n<tr class=\"alt\">\n<td style=\"background-color: #ababab;\"><span style=\"color: #000000;\"><span style=\"color: #ff6600;\">\u27a4<\/span> Giorno 8: Cusco<\/span><\/td>\n<\/tr>\n<tr class=\"alt\">\n<td>Prima colazione. Mattina libera per passeggiare in questa magica citt\u00e0 e visitare musei e chiese. Nel pomeriggio city tour visitando il famoso Koricancha, il tempio del Dio Sole e la Cattedrale, conosciuta come una delle pi\u00f9 grandi e belle del Sudamerica. Si continuer\u00e0 con la visita delle rovine alla periferia della citt\u00e0: Sacsayhuaman, Quenco, Pucapucara y Tambomachay.<\/td>\n<\/tr>\n<tr class=\"alt\">\n<td style=\"background-color: #ababab;\"><span style=\"color: #000000;\"><span style=\"color: #ff6600;\">\u27a4<\/span> Giorno 9:\u00a0Valle Sacra<\/span><\/td>\n<\/tr>\n<tr class=\"alt\">\n<td>Prima colazione. Visita in privato a Maras \u2013 Moray \u2013 Chincheros \u2013 Ollantaytambo: l\u2019 incredibile valle Sacra fino all&#8217;unico paese inca ancora abitato: Ollantaytambo. Pernottamento nella Valle Sacra.<\/td>\n<\/tr>\n<tr class=\"alt\">\n<td style=\"background-color: #ababab;\"><span style=\"color: #000000;\"><span style=\"color: #ff6600;\">\u27a4<\/span> Giorno 10: Machu Picchu (2.430m slm)<\/span><\/td>\n<\/tr>\n<tr class=\"alt\">\n<td>Transfer alla stazione per il treno che conduce \u00a0ai piedi del famoso Machu Picchu, attraverso un paesaggio affascinante, tra distese praterie, gole e canyons. Arrivo al villaggio di Aguas Calientes e camminando pochi metri si arriver\u00e0 al punto di partenza dei minibus che trasportano fino in cima a Machu Picchu. Entrata e visita guidata della famosa citt\u00e0 nascosta degli Incas, rimasta intatta e incontaminata per secoli grazie alla sua \u00a0posizione cos\u00ec impervia e nascosta. Scoperta all&#8217;inizio di questo secolo ci ha permesso di studiare ed ammirare la grandezza di quest\u2019impero tanto potente e ricco. Ritorno nel pomeriggio a Cusco.<\/td>\n<\/tr>\n<tr class=\"alt\">\n<td style=\"background-color: #ababab;\"><span style=\"color: #000000;\"><span style=\"color: #ff6600;\">\u27a4<\/span> Giorno 11 :\u00a0Cusco &#8211; Lima<\/span><\/td>\n<\/tr>\n<tr class=\"alt\">\n<td>Prima colazione. Tempo libero per visitare il famoso quartiere San Blas, il mercato di Cusco, i musei che contengono degli oggetti ritrovati a Machu Picchu. Al pomeriggio trasferimento all&#8217;aeroporto e continuazione del viaggio verso Lima. Trasferimento in hotel. Tempo libero per visitare il famoso parco delle acque. Pernottamento.<\/td>\n<\/tr>\n<tr class=\"alt\">\n<td style=\"background-color: #ababab;\"><span style=\"color: #000000;\"><span style=\"color: #ff6600;\">\u27a4<\/span> Giorno 12:\u00a0Rientro al paese di origine<\/span><\/td>\n<\/tr>\n<tr class=\"alt\">\n<td>Prima colazione. Giornata libera per visitare la citt\u00e0.\u00a0 In orario da indicare trasferimento all\u2019 aeroporto per iniziare il viaggio di rientro al paese di origine.<\/td>\n<\/tr>\n<\/tbody>\n<\/table>\n<\/div>\n<p><!--:--><\/p>\n","protected":false},"excerpt":{"rendered":"<p>Cile\/Bolivia\/Per\u00fa<br \/>\n12 Giorni \/ 11 Notti<\/p>\n","protected":false},"featured_media":630,"comment_status":"closed","ping_status":"closed","template":"","meta":{"dwc-title":[""],"dwc-content":["<p style=\"text-align: center;\"><img class=\"alignnone size-full wp-image-2967\" src=\"http:\/\/www.lctouroperator.com\/it\/wp-content\/uploads\/2017\/02\/BoliviaChilePeru-01-2011Av11.jpg\" alt=\"\" width=\"274\" height=\"420\" \/><\/p>"]},"product_cat":[24],"product_tag":[],"class_list":{"0":"post-1481","1":"product","2":"type-product","3":"status-publish","4":"has-post-thumbnail","6":"product_cat-combinati","8":"first","9":"instock","10":"shipping-taxable","11":"product-type-simple"},"_links":{"self":[{"href":"https:\/\/www.lctouroperator.com\/it\/wp-json\/wp\/v2\/product\/1481"}],"collection":[{"href":"https:\/\/www.lctouroperator.com\/it\/wp-json\/wp\/v2\/product"}],"about":[{"href":"https:\/\/www.lctouroperator.com\/it\/wp-json\/wp\/v2\/types\/product"}],"replies":[{"embeddable":true,"href":"https:\/\/www.lctouroperator.com\/it\/wp-json\/wp\/v2\/comments?post=1481"}],"wp:featuredmedia":[{"embeddable":true,"href":"https:\/\/www.lctouroperator.com\/it\/wp-json\/wp\/v2\/media\/630"}],"wp:attachment":[{"href":"https:\/\/www.lctouroperator.com\/it\/wp-json\/wp\/v2\/media?parent=1481"}],"wp:term":[{"taxonomy":"product_cat","embeddable":true,"href":"https:\/\/www.lctouroperator.com\/it\/wp-json\/wp\/v2\/product_cat?post=1481"},{"taxonomy":"product_tag","embeddable":true,"href":"https:\/\/www.lctouroperator.com\/it\/wp-json\/wp\/v2\/product_tag?post=1481"}],"curies":[{"name":"wp","href":"https:\/\/api.w.org\/{rel}","templated":true}]}}