{"id":1478,"date":"2017-02-07T18:41:53","date_gmt":"2017-02-07T21:41:53","guid":{"rendered":"http:\/\/www.lctouroperator.com\/it\/prog\/paraguay-da-scoprire\/"},"modified":"2020-11-16T12:41:56","modified_gmt":"2020-11-16T15:41:56","slug":"paraguay-da-scoprire","status":"publish","type":"product","link":"https:\/\/www.lctouroperator.com\/it\/producto\/paraguay-da-scoprire\/","title":{"rendered":"Paraguay da scoprire"},"content":{"rendered":"<h2>Una combinazione imperdibile tra cultura, arte, fede e gastronomia che inizia ad Asunci\u00f3n, la capitale del Paraguay, e continua nelle diverse cittadine nei dintorni. \u00a0Qui infatti troviamo prodotti delle antiche tradizioni artigiane, quali oreficeria, ceramica e recami pregiati in filo di cotone. Opportunit\u00e0 per visitare le famose vestigia delle Missioni Gesuitiche del XVI secolo, oggi Patrimonio UNESCO dell&#8217;Umanit\u00e0 e le\u00a0 magnifiche ed esuberanti Cascate dell&#8217;Iguazu vicino alla mitica triplice frontiera.<\/h2>\n<p>Validit\u00e0: Tutto l\u2019anno.<\/p>\n<h2>Programma<\/h2>\n<table style=\"height: 1535px;\">\n<tbody>\n<tr style=\"height: 24px;\">\n<td style=\"background-color: #ababab; height: auto;\"><span style=\"color: #000000;\"><span style=\"color: #ff6600;\">\u27a4<\/span>1\u00b0 Giorno: Asunci\u00f3n &#8211; centro storico\u00a0<\/span><\/td>\n<\/tr>\n<tr style=\"height: auto;\">\n<td style=\"height: auto;\">Arrivo all&#8217;aeroporto di Asunci\u00f3n. Trasferimento all\u2019hotel. Sistemazione. Tempo libero per riposarsi dal viaggio.\u00a0 Al primo pomeriggio walking tour centro Asunci\u00f3n:\u00a0 costruita nelle colline sul fiume Paraguay, conserva vestigia coloniali con bellissimi parchi esuberanti di verde: visita al centro storico e alla Cattedrale. Cena libera. Pernottamento.<\/td>\n<\/tr>\n<tr style=\"height: 24px;\">\n<td style=\"background-color: #ababab; height: auto;\"><span style=\"color: #000000;\"><span style=\"color: #ff6600;\">\u27a4<\/span>2\u00b0 Giorno: Caacup\u00e9 &#8211; El Fort\u00edn (Piribebuy) &#8211; Ciudad del Este<\/span><\/td>\n<\/tr>\n<tr style=\"height: auto;\">\n<td style=\"height: auto;\">Colazione. Partenza per Ciudad del Este, visitando nel percorso, per chi lo desidera, la Basilica Nuestra Se\u00f1ora de Caacup\u00e9.\u00a0 Visita a la fabbrica di rum El Fortin. Tempo per conoscere l\u2019 elaborazione di antica data e la degustazione. Nel percorso del viaggio, degustazione della famosa \u201cchipa\u201d paraguaya (cip\u00e0 o scip\u00e0). Pranzo libero. In orario a seconda del pullman GT per Ciudad del Este trasferimento al terminal bus per continuare viaggio verso Ciudad del Este (320 chilometri). Arrivo in circa 5 ore di viaggio. Transfer privato in hotel.\u00a0 Cena libera. Pernottamento.<\/td>\n<\/tr>\n<tr style=\"height: 24px;\">\n<td style=\"background-color: #ababab; height: auto;\"><span style=\"color: #000000;\"><span style=\"color: #ff6600;\">\u27a4<\/span>3\u00b0 Giorno: Giorno: Saltos del Monday Cascate paraguaiane \u2013 Museo Mois\u00e9s Bertoni<\/span><\/td>\n<\/tr>\n<tr style=\"height: auto;\">\n<td style=\"height: auto;\">Prima colazione in hotel. Visita alle cascate paraguaiane\u00a0<em>Saltos del Monday<\/em>\u00a0che nasce nel fiume dello stesso:\u00a0 immerse nella selva subtropicale delle tre frontiere, le imponenti cascate di Iguazu costituiscono una degli spettacoli pi\u00f9 maestosi del mondo: il contrasto tra i colori del cielo, della vegetazione e della terra rossa, fanno da retroscena alle culture multietniche locali.\u00a0 Pranzo libero durante l&#8217;escursione. Se non piove, visita alla casa-museo del naturalista svizzero Mos\u00e8 Bertoni, incastonata in un vero paradiso della flora paraguaiana e di terre lontane portate fino alle sponde del Paran\u00e0 dallo stesso Bertoni, che ha scoperto la\u00a0<em>stevia rebaudiana<\/em>, dolcificante naturale, 300 volte pi\u00f9 dolce dello zucchero di canna. Rientro in hotel. Cena libera. Pernottamento.<\/td>\n<\/tr>\n<tr style=\"height: 24px;\">\n<td style=\"background-color: #ababab; height: auto;\"><span style=\"color: #000000;\"><span style=\"color: #ff6600;\">\u27a4<\/span>4\u00b0 Giorno: Triplice frontiera &#8211; Facoltativo: Cascate del Iguaz\u00fa \u2013 versante argentino<\/span><\/td>\n<\/tr>\n<tr style=\"height: auto;\">\n<td style=\"height: auto;\">Prima colazione in hotel. Alle ore 7.15 partenza per osservare dall&#8217;alto la \u201ctriplice frontiera\u201d e l\u00b4incontro dei fiumi Paran\u00e1 e Iguaz\u00fa: si incontrano ma non si mescolano per via delle diverse temperature dell&#8217;acqua, conservando ostinatamente i propri colori lungo il loro veloce percorso. Da Presidente Franco navigando il Fiume Paran\u00e0 per meno di un&#8217;ora \u00e8 possibile arrivare al versante argentino delle cascate dell&#8217;Iguazu, questa visita facoltativa bisogna prenotare in anticipo e non si realizza di domenica. Durata della visita ca. 7,8 ore tra andata e ritorno, a seconda del tempo che richieda le pratiche migratorie tra Paraguay e Argentina.\u00a0 Rientro in hotel a Ciudad del Este.<\/td>\n<\/tr>\n<tr style=\"height: 24px;\">\n<td style=\"background-color: #ababab; height: auto;\"><span style=\"color: #000000;\"><span style=\"color: #ff6600;\">\u27a4<\/span>5\u00b0 Giorno: Yerba mate &#8211; Rovine Gesuitiche di Jes\u00fas de Tavarangue e di Trinidad<br \/>\n<\/span><\/td>\n<\/tr>\n<tr style=\"height: auto;\">\n<td style=\"height: auto;\">Prima colazione. Alle ore 6 partenza con autista guida\u00a0verso la ciudad di Encarnaci\u00f3n. Colazione durante il viaggio e visita ad una fabbrica di Yerba Mate, l&#8217;erba che i guaran\u00ec scambiavano con il Per\u00f9 per ottenere armi con cui difendere le loro \u201creducciones\u201d. Sistemazione in hotel a Bella Vista o Encarnaci\u00f3n. Pranzo libero. Verso le ore 17, visita all\u2019inconclusa chiesa della missione \u201cJes\u00fas\u00a0de Tavarangue\u201d,\u00a0 costruita dall&#8217;architetto Antonio Forcada e progettata dal fratello Jos\u00e9 Grimau,\u00a0 con evidenti tracce dell&#8217;influsso arabo nell\u2019arte dei gesuiti (anno 1759).\u00a0 All&#8217;imbrunire (20.15 in estate) visita alla pi\u00f9 completa delle \u201creducciones\u201d, opera dell\u2019italiano Giovanni Battista Primoli: Trinidad. La bellezza dell&#8217;architettura guaran\u00ec frutto dell&#8217;incontro profondo coi maestri italiani \u00e8 espresso magistralmente in tutte questi costruzioni che testimoniano l\u2019immensa opera dei gesuiti insieme agli indigeni guaran\u00ec. Visita notturna \u201cdi luci e suoni\u201d, una vera contemplazione delle rovine illuminate: perfetta l&#8217;acustica della chiesa. Ritorno in hotel. Pernottamento.<\/td>\n<\/tr>\n<tr style=\"height: 24px;\">\n<td style=\"background-color: #ababab; height: auto;\"><span style=\"color: #000000;\"><span style=\"color: #ff6600;\">\u27a4<\/span>6\u00ba Giorno: Il Barocco ispano-guarani &#8211; San Cosme e Dami\u00e1n &#8211; Yaguar\u00f3n<\/span><\/td>\n<\/tr>\n<tr style=\"height: auto;\">\n<td style=\"height: auto;\">Prima colazione. Alle 7.30, continuazione del viaggio per il rientro ad Asunci\u00f3n con diverse visita durante il percorso: come visita alla chiesa-museo di San Cosme e Dami\u00e1n e al piccolo Planetario per scoprire il cielo in questa parte del pianeta. Visita al museo di San Ignacio Guazu\u00a0che conserva dei veri tesori dell&#8217;arte ispano-indigena. Pranzo libero durante l&#8217;escursione. A Yaguaron, visita alla chiesa coloniale francescana in splendido\u00a0 stile barocco i cui altari sono tutti intagliati in legno. Arrivo ad Asunci\u00f3n. Sistemazione in hotel. Tempo e cena libera. Pernottamento.<\/td>\n<\/tr>\n<tr style=\"height: 24px;\">\n<td style=\"background-color: #ababab; height: auto;\"><span style=\"color: #000000;\"><span style=\"color: #ff6600;\">\u27a4<\/span>7\u00ba giorno: Asunci\u00f3n<\/span><\/td>\n<\/tr>\n<tr style=\"height: auto;\">\n<td style=\"height: auto;\">Prima colazione. Tempo libero ad Asunci\u00f3n per ultime visite o shopping in citt\u00e0. Trasferimento all&#8217;aeroporto per iniziare il viaggio di rientro al paese di origine o proseguire il viaggio verso altre destinazioni in America Latina.<\/td>\n<\/tr>\n<\/tbody>\n<\/table>\n<p>&nbsp;<\/p>\n","protected":false},"excerpt":{"rendered":"<p>Paraguay<br \/>\n7 giorni \/ 6 notti<\/p>\n","protected":false},"featured_media":696,"comment_status":"closed","ping_status":"closed","template":"","meta":{"dwc-title":[""],"dwc-content":["<img class=\"size-full wp-image-2906 aligncenter\" src=\"http:\/\/www.lctouroperator.com\/it\/wp-content\/uploads\/2017\/02\/Paraguay-08-2011v01.jpg\" alt=\"\" width=\"274\" height=\"420\" \/>"]},"product_cat":[17],"product_tag":[],"class_list":{"0":"post-1478","1":"product","2":"type-product","3":"status-publish","4":"has-post-thumbnail","6":"product_cat-paraguay","8":"first","9":"instock","10":"shipping-taxable","11":"product-type-simple"},"_links":{"self":[{"href":"https:\/\/www.lctouroperator.com\/it\/wp-json\/wp\/v2\/product\/1478"}],"collection":[{"href":"https:\/\/www.lctouroperator.com\/it\/wp-json\/wp\/v2\/product"}],"about":[{"href":"https:\/\/www.lctouroperator.com\/it\/wp-json\/wp\/v2\/types\/product"}],"replies":[{"embeddable":true,"href":"https:\/\/www.lctouroperator.com\/it\/wp-json\/wp\/v2\/comments?post=1478"}],"wp:featuredmedia":[{"embeddable":true,"href":"https:\/\/www.lctouroperator.com\/it\/wp-json\/wp\/v2\/media\/696"}],"wp:attachment":[{"href":"https:\/\/www.lctouroperator.com\/it\/wp-json\/wp\/v2\/media?parent=1478"}],"wp:term":[{"taxonomy":"product_cat","embeddable":true,"href":"https:\/\/www.lctouroperator.com\/it\/wp-json\/wp\/v2\/product_cat?post=1478"},{"taxonomy":"product_tag","embeddable":true,"href":"https:\/\/www.lctouroperator.com\/it\/wp-json\/wp\/v2\/product_tag?post=1478"}],"curies":[{"name":"wp","href":"https:\/\/api.w.org\/{rel}","templated":true}]}}