{"id":91,"date":"2013-09-27T23:35:33","date_gmt":"2013-09-28T02:35:33","guid":{"rendered":"http:\/\/www.lctouroperator.com\/it\/?page_id=91"},"modified":"2021-07-22T05:53:58","modified_gmt":"2021-07-22T08:53:58","slug":"argentina","status":"publish","type":"page","link":"https:\/\/www.lctouroperator.com\/it\/argentina\/","title":{"rendered":"Argentina"},"content":{"rendered":"<h2>Morbide vallate e ghiacciai monumentali, montagne impervie e altipiani multicolori, pianure distese oltre l&#8217;orizzonte e cascate imponenti: questo e molto altro rendono l&#8217;Argentina un paese di ineguagliabile bellezza, dall&#8217;agreste Terra del Fuoco alla Selva Misionera.<\/h2>\n<h2>Agriturismo, pesca, sci, golf, terme, parchi nazionali, paesini incantevoli ovunque, laghi, fiumi immensi come il mare, etnie millenarie al nord, musica, tango, folclore, gastronomia squisita, vini pregiati.. ecco alcune delle innumerevoli ragioni per le quali i viaggiatori si innamorano di questa meta. Qui diverse proposte per esperienze uniche<span style=\"font-size: 16px\">.<\/span><\/h2>\n<h3>Programmi \/ Argentina<\/h3>\n<div class=\"woocommerce columns-3 \"><ul class=\"products columns-3\">\n<li class=\"product type-product post-1487 status-publish first instock product_cat-argentina has-post-thumbnail shipping-taxable product-type-simple\">\n\t<a href=\"https:\/\/www.lctouroperator.com\/it\/producto\/argentina-da-scatto\/\" class=\"woocommerce-LoopProduct-link woocommerce-loop-product__link\"><img loading=\"lazy\" decoding=\"async\" width=\"219\" height=\"134\" src=\"https:\/\/www.lctouroperator.com\/it\/wp-content\/uploads\/2017\/02\/image-5-1-300x184.png\" class=\"attachment-woocommerce_thumbnail size-woocommerce_thumbnail\" alt=\"\" srcset=\"https:\/\/www.lctouroperator.com\/it\/wp-content\/uploads\/2017\/02\/image-5-1-300x184.png 300w, https:\/\/www.lctouroperator.com\/it\/wp-content\/uploads\/2017\/02\/image-5-1-350x215.png 350w, https:\/\/www.lctouroperator.com\/it\/wp-content\/uploads\/2017\/02\/image-5-1-768x471.png 768w, https:\/\/www.lctouroperator.com\/it\/wp-content\/uploads\/2017\/02\/image-5-1-e1603280782716.png 600w\" sizes=\"(max-width: 219px) 100vw, 219px\" \/><h2 class=\"woocommerce-loop-product__title\">Argentina da scatto<\/h2><div class=\"woocommerce-product-details__short-description\">\n\t<p>Argentina<br \/>\n13 giorni \/ 12 notti<\/p>\n<\/div>\n\n<\/a><\/li>\n<li class=\"product type-product post-218 status-publish instock product_cat-argentina has-post-thumbnail shipping-taxable product-type-simple\">\n\t<a href=\"https:\/\/www.lctouroperator.com\/it\/producto\/cataratas-del-iguazu-y-norte-argentino\/\" class=\"woocommerce-LoopProduct-link woocommerce-loop-product__link\"><img loading=\"lazy\" decoding=\"async\" width=\"219\" height=\"144\" src=\"https:\/\/www.lctouroperator.com\/it\/wp-content\/uploads\/2013\/10\/iguazu-norte-argentino-destacada-300x197.jpg\" class=\"attachment-woocommerce_thumbnail size-woocommerce_thumbnail\" alt=\"\" srcset=\"https:\/\/www.lctouroperator.com\/it\/wp-content\/uploads\/2013\/10\/iguazu-norte-argentino-destacada-300x197.jpg 300w, https:\/\/www.lctouroperator.com\/it\/wp-content\/uploads\/2013\/10\/iguazu-norte-argentino-destacada.jpg 350w\" sizes=\"(max-width: 219px) 100vw, 219px\" \/><h2 class=\"woocommerce-loop-product__title\">Cascate del Iguaz\u00f9 e Nord  Argentina<\/h2><div class=\"woocommerce-product-details__short-description\">\n\t<p>Argentina<br \/>\n8 Giorni \/ 7 Notti<\/p>\n<p><!--:--><!--:es--><\/p>\n<p><!--:--><!--:pt--><\/p>\n<p><!--:--><\/p>\n<\/div>\n\n<\/a><\/li>\n<li class=\"product type-product post-2452 status-publish last instock product_cat-argentina product_cat-gli-speciali has-post-thumbnail shipping-taxable product-type-simple\">\n\t<a href=\"https:\/\/www.lctouroperator.com\/it\/producto\/fascino-a-colori-2\/\" class=\"woocommerce-LoopProduct-link woocommerce-loop-product__link\"><img loading=\"lazy\" decoding=\"async\" width=\"219\" height=\"146\" src=\"https:\/\/www.lctouroperator.com\/it\/wp-content\/uploads\/2020\/02\/fascino-a-colori-2-300x200.jpg\" class=\"attachment-woocommerce_thumbnail size-woocommerce_thumbnail\" alt=\"\" srcset=\"https:\/\/www.lctouroperator.com\/it\/wp-content\/uploads\/2020\/02\/fascino-a-colori-2-300x200.jpg 300w, https:\/\/www.lctouroperator.com\/it\/wp-content\/uploads\/2020\/02\/fascino-a-colori-2-768x512.jpg 768w, https:\/\/www.lctouroperator.com\/it\/wp-content\/uploads\/2020\/02\/fascino-a-colori-2-350x233.jpg 350w, https:\/\/www.lctouroperator.com\/it\/wp-content\/uploads\/2020\/02\/fascino-a-colori-2-345x230.jpg 345w, https:\/\/www.lctouroperator.com\/it\/wp-content\/uploads\/2020\/02\/fascino-a-colori-2.jpg 1024w\" sizes=\"(max-width: 219px) 100vw, 219px\" \/><h2 class=\"woocommerce-loop-product__title\">Fascino a colori<\/h2><div class=\"woocommerce-product-details__short-description\">\n\t<p>Argentina<br \/>\n10 giorni \/ 9 notti<\/p>\n<\/div>\n\n<\/a><\/li>\n<li class=\"product type-product post-85 status-publish first instock product_cat-argentina has-post-thumbnail shipping-taxable product-type-simple\">\n\t<a href=\"https:\/\/www.lctouroperator.com\/it\/producto\/mendoza-la-culla-del-vino\/\" class=\"woocommerce-LoopProduct-link woocommerce-loop-product__link\"><img loading=\"lazy\" decoding=\"async\" width=\"219\" height=\"137\" src=\"https:\/\/www.lctouroperator.com\/it\/wp-content\/uploads\/2013\/09\/image-6-300x187.png\" class=\"attachment-woocommerce_thumbnail size-woocommerce_thumbnail\" alt=\"\" srcset=\"https:\/\/www.lctouroperator.com\/it\/wp-content\/uploads\/2013\/09\/image-6-300x187.png 300w, https:\/\/www.lctouroperator.com\/it\/wp-content\/uploads\/2013\/09\/image-6-768x478.png 768w, https:\/\/www.lctouroperator.com\/it\/wp-content\/uploads\/2013\/09\/image-6-1536x957.png 1536w, https:\/\/www.lctouroperator.com\/it\/wp-content\/uploads\/2013\/09\/image-6-350x218.png 350w, https:\/\/www.lctouroperator.com\/it\/wp-content\/uploads\/2013\/09\/image-6.png 1610w\" sizes=\"(max-width: 219px) 100vw, 219px\" \/><h2 class=\"woocommerce-loop-product__title\">Mendoza, la culla del vino<\/h2><div class=\"woocommerce-product-details__short-description\">\n\t<p>Argentina<br \/>\n5 Giorni \/ 4 Notti<\/p>\n<\/div>\n\n<\/a><\/li>\n<li class=\"product type-product post-230 status-publish instock product_cat-argentina product_cat-gli-speciali has-post-thumbnail shipping-taxable product-type-simple\">\n\t<a href=\"https:\/\/www.lctouroperator.com\/it\/producto\/peninsula-valdes-y-bariloche\/\" class=\"woocommerce-LoopProduct-link woocommerce-loop-product__link\"><img loading=\"lazy\" decoding=\"async\" width=\"219\" height=\"128\" src=\"https:\/\/www.lctouroperator.com\/it\/wp-content\/uploads\/2013\/10\/image-3-219x128.png\" class=\"attachment-woocommerce_thumbnail size-woocommerce_thumbnail\" alt=\"\" srcset=\"https:\/\/www.lctouroperator.com\/it\/wp-content\/uploads\/2013\/10\/image-3-219x128.png 219w, https:\/\/www.lctouroperator.com\/it\/wp-content\/uploads\/2013\/10\/image-3-350x205.png 350w, https:\/\/www.lctouroperator.com\/it\/wp-content\/uploads\/2013\/10\/image-3-768x450.png 768w, https:\/\/www.lctouroperator.com\/it\/wp-content\/uploads\/2013\/10\/image-3-300x176.png 300w, https:\/\/www.lctouroperator.com\/it\/wp-content\/uploads\/2013\/10\/image-3.png 1119w\" sizes=\"(max-width: 219px) 100vw, 219px\" \/><h2 class=\"woocommerce-loop-product__title\">Penisola Valdes e Bariloche<\/h2><div class=\"woocommerce-product-details__short-description\">\n\t<div class=\"Giorni\">\n<div class=\"numero\">Argentina<br \/>\n7 Giorni \/ 6 Notti<\/div>\n<\/div>\n<\/div>\n\n<\/a><\/li>\n<li class=\"product type-product post-2232 status-publish last instock product_cat-argentina has-post-thumbnail shipping-taxable product-type-simple\">\n\t<a href=\"https:\/\/www.lctouroperator.com\/it\/producto\/tango-e-folclore\/\" class=\"woocommerce-LoopProduct-link woocommerce-loop-product__link\"><img loading=\"lazy\" decoding=\"async\" width=\"219\" height=\"146\" src=\"https:\/\/www.lctouroperator.com\/it\/wp-content\/uploads\/2017\/06\/tango-c-300x200.jpg\" class=\"attachment-woocommerce_thumbnail size-woocommerce_thumbnail\" alt=\"\" srcset=\"https:\/\/www.lctouroperator.com\/it\/wp-content\/uploads\/2017\/06\/tango-c-300x200.jpg 300w, https:\/\/www.lctouroperator.com\/it\/wp-content\/uploads\/2017\/06\/tango-c-350x233.jpg 350w, https:\/\/www.lctouroperator.com\/it\/wp-content\/uploads\/2017\/06\/tango-c-345x230.jpg 345w, https:\/\/www.lctouroperator.com\/it\/wp-content\/uploads\/2017\/06\/tango-c.jpg 600w\" sizes=\"(max-width: 219px) 100vw, 219px\" \/><h2 class=\"woocommerce-loop-product__title\">Tango e Folclore<\/h2><div class=\"woocommerce-product-details__short-description\">\n\t<p>Argentina<br \/>\n8 giorni \/ 7 notti<\/p>\n<\/div>\n\n<\/a><\/li>\n<li class=\"product type-product post-250 status-publish first instock product_cat-argentina has-post-thumbnail shipping-taxable product-type-simple\">\n\t<a href=\"https:\/\/www.lctouroperator.com\/it\/producto\/trekking-en-la-mitica-fitz-roy\/\" class=\"woocommerce-LoopProduct-link woocommerce-loop-product__link\"><img loading=\"lazy\" decoding=\"async\" width=\"219\" height=\"137\" src=\"https:\/\/www.lctouroperator.com\/it\/wp-content\/uploads\/2013\/10\/image-5-300x187.png\" class=\"attachment-woocommerce_thumbnail size-woocommerce_thumbnail\" alt=\"\" srcset=\"https:\/\/www.lctouroperator.com\/it\/wp-content\/uploads\/2013\/10\/image-5-300x187.png 300w, https:\/\/www.lctouroperator.com\/it\/wp-content\/uploads\/2013\/10\/image-5-350x218.png 350w, https:\/\/www.lctouroperator.com\/it\/wp-content\/uploads\/2013\/10\/image-5.png 454w\" sizes=\"(max-width: 219px) 100vw, 219px\" \/><h2 class=\"woocommerce-loop-product__title\">Trekking sul mitico Fitz Roy<\/h2><div class=\"woocommerce-product-details__short-description\">\n\t<p>Argentina<br \/>\n5 Giorni \/ 4 Notti<\/p>\n<\/div>\n\n<\/a><\/li>\n<\/ul>\n<\/div>\n<h3>Mangiare e bere<\/h3>\n<p>La carne argentina \u00e8 rinomata in tutto il mondo. La si pu\u00f2 degustare nei numerosi e qualificati ristoranti tipici, o parrilladas, accompagnata da ottimi vini di produzione nazionali, tra cui si distinguono quelli prodotti nelle regioni di Mendoza, La Rioja, Salta e San Juan. Salse a base di prezzemolo (la provenzal), di aglio, peperoncino e spezie (il chimichurri), o con cipolla e peperoni (la criolla), esaltano il sapore del vitello e dell&#8217;agnello alla brace. Tra i piatti tipici, oltre alle gustosissime empanadas (piccoli \u201cpanzerotti\u201d fritti o al forno), vale la pena assaggiare i tamales e le humitas, tipiche del nord, preparati con farina di mais, e le diverse saporite varianti di zuppe e stufati di carne e legumi, tra cui il tradizionale locro. Per quanto riguarda i dolci, gli argentini hanno la golosa abitudine di fare colazione e merenda con le \u00abfacturas\u00bb una specie di brioche che si trovano in tutti i panifici. Immancabile farcitura dei caratteristici biscotti nazionali, gli alfajores ripieni.\u00a0 \u00a0Da assaporare solo o per accompagnare torte e budini \u00e8 il dulce de leche, una deliziosa crema di latte, zucchero e vaniglia. La gastronomia dell\u2019Argentina \u00e8, cos\u00ec come molti altri aspetti della sua cultura, \u00e8 il risultato dell&#8217;incontro di diverse culture. Le influenze dei migranti europei soprattutto sono molto forti e in tutto il paese si possono apprezzare i sapori delle cucine pi\u00f9 varie, tra cui l&#8217;italiana (spesso \u201cadattata\u201d), la spagnola, l\u2019armena, la giapponese, l&#8217;ebraica o l\u2019araba.<\/p>\n<p>Soprattutto nella capitale, inoltre, sono moltissimi i ristoranti capaci di soddisfare i palati pi\u00f9 curiosi, in una vera e propria celebrazione dell&#8217;arte culinaria: i locali a cucina tematica vanno dalla \u201cnew age\u201d, alla mediterranea, dalla etnica, alla vegetariana, dal sushi, alla nazionale (o criolla). Squisiti vini mettono in difficolt\u00e0 al momento della scelta per cui \u00e8 bene lasciarsi guidare da esperti per l\u2019abbinamento (il \u201cmaridaje\u201d).<\/p>\n<p>Non si pu\u00f2 non ricordare, infine, la bevanda tipica del paese, il mate, un&#8217;infusione delle foglie essiccate dell&#8217;omonima pianta, che per gli argentini \u00e8 immancabile e che si beve quasi in una sorta di rituale, lontano dai pasti.<\/p>\n<h3><span style=\"color: #ff6600\">Quando viaggiare \/ Clima<\/span><\/h3>\n<p>La vasta estensione e la variet\u00e0 paesaggistica fanno dell&#8217;Argentina una meta ideale in qualsiasi momento dell&#8217;anno.<\/p>\n<p>L\u2019estate, che va dalla fine di novembre a marzo, \u00e8 calda e umida alla latitudine di Buenos Aires ed \u00e8, per le lunghe giornate e le miti temperature, la stagione migliore per visitare il sud del Paese.<br \/>\nIn inverno, da giugno ad settembre \u00e8 consigliabile viaggiare al nord e nel nord-ovest, dove le piogge sono meno frequenti e le temperature tropicali pi\u00f9 contenute.<\/p>\n<p>Luglio e agosto sono ideale per lo sci nei numerosi centri invernali. Il periodo per l&#8217;avvistamento delle balene nella zona della Penisola Vald\u00e9s va da giugno a met\u00e0 dicembre.<\/p>\n","protected":false},"excerpt":{"rendered":"<p>Morbide vallate e ghiacciai monumentali, montagne impervie e altipiani multicolori, pianure distese oltre l&#8217;orizzonte e cascate imponenti: questo e molto altro rendono l&#8217;Argentina un paese di ineguagliabile bellezza, dall&#8217;agreste Terra del Fuoco alla Selva&#46;&#46;&#46;<\/p>\n","protected":false},"author":2,"featured_media":2848,"parent":0,"menu_order":0,"comment_status":"closed","ping_status":"closed","template":"","meta":{"dwc-title":[""],"dwc-content":["<table>\r\n<tbody>\r\n<tr>\r\n<td style=\"background-color: #696969;\">\r\n<h5><span style=\"color: #ffffff;\">INFO ARGENTINA<\/span><\/h5>\r\n<\/td>\r\n<\/tr>\r\n<tr>\r\n<td style=\"background-color: #999999;\">\r\n<h5><span style=\"color: #ffffff;\">DOCUMENTAZIONE<\/span><\/h5>\r\n<\/td>\r\n<\/tr>\r\n<tr>\r\n<td>\r\n<h5><span style=\"font-size: 16px;\">Per cittadini italiani in ingresso in Argentina, per soggiorni turistici inferiori ai tre mesi, \u00e8 sufficiente avere il Passaporto vigente, senza necessit\u00e0 di visto.<\/span><\/h5>\r\n<\/td>\r\n<\/tr>\r\n<tr>\r\n<td style=\"background-color: #999999;\">\r\n<h5><span style=\"color: #ffffff;\">MONETA<\/span><\/h5>\r\n<\/td>\r\n<\/tr>\r\n<tr>\r\n<td>\r\n<h5><span style=\"font-size: 16px;\">Il peso. Sono accettate da alberghi, ristoranti e da ogni tipo di fornitore di servizi turistici tutte le pi\u00f9 importanti carte di credito internazionali.<\/span><\/h5>\r\n<\/td>\r\n<\/tr>\r\n<tr>\r\n<td style=\"background-color: #999999;\">\r\n<h5><span style=\"color: #ffffff;\">LINGUA<\/span><\/h5>\r\n<\/td>\r\n<\/tr>\r\n<tr>\r\n<td>\r\n<h5><span style=\"font-size: 16px;\">Lo spagnolo. Nelle localit\u00e0 turistiche vengono parlati l\u2019inglese, il francese e l\u2019italiano.<\/span><\/h5>\r\n<\/td>\r\n<\/tr>\r\n<tr>\r\n<td style=\"background-color: #999999;\">\r\n<h5><span style=\"color: #ffffff;\">RACCOMANDAZIONI SANITARIE<\/span><\/h5>\r\n<\/td>\r\n<\/tr>\r\n<tr>\r\n<td>\r\n<h5>VACCINAZIONI OBBLIGATORIE: NESSUNA\r\nCONSIGLIATA QUELLA CONTRO LA FEBBRE GIALLA PER CHI VISITA LA ZONA DELLE CASCATE DI IGUAZ\u00da.<\/h5>\r\n<\/td>\r\n<\/tr>\r\n<tr>\r\n<td style=\"background-color: #999999;\">\r\n<h5><span style=\"color: #ffffff;\">Links<\/span><\/h5>\r\n<\/td>\r\n<\/tr>\r\n<tr>\r\n<td>\r\n<h5><a style=\"font-size: 16px; font-weight: normal;\" href=\"http:\/\/www.turismo.gov.ar\" target=\"_blank\" rel=\"noopener noreferrer\"><span style=\"color: #333333;\">WWW.TURISMO.GOV.AR<\/span><\/a><\/h5>\r\n<\/td>\r\n<\/tr>\r\n<\/tbody>\r\n<\/table>"],"footnotes":""},"class_list":["post-91","page","type-page","status-publish","has-post-thumbnail","hentry"],"_links":{"self":[{"href":"https:\/\/www.lctouroperator.com\/it\/wp-json\/wp\/v2\/pages\/91"}],"collection":[{"href":"https:\/\/www.lctouroperator.com\/it\/wp-json\/wp\/v2\/pages"}],"about":[{"href":"https:\/\/www.lctouroperator.com\/it\/wp-json\/wp\/v2\/types\/page"}],"author":[{"embeddable":true,"href":"https:\/\/www.lctouroperator.com\/it\/wp-json\/wp\/v2\/users\/2"}],"replies":[{"embeddable":true,"href":"https:\/\/www.lctouroperator.com\/it\/wp-json\/wp\/v2\/comments?post=91"}],"version-history":[{"count":60,"href":"https:\/\/www.lctouroperator.com\/it\/wp-json\/wp\/v2\/pages\/91\/revisions"}],"predecessor-version":[{"id":3180,"href":"https:\/\/www.lctouroperator.com\/it\/wp-json\/wp\/v2\/pages\/91\/revisions\/3180"}],"wp:featuredmedia":[{"embeddable":true,"href":"https:\/\/www.lctouroperator.com\/it\/wp-json\/wp\/v2\/media\/2848"}],"wp:attachment":[{"href":"https:\/\/www.lctouroperator.com\/it\/wp-json\/wp\/v2\/media?parent=91"}],"curies":[{"name":"wp","href":"https:\/\/api.w.org\/{rel}","templated":true}]}}