{"id":394,"date":"2013-10-08T10:20:18","date_gmt":"2013-10-08T13:20:18","guid":{"rendered":"http:\/\/www.lctouroperator.com\/it\/?page_id=394"},"modified":"2020-11-18T12:30:05","modified_gmt":"2020-11-18T15:30:05","slug":"brasil","status":"publish","type":"page","link":"https:\/\/www.lctouroperator.com\/it\/brasil\/","title":{"rendered":"Brasile"},"content":{"rendered":"<h2>Brasile, terra solare esuberante di vita: irriducibile allegria e indomita creativit\u00e0 trovano espressione, in primo luogo, nella musica quali la samba, bossa nova, tropicalismo e la capoeira \u2013 caratteristica fusione di danza e arte marziale. Questa creativit\u00e0 la ritroviamo anche nei teatri alternativi e nelle insuperabili feste come\u00a0 il carnevale di Rio di Janeiro e il Capodanno di Copacabana tra le pi\u00f9 famose al mondo.\u00a0 Il Brasile \u00e8 la poesia di Castro Alves e Manuel Bandeira, la letteratura di Roberto Machado e Jorge Amado; \u00e8 la religione che ingloba elementi dell\u2019animismo degli indios e dei culti africani, \u00e8 la passione per il calcio in ogni angolo del suo gigantesco territorio ed \u00e8 la voce di Caetano Veloso, di Gal Costa e di Gilberto Gil, di Anitta. Un viaggio senza spreco che apporta freschezza e mille piccole esperienze per arricchire il proprio bagaglio culturale.<\/h2>\n<h3>Programmi \/ Brasile<\/h3>\n<div class=\"woocommerce columns-3 \"><ul class=\"products columns-3\">\n<li class=\"product type-product post-1530 status-publish first instock product_cat-brasil product_cat-gli-speciali has-post-thumbnail shipping-taxable product-type-simple\">\n\t<a href=\"https:\/\/www.lctouroperator.com\/it\/producto\/brasile-autentico\/\" class=\"woocommerce-LoopProduct-link woocommerce-loop-product__link\"><img loading=\"lazy\" decoding=\"async\" width=\"219\" height=\"144\" src=\"https:\/\/www.lctouroperator.com\/it\/wp-content\/uploads\/2013\/10\/brasil-autentico-destacada-300x197.jpg\" class=\"attachment-woocommerce_thumbnail size-woocommerce_thumbnail\" alt=\"\" srcset=\"https:\/\/www.lctouroperator.com\/it\/wp-content\/uploads\/2013\/10\/brasil-autentico-destacada-300x197.jpg 300w, https:\/\/www.lctouroperator.com\/it\/wp-content\/uploads\/2013\/10\/brasil-autentico-destacada.jpg 350w\" sizes=\"(max-width: 219px) 100vw, 219px\" \/><h2 class=\"woocommerce-loop-product__title\">Brasile autentico<\/h2><div class=\"woocommerce-product-details__short-description\">\n\t<p>Brasile<br \/>\n8 giorni \/ 7 notti<\/p>\n<\/div>\n\n<\/a><\/li>\n<li class=\"product type-product post-1531 status-publish instock product_cat-brasil has-post-thumbnail shipping-taxable product-type-simple\">\n\t<a href=\"https:\/\/www.lctouroperator.com\/it\/producto\/cucina-arte-e-natura\/\" class=\"woocommerce-LoopProduct-link woocommerce-loop-product__link\"><img loading=\"lazy\" decoding=\"async\" width=\"219\" height=\"129\" src=\"https:\/\/www.lctouroperator.com\/it\/wp-content\/uploads\/2017\/02\/image-9-2-219x129.png\" class=\"attachment-woocommerce_thumbnail size-woocommerce_thumbnail\" alt=\"\" srcset=\"https:\/\/www.lctouroperator.com\/it\/wp-content\/uploads\/2017\/02\/image-9-2-219x129.png 219w, https:\/\/www.lctouroperator.com\/it\/wp-content\/uploads\/2017\/02\/image-9-2-350x206.png 350w, https:\/\/www.lctouroperator.com\/it\/wp-content\/uploads\/2017\/02\/image-9-2-300x176.png 300w, https:\/\/www.lctouroperator.com\/it\/wp-content\/uploads\/2017\/02\/image-9-2.png 680w\" sizes=\"(max-width: 219px) 100vw, 219px\" \/><h2 class=\"woocommerce-loop-product__title\">Cucina, arte e natura<\/h2><div class=\"woocommerce-product-details__short-description\">\n\t<p>Brasile<\/p>\n<p>9 giorni \/ 8 notti<\/p>\n<\/div>\n\n<\/a><\/li>\n<li class=\"product type-product post-1532 status-publish last instock product_cat-brasil has-post-thumbnail shipping-taxable product-type-simple\">\n\t<a href=\"https:\/\/www.lctouroperator.com\/it\/producto\/deserto-bianco-e-mare-turchese\/\" class=\"woocommerce-LoopProduct-link woocommerce-loop-product__link\"><img loading=\"lazy\" decoding=\"async\" width=\"219\" height=\"119\" src=\"https:\/\/www.lctouroperator.com\/it\/wp-content\/uploads\/2017\/02\/image-5-2-219x119.png\" class=\"attachment-woocommerce_thumbnail size-woocommerce_thumbnail\" alt=\"\" srcset=\"https:\/\/www.lctouroperator.com\/it\/wp-content\/uploads\/2017\/02\/image-5-2-219x119.png 219w, https:\/\/www.lctouroperator.com\/it\/wp-content\/uploads\/2017\/02\/image-5-2-350x190.png 350w, https:\/\/www.lctouroperator.com\/it\/wp-content\/uploads\/2017\/02\/image-5-2-300x163.png 300w, https:\/\/www.lctouroperator.com\/it\/wp-content\/uploads\/2017\/02\/image-5-2.png 500w\" sizes=\"(max-width: 219px) 100vw, 219px\" \/><h2 class=\"woocommerce-loop-product__title\">Deserto bianco e mare turchese<\/h2><div class=\"woocommerce-product-details__short-description\">\n\t<p>Brasile<br \/>\n10 giorni \/ 9 notti<\/p>\n<\/div>\n\n<\/a><\/li>\n<li class=\"product type-product post-1570 status-publish first instock product_cat-brasil has-post-thumbnail shipping-taxable product-type-simple\">\n\t<a href=\"https:\/\/www.lctouroperator.com\/it\/producto\/nordest-da-scoprire\/\" class=\"woocommerce-LoopProduct-link woocommerce-loop-product__link\"><img loading=\"lazy\" decoding=\"async\" width=\"219\" height=\"166\" src=\"https:\/\/www.lctouroperator.com\/it\/wp-content\/uploads\/2017\/02\/image-12-219x166.png\" class=\"attachment-woocommerce_thumbnail size-woocommerce_thumbnail\" alt=\"\" srcset=\"https:\/\/www.lctouroperator.com\/it\/wp-content\/uploads\/2017\/02\/image-12-219x166.png 219w, https:\/\/www.lctouroperator.com\/it\/wp-content\/uploads\/2017\/02\/image-12-350x266.png 350w, https:\/\/www.lctouroperator.com\/it\/wp-content\/uploads\/2017\/02\/image-12-768x583.png 768w, https:\/\/www.lctouroperator.com\/it\/wp-content\/uploads\/2017\/02\/image-12-303x230.png 303w, https:\/\/www.lctouroperator.com\/it\/wp-content\/uploads\/2017\/02\/image-12-300x228.png 300w, https:\/\/www.lctouroperator.com\/it\/wp-content\/uploads\/2017\/02\/image-12.png 900w\" sizes=\"(max-width: 219px) 100vw, 219px\" \/><h2 class=\"woocommerce-loop-product__title\">Nordest da scoprire<\/h2><div class=\"woocommerce-product-details__short-description\">\n\t<p>Brasile<br \/>\n10 giorni \/ 9 notti<\/p>\n<\/div>\n\n<\/a><\/li>\n<li class=\"product type-product post-1528 status-publish instock product_cat-brasil has-post-thumbnail shipping-taxable product-type-simple\">\n\t<a href=\"https:\/\/www.lctouroperator.com\/it\/producto\/tour-brasile\/\" class=\"woocommerce-LoopProduct-link woocommerce-loop-product__link\"><img loading=\"lazy\" decoding=\"async\" width=\"219\" height=\"144\" src=\"https:\/\/www.lctouroperator.com\/it\/wp-content\/uploads\/2013\/10\/inolvidable-tour-brasil-destacada-300x197.jpg\" class=\"attachment-woocommerce_thumbnail size-woocommerce_thumbnail\" alt=\"\" srcset=\"https:\/\/www.lctouroperator.com\/it\/wp-content\/uploads\/2013\/10\/inolvidable-tour-brasil-destacada-300x197.jpg 300w, https:\/\/www.lctouroperator.com\/it\/wp-content\/uploads\/2013\/10\/inolvidable-tour-brasil-destacada.jpg 350w\" sizes=\"(max-width: 219px) 100vw, 219px\" \/><h2 class=\"woocommerce-loop-product__title\">Tour Brasile<\/h2><div class=\"woocommerce-product-details__short-description\">\n\t<p>Brasile<br \/>\n12 giorni \/ 11 notti<\/p>\n<\/div>\n\n<\/a><\/li>\n<\/ul>\n<\/div>\n<h3 style=\"text-align: justify;\">Mangiare e bere<\/h3>\n<p>Gli influssi della colonizzazione portoghese, insieme alle tracce delle culture indigene mescolate alle tradizioni africane caratterizzano la cucina brasiliana e la diversificano secondo la regione. Eccellenti esempi sono la saporita feijoada a Rio de Janeiro, la vatap\u00e1 baiana -a base di pesce e gamberi- il pato no tucupi &#8211; anatra cucinata in una salsa fortemente aromatica- e il tacac\u00e1 -a base di gamberi ed aglio &#8211; dell&#8217;Amazzonia. Dal piatto caratteristico del Rio Grande do Sul, il churrasco, spiedo di carne alla griglia di grandi dimensioni di cui prendono il nome\u00a0 le <i>churrascarias<\/i>, che oltre\u00a0 alla carne grigliata propongo diverse insalate e un variato men\u00f9 a prezzo fisso. Ma c&#8217;\u00e8 una cucina che spicca in tutto il Brasile nonostante la ricca gastronomia di ogni stato: la cucina mineira. Possiamo dire che non esiste citt\u00e0 in Brasile dove non si trovi almeno un ristorante mineiro. Il segreto\u00a0 di questa cucina che cuoce tutto in pentola di ferro sta soprattutto negli ingredienti semplici e naturali e nella capacit\u00e0 di abbinare sapori e profumi creando piatti tipici che conquistano i palati pi\u00f9 esigenti. Da assaggiare assolutamente <i>l&#8217;Angu mineiro\u00a0\u00a0<\/i>a base di farina di mais, i\u00a0<i>feij\u00e3o tropeiro,<\/i>\u00a0fagioli cotti nelle caratteristiche pentole di ferro con diversi ingredienti tra cui come farina di mandioca, cipolla, aglio<i>, lingui\u00e7a (salsiccia locale).\u00a0<\/i>Altri piatti:\u00a0<i>pernil assado(<\/i>di maiale<i>)<\/i>,\u00a0<i>frango (pollo)de quiabo (<\/i>okra<i>) e angu, <\/i><i>galinha\u00a0ao molho pardo,<\/i>\u00a0<i> frango \u00e0\u00a0mineira..\u00a0<\/i>Da non perdere magari anche a colazione il famoso\u00a0<i>p\u00e3o di queijo.\u00a0<\/i>Alcuni dolci, considerando comunque che i dolci brasiliani sono spesso troppo dolci,\u00a0\u00a0<em>Romeu &amp; Julieta\u00a0<\/em>un modo per assaggiare il famoso formaggio di Minas in quanto questo dolce non \u00e8 altro che fette di formaggio mineiro con goiabada (guaiava) e latte condensato; mousse di maracuya (frutto della passione) mousse di cocco, cocada, tra molti altri.<\/p>\n<p>Da bere per accompagnare i pasti o gli spuntini veloci consumati al bancone dei tipici bar, i lanchonetes, i brasiliani preferiscono il succo di frutta, l&#8217;acqua di cocco, il guaran\u00e0: una bibita analcolica energizzante molto diffusa in tutto il paese (contiene caffeina). Molto popolare anche la birra mentre il consumo di vino \u00e8 diffuso\u00a0 in ristoranti che propongono soprattutto piatti della gastronomia internazionale. Il drink locale pi\u00f9 famoso \u00e8 la<i>\u00a0caipirinha<\/i>\u00a0con cacha\u00e7a (liquore da canna di zucchero), limone, zucchero e tanto ghiaccio.<\/p>\n<h3 style=\"text-align: justify;\"><span style=\"color: #ff6600;\">Quando\u00a0viaggiare\/Clima<\/span><\/h3>\n<p style=\"text-align: justify;\">La maggior parte del paese pu\u00f2 essere visitata durante tutto l&#8217;arco dell&#8217;anno. Nell&#8217;Amazzonia il periodo pi\u00f9 indicato per viaggiare va da giugno a ottobre, quando le piogge sono meno frequenti. Sulla costa atlantica il clima \u00e8 tropicale umido, con temperature miti in inverno (da maggio a agosto) e decisamente calde in estate (da novembre a febbraio) .<\/p>\n","protected":false},"excerpt":{"rendered":"<p>Brasile, terra solare esuberante di vita: irriducibile allegria e indomita creativit\u00e0 trovano espressione, in primo luogo, nella musica quali la samba, bossa nova, tropicalismo e la capoeira \u2013 caratteristica fusione di danza e arte&#46;&#46;&#46;<\/p>\n","protected":false},"author":2,"featured_media":2908,"parent":0,"menu_order":0,"comment_status":"closed","ping_status":"closed","template":"","meta":{"dwc-title":[""],"dwc-content":["<table>\r\n<tbody>\r\n<tr>\r\n<td style=\"background-color: #696969;\">\r\n<h5><span style=\"color: #ffffff;\">INFO\u00a0BRASIL<\/span><\/h5>\r\n<\/td>\r\n<\/tr>\r\n<tr>\r\n<td style=\"background-color: #999999;\">\r\n<h5><span style=\"color: #ffffff;\">DOCUMENTAZIONE<\/span><\/h5>\r\n<\/td>\r\n<\/tr>\r\n<tr>\r\n<td>\r\n<h5>PER CITTADINI ITALIANI IN INGRESSO IN BRASILE PER SOGGIORNI TURISTICI INFERIORI AI TRE MESI \u00c8 SUFFI CIENTE AVERE IL PASSAPORTO VIGENTE, SENZA NECESSIT\u00c0 DI VISTO.\r\nSE VI RECATE IN BRASILE DALLA BOLIVIA, OCCORRE TENER PRESENTE CHE LE AUTORIT\u00e0 BRASILIANO RICHIEDONO IL CERTIFICATO DI VACCINAZIONE CONTRO LA FEBBRE GIALLA A TUTTI I VIAGGIATORI PROVENIENTI DAL TALE PAESE.<\/h5>\r\n<\/td>\r\n<\/tr>\r\n<tr>\r\n<td style=\"background-color: #999999;\">\r\n<h5><span style=\"color: #ffffff;\">MONETA<\/span><\/h5>\r\n<\/td>\r\n<\/tr>\r\n<tr>\r\n<td>\r\n<h5>IL REAL (R$). SONO LARGAMENTE ACCETTATE DA ALBERGHI, RISTORANTI E DA OGNI TIPO DI FORNITORE DI SERVIZI TURISTICI TUTTE LE PI\u00d9 IMPORTANTI CARTE DI CREDITO INTERNAZIONALI.<\/h5>\r\n<\/td>\r\n<\/tr>\r\n<tr>\r\n<td style=\"background-color: #999999;\">\r\n<h5><span style=\"color: #ffffff;\">LINGUA<\/span><\/h5>\r\n<\/td>\r\n<\/tr>\r\n<tr>\r\n<td>\r\n<h5>IL PORTOGHESE. NELLE LOCALIT\u00c0 TURISTICHE VENGONO PARLATI L\u2019INGLESE, IL FRANCESE E, NEL SUD DEL PAESE, LO SPAGNOLO E L\u2019ITALIANO.<\/h5>\r\n<\/td>\r\n<\/tr>\r\n<tr>\r\n<td style=\"background-color: #999999;\">\r\n<h5><span style=\"color: #ffffff;\">RACCOMANDAZIONI SANITARIE<\/span><\/h5>\r\n<\/td>\r\n<\/tr>\r\n<tr>\r\n<td>\r\n<h5>Non \u00e8 richiesto nessun tipo di vaccinazione per entrare nel paese. Per il soggiorno in alcune zone \u00e8 consigliata, a scopo preventivo, una profi lassi antimalarica (nel caso di navigazione lungo fi umi o lagune). Anche il vaccino anti febbre gialla \u00e8 raccomandato se si visitano le seguenti regioni: Acre, Amazonas, Amap\u00e1, Bras\u00edlia, Goi\u00e1s, Maranh\u00e3o, Mato Grosso do Sul, Par\u00e1, Rond\u00f4nia, Roraima e Tocantins. E\u2019 preferibile consumare acqua imbottigliata ed evitare cibi crudi e ghiaccio.<\/h5>\r\n<\/td>\r\n<\/tr>\r\n<tr>\r\n<td style=\"background-color: #999999;\">\r\n<h5><span style=\"color: #ffffff;\">Links<\/span><\/h5>\r\n<\/td>\r\n<\/tr>\r\n<tr>\r\n<td>\r\n<h5><a href=\"http:\/\/www.visitbrasil.com\/\" target=\"_blank\" rel=\"noopener noreferrer\">WWW.VISITBRASIL.COM<\/a><\/h5>\r\n<\/td>\r\n<\/tr>\r\n<\/tbody>\r\n<\/table>"],"footnotes":""},"class_list":["post-394","page","type-page","status-publish","has-post-thumbnail","hentry"],"_links":{"self":[{"href":"https:\/\/www.lctouroperator.com\/it\/wp-json\/wp\/v2\/pages\/394"}],"collection":[{"href":"https:\/\/www.lctouroperator.com\/it\/wp-json\/wp\/v2\/pages"}],"about":[{"href":"https:\/\/www.lctouroperator.com\/it\/wp-json\/wp\/v2\/types\/page"}],"author":[{"embeddable":true,"href":"https:\/\/www.lctouroperator.com\/it\/wp-json\/wp\/v2\/users\/2"}],"replies":[{"embeddable":true,"href":"https:\/\/www.lctouroperator.com\/it\/wp-json\/wp\/v2\/comments?post=394"}],"version-history":[{"count":36,"href":"https:\/\/www.lctouroperator.com\/it\/wp-json\/wp\/v2\/pages\/394\/revisions"}],"predecessor-version":[{"id":2924,"href":"https:\/\/www.lctouroperator.com\/it\/wp-json\/wp\/v2\/pages\/394\/revisions\/2924"}],"wp:featuredmedia":[{"embeddable":true,"href":"https:\/\/www.lctouroperator.com\/it\/wp-json\/wp\/v2\/media\/2908"}],"wp:attachment":[{"href":"https:\/\/www.lctouroperator.com\/it\/wp-json\/wp\/v2\/media?parent=394"}],"curies":[{"name":"wp","href":"https:\/\/api.w.org\/{rel}","templated":true}]}}