{"id":389,"date":"2013-10-08T10:10:55","date_gmt":"2013-10-08T13:10:55","guid":{"rendered":"http:\/\/www.lctouroperator.com\/it\/?page_id=389"},"modified":"2020-11-02T05:14:48","modified_gmt":"2020-11-02T08:14:48","slug":"uruguay","status":"publish","type":"page","link":"https:\/\/www.lctouroperator.com\/it\/uruguay\/","title":{"rendered":"Uruguay"},"content":{"rendered":"<p><!--:es--><\/p>\n<div class=\"row\">\n<div class=\"nine columns\">\n<h2>L&#8217;Uruguay con poco pi\u00f9 di tre milioni di abitanti, dall&#8217;aspetto antico e dal volto cordiale \u00e8 mix perfetto tra antichit\u00e0 e modernit\u00e0: lo si scopre nelle tradizioni, nell&#8217;architettura, nello stile di vita, nella gastronomia e in una vivacissima vita culturale: un&#8217;eccellente destinazione tutto l&#8217;anno, ma specialmente nell&#8217;estate australe (dicembre, gennaio e febbraio) quando si pu\u00f2 godere le sue spiagge atlantiche spesso selvagge e incontaminate, dove ogni sera la gente applaude l&#8217;uscita di scena del sole che \u201cva a dormire\u201d nel mare. Montevideo, la capitale, \u00e8 colta e melanconica, con reminiscenze francesi e i suoi quartieri afro &#8211; vivacissimi da fine gennaio a tutto febbraio per il carnevale colorato e allegro che da vita a tutto &#8211; mentre Punta del Este splende per le spiagge famose, l&#8217;alta gastronomia, la vita notturna,\u00a0 gallerie d\u2019arte, eventi culturali e musicali di prim&#8217;ordine, insieme a strutture ricettive dall&#8217;elegante design e sport esclusivi.<\/h2>\n<h3>Programmi \/ Uruguay<\/h3>\n<div class=\"woocommerce columns-3 \"><ul class=\"products columns-3\">\n<li class=\"product type-product post-692 status-publish first instock product_cat-uruguay has-post-thumbnail shipping-taxable product-type-simple\">\n\t<a href=\"https:\/\/www.lctouroperator.com\/it\/producto\/joyas-del-uruguay\/\" class=\"woocommerce-LoopProduct-link woocommerce-loop-product__link\"><img loading=\"lazy\" decoding=\"async\" width=\"219\" height=\"144\" src=\"https:\/\/www.lctouroperator.com\/it\/wp-content\/uploads\/2013\/10\/joyas-del-uruguay-destacada-300x197.jpg\" class=\"attachment-woocommerce_thumbnail size-woocommerce_thumbnail\" alt=\"\" srcset=\"https:\/\/www.lctouroperator.com\/it\/wp-content\/uploads\/2013\/10\/joyas-del-uruguay-destacada-300x197.jpg 300w, https:\/\/www.lctouroperator.com\/it\/wp-content\/uploads\/2013\/10\/joyas-del-uruguay-destacada.jpg 350w\" sizes=\"(max-width: 219px) 100vw, 219px\" \/><h2 class=\"woocommerce-loop-product__title\">Gioielli dell&#8217;Uruguay<\/h2><div class=\"woocommerce-product-details__short-description\">\n\t<p>Uruguay<br \/>\n6 Giorni \/ 5 Notti<\/p>\n<\/div>\n\n<\/a><\/li>\n<li class=\"product type-product post-690 status-publish instock product_cat-uruguay has-post-thumbnail shipping-taxable product-type-simple\">\n\t<a href=\"https:\/\/www.lctouroperator.com\/it\/producto\/en-la-cuna-del-candombe\/\" class=\"woocommerce-LoopProduct-link woocommerce-loop-product__link\"><img loading=\"lazy\" decoding=\"async\" width=\"219\" height=\"145\" src=\"https:\/\/www.lctouroperator.com\/it\/wp-content\/uploads\/2013\/10\/image-6-300x198.png\" class=\"attachment-woocommerce_thumbnail size-woocommerce_thumbnail\" alt=\"\" srcset=\"https:\/\/www.lctouroperator.com\/it\/wp-content\/uploads\/2013\/10\/image-6-300x198.png 300w, https:\/\/www.lctouroperator.com\/it\/wp-content\/uploads\/2013\/10\/image-6-350x230.png 350w, https:\/\/www.lctouroperator.com\/it\/wp-content\/uploads\/2013\/10\/image-6.png 586w\" sizes=\"(max-width: 219px) 100vw, 219px\" \/><h2 class=\"woocommerce-loop-product__title\">Nella Culla del Candombe<\/h2><div class=\"woocommerce-product-details__short-description\">\n\t<p>Uruguay<br \/>\n8 Giorni \/ 7 Notti<\/p>\n<\/div>\n\n<\/a><\/li>\n<\/ul>\n<\/div>\n<h3 class=\"h3pais\">Mangiare e Bere<\/h3>\n<p>La gastronomia \u00e8 tra le tradizioni pi\u00f9 care alla cultura uruguaiana. Il cibo tipico \u00e8 dell&#8217;epoca dei gauchos: la mitica carne grigliata. Numerose le \u00abparrilladas\u00bb dove degustare le migliori carni\u00a0 cos\u00ec come \u201cchiviter\u00edas\u201d dove un chivito ovvero un panino abbrustolito e carne grigliata farciti con pomodoro, lattuga e a piacere persino uovo fritto.. \u00e8 tra il\u00a0miglior fast-food locale con le famose\u00a0<i>empanadas<\/i>. Pesci e frutti di mare soprattutto nei ristoranti delle diverse citt\u00e0 marittime. Grande l&#8217;influenza italiana nella cucina locale: pasta e pizze sono tra le pi\u00f9 popolari. Da assaggiare una tipica specialit\u00e0 locale: la pizza \u00aba cavallo\u00bb in pratica alla pizza margherita si aggiunge una fine focaccia di farina di ceci.\u00a0 Ci sono eccellenti vini uruguaiani, con la variet\u00e0 Tannat, cavallo di battaglia assoluto a livello mondiale. E per fare un\u2019esperienza uruguaiana al 100 %, niente di meglio che\u00a0 assaggiare il mate un vero e proprio rito molto diffuso anche tra i giovani.<\/p>\n<h3 class=\"h3pais\">Quando viaggiare<\/h3>\n<p>E&#8217; possibile visitare il paese in qualsiasi momento dell&#8217;anno anche se nell&#8217;estate australe da inizio di dicembre a fine marzo- il paese mostra tutto il suo splendore naturale e culturale. Il carnevale- che inizia sin da fine gennaio-\u00a0 \u00e8 un fatto culturale molto interessante dove le numerose \u00abmurgas\u00bb, gruppi che coi colorati vestiti cantano, danzano a ritmo di tamburi mentre si prendono con sarcasmo e satira\u00a0 diverse realt\u00e0 della vita politica o d&#8217;interesse\u00a0pubblico del momento, quasi un teatro all&#8217;aria aperta molto interessanti.<\/p>\n<h3>Clima<\/h3>\n<p>Temperato. L\u2019Uruguay \u00e8 caratterizzato dalla variabilit\u00e0 del suo clima. In una giornata lo stato del tempo pu\u00f3 cambiare varie volte. Essendo un paese abbastanza umido la \u201csensazione termica\u201d \u00e8 in genere un po\u2019 al di sotto o al di sopra della temperatura effettivamente registrata. Presenti venti stagionali. L\u2019estate \u00e9 calda, con una minima di 17 \u00ba C ed una massima di 43\u00ba C (dicembre-marzo). In inverno le temperature sono di 6\u00ba C e i 14\u00ba C (nel mese di luglio), ed \u00e8 frequente la brina.<\/p>\n<\/div>\n<\/div>\n<p><!--:--><\/p>\n","protected":false},"excerpt":{"rendered":"<p>L&#8217;Uruguay con poco pi\u00f9 di tre milioni di abitanti, dall&#8217;aspetto antico e dal volto cordiale \u00e8 mix perfetto tra antichit\u00e0 e modernit\u00e0: lo si scopre nelle tradizioni, nell&#8217;architettura, nello stile di vita, nella gastronomia&#46;&#46;&#46;<\/p>\n","protected":false},"author":2,"featured_media":606,"parent":0,"menu_order":0,"comment_status":"closed","ping_status":"closed","template":"","meta":{"dwc-title":[""],"dwc-content":["<table>\r\n<tbody>\r\n<tr>\r\n<td style=\"background-color: #696969;\">\r\n<h5><span style=\"color: #ffffff;\">INFO\u00a0URUGUAY<\/span><\/h5>\r\n<\/td>\r\n<\/tr>\r\n<tr>\r\n<td style=\"background-color: #999999;\">\r\n<h5><span style=\"color: #ffffff;\">DOCUMENTAZIONE<\/span><\/h5>\r\n<\/td>\r\n<\/tr>\r\n<tr>\r\n<td>\r\n<h5>PASSAPORTO IN VIGORE<\/h5>\r\n<\/td>\r\n<\/tr>\r\n<tr>\r\n<td style=\"background-color: #999999;\">\r\n<h5><span style=\"color: #ffffff;\">MONETA<\/span><\/h5>\r\n<\/td>\r\n<\/tr>\r\n<tr>\r\n<td>\r\n<h5>PESO URUGUAIANO. SI CAMBIANO SENZA PROBLEMI IN TUTTE LE CITT\u00c0 E DESTINI TURISTICI, EURO, DOLLARI AMERICANI E TRAVELLER'S CHEQUES. HOTEL, RISTORANTI E PRESTATORI DI SERVIZI TURISTICI ACCETTANO LE PRINCIPALI CARTE DI CREDITO INTERNAZIONALI.<\/h5>\r\n<\/td>\r\n<\/tr>\r\n<tr>\r\n<td style=\"background-color: #999999;\">\r\n<h5><span style=\"color: #ffffff;\">LINGUA<\/span><\/h5>\r\n<\/td>\r\n<\/tr>\r\n<tr>\r\n<td>\r\n<h5>SPAGNOLO<\/h5>\r\n<\/td>\r\n<\/tr>\r\n<tr>\r\n<td style=\"background-color: #999999;\">\r\n<h5><span style=\"color: #ffffff;\">RACCOMANDAZIONI SANITARIE<\/span><\/h5>\r\n<\/td>\r\n<\/tr>\r\n<tr>\r\n<td>\r\n<h5>NESSUNA.<\/h5>\r\n<\/td>\r\n<\/tr>\r\n<tr>\r\n<td style=\"background-color: #999999;\">\r\n<h5><span style=\"color: #ffffff;\">Links<\/span><\/h5>\r\n<\/td>\r\n<\/tr>\r\n<tr>\r\n<td>\r\n<h5><a href=\"http:\/\/www.turismo.gub.uy\" target=\"_blank\" rel=\"noopener noreferrer\">www.turismo.gub.uy<\/a><\/h5>\r\n<\/td>\r\n<\/tr>\r\n<\/tbody>\r\n<\/table>"],"footnotes":""},"class_list":["post-389","page","type-page","status-publish","has-post-thumbnail","hentry"],"_links":{"self":[{"href":"https:\/\/www.lctouroperator.com\/it\/wp-json\/wp\/v2\/pages\/389"}],"collection":[{"href":"https:\/\/www.lctouroperator.com\/it\/wp-json\/wp\/v2\/pages"}],"about":[{"href":"https:\/\/www.lctouroperator.com\/it\/wp-json\/wp\/v2\/types\/page"}],"author":[{"embeddable":true,"href":"https:\/\/www.lctouroperator.com\/it\/wp-json\/wp\/v2\/users\/2"}],"replies":[{"embeddable":true,"href":"https:\/\/www.lctouroperator.com\/it\/wp-json\/wp\/v2\/comments?post=389"}],"version-history":[{"count":22,"href":"https:\/\/www.lctouroperator.com\/it\/wp-json\/wp\/v2\/pages\/389\/revisions"}],"predecessor-version":[{"id":2884,"href":"https:\/\/www.lctouroperator.com\/it\/wp-json\/wp\/v2\/pages\/389\/revisions\/2884"}],"wp:featuredmedia":[{"embeddable":true,"href":"https:\/\/www.lctouroperator.com\/it\/wp-json\/wp\/v2\/media\/606"}],"wp:attachment":[{"href":"https:\/\/www.lctouroperator.com\/it\/wp-json\/wp\/v2\/media?parent=389"}],"curies":[{"name":"wp","href":"https:\/\/api.w.org\/{rel}","templated":true}]}}