{"id":387,"date":"2013-10-08T10:10:20","date_gmt":"2013-10-08T13:10:20","guid":{"rendered":"http:\/\/www.lctouroperator.com\/it\/?page_id=387"},"modified":"2020-09-15T08:42:32","modified_gmt":"2020-09-15T11:42:32","slug":"mexico","status":"publish","type":"page","link":"https:\/\/www.lctouroperator.com\/it\/mexico\/","title":{"rendered":"Messico"},"content":{"rendered":"<h2>Storia millenaria, mistero, magia, colori e ritmi sorprendenti\u00a0 come quella dei\u00a0<i>mariacis<\/i> che cantano all&#8217;amore, alle sue passioni, alle sue gesta e alle sue tragedie\u2026 Struggente nostalgia che all&#8217;improvviso esplode in euforia contagiosa. Qui tutto \u00e8 popolare e vivace: antichi templi coloniali e grandiose rovine secolari\u00a0 racchiudono leggende ritrovate che incantano e trasmettono l\u2019armonia tra quel passato e un presente &#8211; seppur travagliato &#8211; in una convivenza perfetta.<\/h2>\n<h2>Ogni percorso proposto qui offre la possibilit\u00e0 di arricchirsi di esperienze uniche a contatto con la storia, la cultura e la natura spesso esuberante di questo splendido Messico.<\/h2>\n<h3>Programmi \/ Messico<\/h3>\n<div class=\"woocommerce columns-3 \"><ul class=\"products columns-3\">\n<li class=\"product type-product post-1987 status-publish first instock product_cat-mexico has-post-thumbnail shipping-taxable product-type-simple\">\n\t<a href=\"https:\/\/www.lctouroperator.com\/it\/producto\/chiapas-yucatan\/\" class=\"woocommerce-LoopProduct-link woocommerce-loop-product__link\"><img loading=\"lazy\" decoding=\"async\" width=\"219\" height=\"144\" src=\"https:\/\/www.lctouroperator.com\/it\/wp-content\/uploads\/2017\/04\/Mexico-Palenque-ppal-300x197.jpg\" class=\"attachment-woocommerce_thumbnail size-woocommerce_thumbnail\" alt=\"\" srcset=\"https:\/\/www.lctouroperator.com\/it\/wp-content\/uploads\/2017\/04\/Mexico-Palenque-ppal-300x197.jpg 300w, https:\/\/www.lctouroperator.com\/it\/wp-content\/uploads\/2017\/04\/Mexico-Palenque-ppal-350x230.jpg 350w, https:\/\/www.lctouroperator.com\/it\/wp-content\/uploads\/2017\/04\/Mexico-Palenque-ppal.jpg 600w\" sizes=\"(max-width: 219px) 100vw, 219px\" \/><h2 class=\"woocommerce-loop-product__title\">Chiapas &#8211; Yucatan<\/h2><div class=\"woocommerce-product-details__short-description\">\n\t<p>Messico<br \/>\n12 giorni \/ 11 notti<\/p>\n<\/div>\n\n<\/a><\/li>\n<li class=\"product type-product post-1986 status-publish instock product_cat-mexico has-post-thumbnail shipping-taxable product-type-simple\">\n\t<a href=\"https:\/\/www.lctouroperator.com\/it\/producto\/chihuahua-bassa-california\/\" class=\"woocommerce-LoopProduct-link woocommerce-loop-product__link\"><img loading=\"lazy\" decoding=\"async\" width=\"219\" height=\"181\" src=\"https:\/\/www.lctouroperator.com\/it\/wp-content\/uploads\/2017\/04\/tren-chepe-278x230.jpg\" class=\"attachment-woocommerce_thumbnail size-woocommerce_thumbnail\" alt=\"\" srcset=\"https:\/\/www.lctouroperator.com\/it\/wp-content\/uploads\/2017\/04\/tren-chepe-278x230.jpg 278w, https:\/\/www.lctouroperator.com\/it\/wp-content\/uploads\/2017\/04\/tren-chepe-350x289.jpg 350w, https:\/\/www.lctouroperator.com\/it\/wp-content\/uploads\/2017\/04\/tren-chepe-300x248.jpg 300w, https:\/\/www.lctouroperator.com\/it\/wp-content\/uploads\/2017\/04\/tren-chepe.jpg 484w\" sizes=\"(max-width: 219px) 100vw, 219px\" \/><h2 class=\"woocommerce-loop-product__title\">Chihuahua &#038; Bassa California<\/h2><div class=\"woocommerce-product-details__short-description\">\n\t<p>Messico<br \/>\n7 giorni \/ 6 notti<\/p>\n<\/div>\n\n<\/a><\/li>\n<li class=\"product type-product post-2081 status-publish last instock product_cat-mexico has-post-thumbnail featured shipping-taxable product-type-simple\">\n\t<a href=\"https:\/\/www.lctouroperator.com\/it\/producto\/eredita-maya\/\" class=\"woocommerce-LoopProduct-link woocommerce-loop-product__link\"><img loading=\"lazy\" decoding=\"async\" width=\"219\" height=\"146\" src=\"https:\/\/www.lctouroperator.com\/it\/wp-content\/uploads\/2017\/05\/Edzna-c-300x200.jpg\" class=\"attachment-woocommerce_thumbnail size-woocommerce_thumbnail\" alt=\"\" srcset=\"https:\/\/www.lctouroperator.com\/it\/wp-content\/uploads\/2017\/05\/Edzna-c-300x200.jpg 300w, https:\/\/www.lctouroperator.com\/it\/wp-content\/uploads\/2017\/05\/Edzna-c-350x233.jpg 350w, https:\/\/www.lctouroperator.com\/it\/wp-content\/uploads\/2017\/05\/Edzna-c-345x230.jpg 345w, https:\/\/www.lctouroperator.com\/it\/wp-content\/uploads\/2017\/05\/Edzna-c.jpg 600w\" sizes=\"(max-width: 219px) 100vw, 219px\" \/><h2 class=\"woocommerce-loop-product__title\">Eredit\u00e0 Maya<\/h2><div class=\"woocommerce-product-details__short-description\">\n\t<p>Messico<br \/>\n12 giorni \/ 11 notti<\/p>\n<\/div>\n\n<\/a><\/li>\n<li class=\"product type-product post-1966 status-publish first instock product_cat-mexico has-post-thumbnail shipping-taxable product-type-simple\">\n\t<a href=\"https:\/\/www.lctouroperator.com\/it\/producto\/messico-culturale-magia-maya\/\" class=\"woocommerce-LoopProduct-link woocommerce-loop-product__link\"><img loading=\"lazy\" decoding=\"async\" width=\"219\" height=\"146\" src=\"https:\/\/www.lctouroperator.com\/it\/wp-content\/uploads\/2017\/04\/Palacio-de-Bellas-Artes-Mexico-c-300x200.jpg\" class=\"attachment-woocommerce_thumbnail size-woocommerce_thumbnail\" alt=\"\" srcset=\"https:\/\/www.lctouroperator.com\/it\/wp-content\/uploads\/2017\/04\/Palacio-de-Bellas-Artes-Mexico-c-300x200.jpg 300w, https:\/\/www.lctouroperator.com\/it\/wp-content\/uploads\/2017\/04\/Palacio-de-Bellas-Artes-Mexico-c-350x233.jpg 350w, https:\/\/www.lctouroperator.com\/it\/wp-content\/uploads\/2017\/04\/Palacio-de-Bellas-Artes-Mexico-c-345x230.jpg 345w, https:\/\/www.lctouroperator.com\/it\/wp-content\/uploads\/2017\/04\/Palacio-de-Bellas-Artes-Mexico-c.jpg 600w\" sizes=\"(max-width: 219px) 100vw, 219px\" \/><h2 class=\"woocommerce-loop-product__title\">Messico Culturale &#038; Magia Maya<\/h2><div class=\"woocommerce-product-details__short-description\">\n\t<p>Messico<br \/>\n12 giorni \/ 11 notti<\/p>\n<\/div>\n\n<\/a><\/li>\n<li class=\"product type-product post-1511 status-publish instock product_cat-mexico has-post-thumbnail shipping-taxable product-type-simple\">\n\t<a href=\"https:\/\/www.lctouroperator.com\/it\/producto\/programma-di-turismo-religioso\/\" class=\"woocommerce-LoopProduct-link woocommerce-loop-product__link\"><img loading=\"lazy\" decoding=\"async\" width=\"219\" height=\"144\" src=\"https:\/\/www.lctouroperator.com\/it\/wp-content\/uploads\/2017\/02\/capilla-del-rosario-turismo-religioso-300x197.jpg\" class=\"attachment-woocommerce_thumbnail size-woocommerce_thumbnail\" alt=\"\" srcset=\"https:\/\/www.lctouroperator.com\/it\/wp-content\/uploads\/2017\/02\/capilla-del-rosario-turismo-religioso-300x197.jpg 300w, https:\/\/www.lctouroperator.com\/it\/wp-content\/uploads\/2017\/02\/capilla-del-rosario-turismo-religioso.jpg 350w\" sizes=\"(max-width: 219px) 100vw, 219px\" \/><h2 class=\"woocommerce-loop-product__title\">Messico da Scoprire<\/h2><div class=\"woocommerce-product-details__short-description\">\n\t<p>Messico<br \/>\n12 giorni \/ \u00a011 notti<\/p>\n<\/div>\n\n<\/a><\/li>\n<\/ul>\n<\/div>\n<h3><span style=\"color: #ff6600;\">Caratteristiche principali per regione<\/span><\/h3>\n<p>Il\u00a0<strong>Nord<\/strong>\u00a0si caratterizza per i suoi deserti, le riserve naturali e la ripida conformazione della sierra, cos\u00ec come per le citt\u00e0 industriali e i negozi.<br \/>\nChihuahua e dintorni spiccano come punto di interesse turistico-culturale. Pi\u00f9 ad Est la Penisola della\u00a0<strong>Bassa California, Los Cabos<\/strong>\u00a0\u00e8 ideale\u00a0\u00a0per praticare il golf in campi di livello mondiale, per scoprire i tesori marini del Mar de Cort\u00e9s e assistere al meraviglioso arrivo della balena grigia sulle sue coste. Al<strong>\u00a0Centro-nord,\u00a0\u00a0<\/strong>la\u00a0capitale del Messico e nelle citt\u00e0 circostanti\u00a0davvero fantastiche si\u00a0potranno incontrare vari scenari naturali, pittoreschi villaggi pieni di festa e colore, bellissime citt\u00e0 coloniali Patrimonio UNESCO dell&#8217;Umanit\u00e0. Sulla Costa del Pacifico la gi\u00e0\u00a0<strong>Acapulco<\/strong>\u00a0in passato la spiaggia dei vip possiede una ricca eredit\u00e0 culturale e\u00a0 gastronomica cos\u00ec come le migliori spiagge per lo surf, la pesca ed altri sport acquatici.\u00a0La zona del\u00a0<strong>Golfo e il Sud-sud Est<\/strong>, bagnate dalle acque dell&#8217;Oceano Pacifico, in queste regione abbondano paludi, mangrovie e selve, ideali per praticare l&#8217;eco-turismo, dove spiccano il <strong>Chiapas<\/strong>\u00a0con le popolazioni indigene e\u00a0<strong>Oaxaca,<\/strong> splendida capitale coloniale.\u00a0\u00a0<strong>La Penisola dello Yucat\u00e1n<\/strong>, in passato gloria dell&#8217;impero Maya, oltre ai famosi siti archeologici, offre innumerevoli spiagge di sabbia bianca bagnate dalle acque turchesi del Mar dei Caraibi.<\/p>\n<h3><strong>Quando viaggiare<\/strong><\/h3>\n<p>Tutto l&#8217;anno, sebbene da Agosto a Novembre, il periodo degli uragani,\u00a0\u00e8\u00a0da considerare a rischio in particolare le\u00a0 zone del Golfo del Messico e lo Yucatan.<\/p>\n<h3>Clima<\/h3>\n<p>Caldo e umido sulle coste del Pacifico e dell\u2019Atlantico, e caldo ma secco nel resto del territorio.<\/p>\n<h3><b>Mangiare e bere<\/b><\/h3>\n<p>Dal punto di vista gastronomico il panorama \u00e8 vasto e vario quanto diversi sono gli stati messicani tra di loro,\u00a0 i<b>\u00a0tacos e il guacamole\u00a0<\/b>uniscono tutto il paese. Una semplice <i>tortilla &#8211;<\/i> piadina molto sottile <i>&#8211;\u00a0<\/i>fatta con farina di mais e acqua permette di creare una grande variet\u00e0 di ripieni che spesso si presentano come antipasto o addirittura piatti unici per tutta una serata tra amici o in famiglia. Addentrandosi nella realt\u00e0 locale scopriamo ancora il <b>Pozole<\/b>, una minestra a base de mais a cui si aggiunge diversi tipi di carne. Il\u00a0<b>Mole,\u00a0<\/b>un incredibile e calorico\u00a0 piatto agrodolce con carne spesso di pollo, cioccolato amaro, peperoncini, cannella ecc..ingrediente che comunque varia da uno stato ad altro. Il tutto accompagnato con riso bianco, maiale fritto, fagioli o come ripieno delle<i>\u00a0tortillas.<\/i>\u00a0Le<i>\u00a0<\/i><b>Enchiladas<\/b><i>,\u00a0<\/i>varia anche de uno stato ad altro ma la base \u00e8 sempre la tortilla di mais\u00a0con abbondante\u00a0<i>peperoncino,\u00a0<\/i>rag\u00f9\u00a0e qualche altra proteina animale. I\u00a0<b>Burritos, las fajitas,\u00a0<\/b>sempre con la tortilla solo che di farina anzich\u00e9 di mais,<i>\u00a0<\/i>tutti farciti a piacere.<b>\u00a0<\/b><\/p>\n<p>Tra le bibite la <b>tequila<\/b>\u00a0\u00e8<b>\u00a0<\/b>quasi sinonimo di Messico: un distillato estratto dell&#8217;agave blu \u00e8 la ricetta pi\u00f9 squisita, anche se ce ne sono altre di buona qualit\u00e0, a seconda del tempo\u00a0\u00a0di maturazione in botti di rovere. Il Margarita \u00e8 tra i\u00a0 cocktail pi\u00f9 famosi a base di Tequila. Altre bibite alcoliche del paese: il <b>Mezcal<\/b>, un liquore estratto del cuore pianta di Maguey (consumo a livello nazionale pi\u00f9 popolare). Merita di essere nominata qui la\u00a0\u00a0cerveza &#8211;<em>birra<\/em>&#8211;<b> Corona\u00a0<\/b>ormai famosa in tutto il mondo col suo raffinato sapore di mais, da bere con un fettina di limone, da una sensazione di freschezza&#8230;..come una serata d&#8217;estate in riva al mare.<\/p>\n","protected":false},"excerpt":{"rendered":"<p>Storia millenaria, mistero, magia, colori e ritmi sorprendenti\u00a0 come quella dei\u00a0mariacis che cantano all&#8217;amore, alle sue passioni, alle sue gesta e alle sue tragedie\u2026 Struggente nostalgia che all&#8217;improvviso esplode in euforia contagiosa. Qui tutto&#46;&#46;&#46;<\/p>\n","protected":false},"author":2,"featured_media":613,"parent":0,"menu_order":0,"comment_status":"closed","ping_status":"closed","template":"","meta":{"dwc-title":[""],"dwc-content":["<table>\r\n<tbody>\r\n<tr>\r\n<td style=\"background-color: #696969;\">\r\n<h5><span style=\"color: #ffffff;\">INFO MEXICO<\/span><\/h5>\r\n<\/td>\r\n<\/tr>\r\n<tr>\r\n<td style=\"background-color: #999999;\">\r\n<h5><span style=\"color: #ffffff;\">DOCUMANTAZIONE<\/span><\/h5>\r\n<\/td>\r\n<\/tr>\r\n<tr>\r\n<td>\r\n<h5>PASSAPORTO VALIDO PER ALMENO SEI MESI AL MOMENTO DELL'ENTRATA NEL PAESE.<\/h5>\r\n<\/td>\r\n<\/tr>\r\n<tr>\r\n<td style=\"background-color: #999999;\">\r\n<h5><span style=\"color: #ffffff;\">MONETA<\/span><\/h5>\r\n<\/td>\r\n<\/tr>\r\n<tr>\r\n<td>\r\n<h5>PESO<\/h5>\r\n<\/td>\r\n<\/tr>\r\n<tr>\r\n<td style=\"background-color: #999999;\">\r\n<h5><span style=\"color: #ffffff;\">LINGUA<\/span><\/h5>\r\n<\/td>\r\n<\/tr>\r\n<tr>\r\n<td>\r\n<h5>SPAGNOLO. NELLE CITT\u00e0 E NEI LUOGHI TURISTICI \u00e8 MOLTO PARLATO L'INGLESE.<\/h5>\r\n<\/td>\r\n<\/tr>\r\n<tr>\r\n<td style=\"background-color: #999999;\">\r\n<h5><span style=\"color: #ffffff;\">Norme\u00a0sanitarie<\/span><\/h5>\r\n<\/td>\r\n<\/tr>\r\n<tr>\r\n<td>\r\n<h5>VACCINAZIONI OBBLIGATORIE: NESSUNA.<\/h5>\r\n<h5>SI CONSIGLIANO, PREVIO PARERE MEDICO, LE VACCINAZIONI CONTRO LE EPATITI A E B E LA SALMONELLA (CONTRAIBILI ATTRAVERSO FRUTTI DI MARE O FRUTTA E VERDURA NON LAVATE ACURATAMENTE) E IL MORBILLO.<\/h5>\r\n<h5>SE VISITATE GLI STATI DI SINALOA, QUINTANA ROO, LA ZONA SUD DELLA BASSA CALIFORNIA E DI ACAPULCO, CONVIENE PROTEGGERSI DALLE ZANZARE AEDES AEGYPTI CON REPELLENTI CUTANEI E ZANZARIERE.<\/h5>\r\n<h5>EVITARE DI BERE ACQUA DAL RUBINETTO E BEVANDE NON IN BOTTIGLIA. \u00c8 PREFERIBILE NON CONSUMARE CARNE POCO COTTA -SE NON IN LOCALI SICURI- E CIBI IN VENDITA PER STRADA.<\/h5>\r\n<\/td>\r\n<\/tr>\r\n<tr>\r\n<td style=\"background-color: #999999;\">\r\n<h5><span style=\"color: #ffffff;\">Links<\/span><\/h5>\r\n<\/td>\r\n<\/tr>\r\n<tr>\r\n<td>\r\n<h5><a href=\"http:\/\/www.visitmexico.com\">WWW.VISITMEXICO.COM<\/a><\/h5>\r\n<\/td>\r\n<\/tr>\r\n<\/tbody>\r\n<\/table>"],"footnotes":""},"class_list":["post-387","page","type-page","status-publish","has-post-thumbnail","hentry"],"_links":{"self":[{"href":"https:\/\/www.lctouroperator.com\/it\/wp-json\/wp\/v2\/pages\/387"}],"collection":[{"href":"https:\/\/www.lctouroperator.com\/it\/wp-json\/wp\/v2\/pages"}],"about":[{"href":"https:\/\/www.lctouroperator.com\/it\/wp-json\/wp\/v2\/types\/page"}],"author":[{"embeddable":true,"href":"https:\/\/www.lctouroperator.com\/it\/wp-json\/wp\/v2\/users\/2"}],"replies":[{"embeddable":true,"href":"https:\/\/www.lctouroperator.com\/it\/wp-json\/wp\/v2\/comments?post=387"}],"version-history":[{"count":31,"href":"https:\/\/www.lctouroperator.com\/it\/wp-json\/wp\/v2\/pages\/387\/revisions"}],"predecessor-version":[{"id":2772,"href":"https:\/\/www.lctouroperator.com\/it\/wp-json\/wp\/v2\/pages\/387\/revisions\/2772"}],"wp:featuredmedia":[{"embeddable":true,"href":"https:\/\/www.lctouroperator.com\/it\/wp-json\/wp\/v2\/media\/613"}],"wp:attachment":[{"href":"https:\/\/www.lctouroperator.com\/it\/wp-json\/wp\/v2\/media?parent=387"}],"curies":[{"name":"wp","href":"https:\/\/api.w.org\/{rel}","templated":true}]}}