{"id":385,"date":"2013-10-08T10:09:18","date_gmt":"2013-10-08T13:09:18","guid":{"rendered":"http:\/\/www.lctouroperator.com\/it\/?page_id=385"},"modified":"2020-05-05T11:44:01","modified_gmt":"2020-05-05T14:44:01","slug":"costa-rica","status":"publish","type":"page","link":"https:\/\/www.lctouroperator.com\/it\/costa-rica\/","title":{"rendered":"Costa Rica"},"content":{"rendered":"<h2>Chiudi gli occhi, immagina il paradiso terrestre e\u2026 svegliati in Costa Rica!. Scoprirai una biodiversit\u00e0 da record di flora e fauna, vulcani, foreste e spiagge incantevoli. Qui vivono pi\u00fa di 500.000 specie animali, tra cui ben 231 mammiferi. Un vero canto alla creazione. Innumerevoli le possibilit\u00e0 per immergersi nella natura, inebriarsi di aria pulita, camminate salutari e praticare diverse attivit\u00e0 ed sport acquatici. Ogni viaggio sar\u00e0 un\u2019occasione da non perdere, esperienze uniche, pura vida!<\/h2>\n<h3>Programmi \/ Costa Rica<\/h3>\n<div class=\"woocommerce columns-3 \"><ul class=\"products columns-3\">\n<li class=\"product type-product post-2535 status-publish first instock product_cat-costa-rica has-post-thumbnail featured shipping-taxable product-type-simple\">\n\t<a href=\"https:\/\/www.lctouroperator.com\/it\/producto\/goiellu-di-costa-rica\/\" class=\"woocommerce-LoopProduct-link woocommerce-loop-product__link\"><img loading=\"lazy\" decoding=\"async\" width=\"219\" height=\"144\" src=\"https:\/\/www.lctouroperator.com\/it\/wp-content\/uploads\/2013\/10\/san-jose-y-volcan-arenal-destacada-300x197.jpg\" class=\"attachment-woocommerce_thumbnail size-woocommerce_thumbnail\" alt=\"\" srcset=\"https:\/\/www.lctouroperator.com\/it\/wp-content\/uploads\/2013\/10\/san-jose-y-volcan-arenal-destacada-300x197.jpg 300w, https:\/\/www.lctouroperator.com\/it\/wp-content\/uploads\/2013\/10\/san-jose-y-volcan-arenal-destacada.jpg 350w\" sizes=\"(max-width: 219px) 100vw, 219px\" \/><h2 class=\"woocommerce-loop-product__title\">Gioelli del Costa Rica<\/h2><div class=\"woocommerce-product-details__short-description\">\n\t<p>Costa Rica<br \/>\n12 Giorni \/ 11 Notti<\/p>\n<\/div>\n\n<\/a><\/li>\n<li class=\"product type-product post-2598 status-publish instock product_cat-costa-rica product_tag-costa-rica product_tag-costa-rica-natura product_tag-monteverde product_tag-vulcano-arenal has-post-thumbnail shipping-taxable product-type-simple\">\n\t<a href=\"https:\/\/www.lctouroperator.com\/it\/producto\/il-meglio-di-costa-rica\/\" class=\"woocommerce-LoopProduct-link woocommerce-loop-product__link\"><img loading=\"lazy\" decoding=\"async\" width=\"219\" height=\"146\" src=\"https:\/\/www.lctouroperator.com\/it\/wp-content\/uploads\/2020\/05\/il-meglio-di-costa-rica-1-1-300x200.jpg\" class=\"attachment-woocommerce_thumbnail size-woocommerce_thumbnail\" alt=\"\" srcset=\"https:\/\/www.lctouroperator.com\/it\/wp-content\/uploads\/2020\/05\/il-meglio-di-costa-rica-1-1-300x200.jpg 300w, https:\/\/www.lctouroperator.com\/it\/wp-content\/uploads\/2020\/05\/il-meglio-di-costa-rica-1-1-350x233.jpg 350w, https:\/\/www.lctouroperator.com\/it\/wp-content\/uploads\/2020\/05\/il-meglio-di-costa-rica-1-1-345x230.jpg 345w, https:\/\/www.lctouroperator.com\/it\/wp-content\/uploads\/2020\/05\/il-meglio-di-costa-rica-1-1.jpg 600w\" sizes=\"(max-width: 219px) 100vw, 219px\" \/><h2 class=\"woocommerce-loop-product__title\">Il meglio del Costa Rica<\/h2><div class=\"woocommerce-product-details__short-description\">\n\t<p>Costa Rica<br \/>\n14 giorni \/ 13 notti<\/p>\n<\/div>\n\n<\/a><\/li>\n<li class=\"product type-product post-2538 status-publish last instock product_cat-costa-rica product_tag-costa-rica product_tag-costa-rica-natura product_tag-monteverde product_tag-vulcano-arenal has-post-thumbnail shipping-taxable product-type-simple\">\n\t<a href=\"https:\/\/www.lctouroperator.com\/it\/producto\/immersione-nel-verde\/\" class=\"woocommerce-LoopProduct-link woocommerce-loop-product__link\"><img loading=\"lazy\" decoding=\"async\" width=\"219\" height=\"146\" src=\"https:\/\/www.lctouroperator.com\/it\/wp-content\/uploads\/2020\/05\/principal-inmersione-nel-verde-300x200.jpg\" class=\"attachment-woocommerce_thumbnail size-woocommerce_thumbnail\" alt=\"\" srcset=\"https:\/\/www.lctouroperator.com\/it\/wp-content\/uploads\/2020\/05\/principal-inmersione-nel-verde-300x200.jpg 300w, https:\/\/www.lctouroperator.com\/it\/wp-content\/uploads\/2020\/05\/principal-inmersione-nel-verde-350x233.jpg 350w, https:\/\/www.lctouroperator.com\/it\/wp-content\/uploads\/2020\/05\/principal-inmersione-nel-verde-345x230.jpg 345w, https:\/\/www.lctouroperator.com\/it\/wp-content\/uploads\/2020\/05\/principal-inmersione-nel-verde.jpg 600w\" sizes=\"(max-width: 219px) 100vw, 219px\" \/><h2 class=\"woocommerce-loop-product__title\">Immersione nel verde<\/h2><div class=\"woocommerce-product-details__short-description\">\n\t<p>Costa Rica<br \/>\n8 giorni \/ 7 notti<\/p>\n<\/div>\n\n<\/a><\/li>\n<li class=\"product type-product post-2541 status-publish first instock product_cat-costa-rica product_cat-gli-speciali has-post-thumbnail featured shipping-taxable product-type-simple\">\n\t<a href=\"https:\/\/www.lctouroperator.com\/it\/producto\/marea-verde-mare-2\/\" class=\"woocommerce-LoopProduct-link woocommerce-loop-product__link\"><img loading=\"lazy\" decoding=\"async\" width=\"219\" height=\"144\" src=\"https:\/\/www.lctouroperator.com\/it\/wp-content\/uploads\/2017\/03\/tortuguero-300x197.jpg\" class=\"attachment-woocommerce_thumbnail size-woocommerce_thumbnail\" alt=\"\" srcset=\"https:\/\/www.lctouroperator.com\/it\/wp-content\/uploads\/2017\/03\/tortuguero-300x197.jpg 300w, https:\/\/www.lctouroperator.com\/it\/wp-content\/uploads\/2017\/03\/tortuguero-350x230.jpg 350w, https:\/\/www.lctouroperator.com\/it\/wp-content\/uploads\/2017\/03\/tortuguero.jpg 600w\" sizes=\"(max-width: 219px) 100vw, 219px\" \/><h2 class=\"woocommerce-loop-product__title\">Marea verde &#038; mare<\/h2><div class=\"woocommerce-product-details__short-description\">\n\t<p>Costa Rica<br \/>\n10 giorni \/ 9 notti<\/p>\n<\/div>\n\n<\/a><\/li>\n<li class=\"product type-product post-2559 status-publish instock product_cat-costa-rica has-post-thumbnail shipping-taxable product-type-simple\">\n\t<a href=\"https:\/\/www.lctouroperator.com\/it\/producto\/citta-pittoresche-guanacaste\/\" class=\"woocommerce-LoopProduct-link woocommerce-loop-product__link\"><img loading=\"lazy\" decoding=\"async\" width=\"219\" height=\"146\" src=\"https:\/\/www.lctouroperator.com\/it\/wp-content\/uploads\/2020\/05\/storia-natura-cultura-principal-300x200.jpg\" class=\"attachment-woocommerce_thumbnail size-woocommerce_thumbnail\" alt=\"\" srcset=\"https:\/\/www.lctouroperator.com\/it\/wp-content\/uploads\/2020\/05\/storia-natura-cultura-principal-300x200.jpg 300w, https:\/\/www.lctouroperator.com\/it\/wp-content\/uploads\/2020\/05\/storia-natura-cultura-principal-350x233.jpg 350w, https:\/\/www.lctouroperator.com\/it\/wp-content\/uploads\/2020\/05\/storia-natura-cultura-principal-345x230.jpg 345w, https:\/\/www.lctouroperator.com\/it\/wp-content\/uploads\/2020\/05\/storia-natura-cultura-principal.jpg 600w\" sizes=\"(max-width: 219px) 100vw, 219px\" \/><h2 class=\"woocommerce-loop-product__title\">Storia, Cultura e Natura<\/h2><div class=\"woocommerce-product-details__short-description\">\n\t<p>Costa Rica<br \/>\n10 Giorni \/ 9 Notti<\/p>\n<\/div>\n\n<\/a><\/li>\n<li class=\"product type-product post-681 status-publish last instock product_cat-costa-rica has-post-thumbnail shipping-taxable product-type-simple\">\n\t<a href=\"https:\/\/www.lctouroperator.com\/it\/producto\/tour-costa-rica\/\" class=\"woocommerce-LoopProduct-link woocommerce-loop-product__link\"><img loading=\"lazy\" decoding=\"async\" width=\"219\" height=\"146\" src=\"https:\/\/www.lctouroperator.com\/it\/wp-content\/uploads\/2013\/10\/tour-costa-rica-principal-300x200.jpg\" class=\"attachment-woocommerce_thumbnail size-woocommerce_thumbnail\" alt=\"\" srcset=\"https:\/\/www.lctouroperator.com\/it\/wp-content\/uploads\/2013\/10\/tour-costa-rica-principal-300x200.jpg 300w, https:\/\/www.lctouroperator.com\/it\/wp-content\/uploads\/2013\/10\/tour-costa-rica-principal-350x233.jpg 350w, https:\/\/www.lctouroperator.com\/it\/wp-content\/uploads\/2013\/10\/tour-costa-rica-principal-345x230.jpg 345w, https:\/\/www.lctouroperator.com\/it\/wp-content\/uploads\/2013\/10\/tour-costa-rica-principal.jpg 600w\" sizes=\"(max-width: 219px) 100vw, 219px\" \/><h2 class=\"woocommerce-loop-product__title\">Tour Costa Rica<\/h2><div class=\"woocommerce-product-details__short-description\">\n\t<p>Costa Rica<br \/>\n8 Giorni \/ 7 Notti<\/p>\n<\/div>\n\n<\/a><\/li>\n<\/ul>\n<\/div>\n<h3 class=\"clear foto\">Natura pura<\/h3>\n<p>Da giugno a ottobre, il Parco Nazionale Tortuguero offre lo spettacolo delle tartarughe giganti che vengono a deporre le loro uova.<\/p>\n<p>Meravigliosi i suoi vulcani (pi\u00f9 di 11.000\u201d), tra i quali l\u2019Arenal, che si trova in un parco di 2.920 ettari con una variet\u00e0 infinita di flora e fauna.<\/p>\n<p>La Riserva Biologica Bosque Nuboso de Monteverde e le sue passeggiate sui ponti sospesi, offre l\u2019avvistamento di alcune delle innumerabili forme di vita: 152 specie di uccelli, 450 specie di farfalle, 420 specie di orchidee&#8230; Una vibrante vita silvestre e flora esuberante.<\/p>\n<p>Il Parco Nazionale Manuel Antonio \u00e8 un gioiello per gli amanti delle spiagge tropicali. Ideale per il trekking, le passeggiate in biciclette o le cavalcate nei suoi spesso boschi.<\/p>\n<p>Il Mar dei Caraibi aspetta tutti a Lim\u00f3n, nel Parco Nazionale Cahuita, paradiso per i surfisti, mentre altri \u201cdimenticano il tempo\u201d, perdendosi nel mondo multicolore degli scogli di corallo.<\/p>\n<h3 class=\"h3pais\">Quando viaggiare \/ Clima<\/h3>\n<p>La sua geografia ci permette di goderlo in pienezza durante tutto l\u2019anno. La stagione secca si estende da dicembre ad dprile, mentre da maggio a novembre siamo nella stagione umida.<\/p>\n<h3><\/h3>\n","protected":false},"excerpt":{"rendered":"<p>Chiudi gli occhi, immagina il paradiso terrestre e\u2026 svegliati in Costa Rica!. Scoprirai una biodiversit\u00e0 da record di flora e fauna, vulcani, foreste e spiagge incantevoli. Qui vivono pi\u00fa di 500.000 specie animali, tra&#46;&#46;&#46;<\/p>\n","protected":false},"author":2,"featured_media":2537,"parent":0,"menu_order":0,"comment_status":"closed","ping_status":"closed","template":"","meta":{"dwc-title":[""],"dwc-content":["<table>\r\n<tbody>\r\n<tr>\r\n<td style=\"background-color: #696969;\">\r\n<h5><span style=\"color: #ffffff;\">INFO\u00a0COSTA RICA<\/span><\/h5>\r\n<\/td>\r\n<\/tr>\r\n<tr>\r\n<td style=\"background-color: #999999;\">\r\n<h5><span style=\"color: #ffffff;\">DOCUMENTAZIONE<\/span><\/h5>\r\n<\/td>\r\n<\/tr>\r\n<tr>\r\n<td>\r\n<h5>PASSAPORTO VIGENTE CON VALIDIT\u00c0 MINIMA RESIDUA DI TRE MESI E BIGLIETTO DI ANDATA E RITORNO. NON \u00e8 NECESSARIO IL VISTO PER MOTIVI TURISTICI E UNA PERMANENZA INFERIORE AI TRE MESI.<\/h5>\r\n<h5>AI VIAGGIATORI PROVENIENTI DA BRASILE, BOLIVIA, COLOMBIA, ECUADOR, GUYANA FRANCESE E VENEZUELA, O CHE HANNO FATTO SCALO IN QUEI PAESI PER Pi\u00f9 DI 12 ORE PRIMA DELL'ARRIVO IN COSTA RICA, \u00e8 RICHIESTO CERTIFICATO DI VACCINAZIONE CONTRO LA FEBBRE GIALLA.<\/h5>\r\n<\/td>\r\n<\/tr>\r\n<tr>\r\n<td style=\"background-color: #999999;\">\r\n<h5><span style=\"color: #ffffff;\">MONETA<\/span><\/h5>\r\n<\/td>\r\n<\/tr>\r\n<tr>\r\n<td>\r\n<h5>IL COL\u00d3N. COMUNE ANCHE IL DOLLARO USA.<\/h5>\r\n<\/td>\r\n<\/tr>\r\n<tr>\r\n<td style=\"background-color: #999999;\">\r\n<h5><span style=\"color: #ffffff;\">LINGUA<\/span><\/h5>\r\n<\/td>\r\n<\/tr>\r\n<tr>\r\n<td>\r\n<h5>SPAGNOLO, L'INGLESE \u00c8 MOLTO BEN CONOSCIUTO.<\/h5>\r\n<\/td>\r\n<\/tr>\r\n<tr>\r\n<td style=\"background-color: #999999;\">\r\n<h5><span style=\"color: #ffffff;\">RACCOMENDAZIONE DI SALUTE<\/span><\/h5>\r\n<\/td>\r\n<\/tr>\r\n<tr>\r\n<td>\r\n<h5>VACCINAZIONI OBBLIGATORIE: NESSUNA.<\/h5>\r\n<h5>SI CONSIGLIA DI CONSUMARE SOLO ACQUA IMBOTTIGLIATA, LAVARE BENE LE VERDURE CRUDE E PROTEGGERSI DALLE ZANZARE AEDES AEGYPTI CON REPELLENTI CUTANEI E ZANZARIERE, SPECIE NEI MESI DA MAGGIO A NOVEMBRE.<\/h5>\r\n<\/td>\r\n<\/tr>\r\n<tr>\r\n<td style=\"background-color: #999999;\">\r\n<h5><span style=\"color: #ffffff;\">Links<\/span><\/h5>\r\n<\/td>\r\n<\/tr>\r\n<tr>\r\n<td>\r\n<h5><a href=\"http:\/\/www.visitcostarica.com\" target=\"_blank\" rel=\"noopener noreferrer\">www.visitcostarica.com<\/a><\/h5>\r\n<\/td>\r\n<\/tr>\r\n<\/tbody>\r\n<\/table>"],"footnotes":""},"class_list":["post-385","page","type-page","status-publish","has-post-thumbnail","hentry"],"_links":{"self":[{"href":"https:\/\/www.lctouroperator.com\/it\/wp-json\/wp\/v2\/pages\/385"}],"collection":[{"href":"https:\/\/www.lctouroperator.com\/it\/wp-json\/wp\/v2\/pages"}],"about":[{"href":"https:\/\/www.lctouroperator.com\/it\/wp-json\/wp\/v2\/types\/page"}],"author":[{"embeddable":true,"href":"https:\/\/www.lctouroperator.com\/it\/wp-json\/wp\/v2\/users\/2"}],"replies":[{"embeddable":true,"href":"https:\/\/www.lctouroperator.com\/it\/wp-json\/wp\/v2\/comments?post=385"}],"version-history":[{"count":28,"href":"https:\/\/www.lctouroperator.com\/it\/wp-json\/wp\/v2\/pages\/385\/revisions"}],"predecessor-version":[{"id":2575,"href":"https:\/\/www.lctouroperator.com\/it\/wp-json\/wp\/v2\/pages\/385\/revisions\/2575"}],"wp:featuredmedia":[{"embeddable":true,"href":"https:\/\/www.lctouroperator.com\/it\/wp-json\/wp\/v2\/media\/2537"}],"wp:attachment":[{"href":"https:\/\/www.lctouroperator.com\/it\/wp-json\/wp\/v2\/media?parent=385"}],"curies":[{"name":"wp","href":"https:\/\/api.w.org\/{rel}","templated":true}]}}