{"id":3146,"date":"2021-07-11T21:04:36","date_gmt":"2021-07-12T00:04:36","guid":{"rendered":"https:\/\/www.lctouroperator.com\/it\/?page_id=3146"},"modified":"2021-07-22T05:49:33","modified_gmt":"2021-07-22T08:49:33","slug":"novelty-paraguay","status":"publish","type":"page","link":"https:\/\/www.lctouroperator.com\/it\/novelty-paraguay\/","title":{"rendered":"Novelty Paraguay"},"content":{"rendered":"<h2>Paraguay, red earth immersed in subtropical nature, in the heart of South America. Asunci\u00f3n, the green capital of the continent, is located in a strategic place to connect, with a few hours of direct flights,\u00a0 cities such as Buenos Aires, Santiago de Chile, Montevideo, Sao Paulo. It plays an important role in the regional economy thanks to safety in the country; nevertheless the informality prevailing in the local market does not guarantee the real development of the Paraguayan population.<\/h2>\n<h2>A country full of nature, lakes and big rivers &#8230; an irresistible magnet for fishing enthusiasts due to the presence of mythical species such as the famous dorado, surub\u00ed and Pac\u00fa. The Paran\u00e1 and the Paraguay are the perfect setting for unique experiences, guaranteed in the silence of unspoiled nature,\u00a0 while navigating\u00a0 during an ecological cruise or a fishing cruise, contemplating the starry sky.<\/h2>\n<h2>The story explodes with strength and emotion during the visit to the ruins of the Jesuit missions &#8211; the Reductions &#8211; admirably immortalized by the film \u00abMission\u00bb with the music of Ennio Morricone whose protagonists Robert de Niro, Jeremy Irons and the director Robert Joffe himself give life to an incredible utopia that came true in the 17th and 18th centuries.<br \/>\nDiscover the land of the radiant sun almost all year round, culinary traditions with incredible variety of typical foods and local handicrafts, including \u00f1anduti, hammocks and filigree, fine jewels&#8230;.. each one a masterpiece.<\/h2>\n<h3>Our special tours in Paraguay<\/h3>\n<div class=\"woocommerce columns-3 \"><ul class=\"products columns-3\">\n<li class=\"product type-product post-3152 status-publish first instock product_cat-noveltypy has-post-thumbnail shipping-taxable product-type-simple\">\n\t<a href=\"https:\/\/www.lctouroperator.com\/it\/producto\/discovering-paraguay-and-iguazu-falls\/\" class=\"woocommerce-LoopProduct-link woocommerce-loop-product__link\"><img loading=\"lazy\" decoding=\"async\" width=\"219\" height=\"150\" src=\"https:\/\/www.lctouroperator.com\/it\/wp-content\/uploads\/2021\/07\/image-6-219x150.png\" class=\"attachment-woocommerce_thumbnail size-woocommerce_thumbnail\" alt=\"\" srcset=\"https:\/\/www.lctouroperator.com\/it\/wp-content\/uploads\/2021\/07\/image-6-219x150.png 219w, https:\/\/www.lctouroperator.com\/it\/wp-content\/uploads\/2021\/07\/image-6-350x239.png 350w, https:\/\/www.lctouroperator.com\/it\/wp-content\/uploads\/2021\/07\/image-6.png 512w\" sizes=\"(max-width: 219px) 100vw, 219px\" \/><h2 class=\"woocommerce-loop-product__title\">Discovering Paraguay and Iguazu Falls<\/h2><div class=\"woocommerce-product-details__short-description\">\n\t<p>Paraguay<br \/>\n7 days \/ 6 nignts<\/p>\n<\/div>\n\n<\/a><\/li>\n<li class=\"product type-product post-3151 status-publish instock product_cat-noveltypy has-post-thumbnail shipping-taxable product-type-simple\">\n\t<a href=\"https:\/\/www.lctouroperator.com\/it\/producto\/fishing-in-the-river-paragauy\/\" class=\"woocommerce-LoopProduct-link woocommerce-loop-product__link\"><img loading=\"lazy\" decoding=\"async\" width=\"219\" height=\"146\" src=\"https:\/\/www.lctouroperator.com\/it\/wp-content\/uploads\/2021\/07\/Immagine-326-219x146.jpg\" class=\"attachment-woocommerce_thumbnail size-woocommerce_thumbnail\" alt=\"\" srcset=\"https:\/\/www.lctouroperator.com\/it\/wp-content\/uploads\/2021\/07\/Immagine-326-219x146.jpg 219w, https:\/\/www.lctouroperator.com\/it\/wp-content\/uploads\/2021\/07\/Immagine-326-768x511.jpg 768w, https:\/\/www.lctouroperator.com\/it\/wp-content\/uploads\/2021\/07\/Immagine-326-1536x1021.jpg 1536w, https:\/\/www.lctouroperator.com\/it\/wp-content\/uploads\/2021\/07\/Immagine-326-2048x1362.jpg 2048w, https:\/\/www.lctouroperator.com\/it\/wp-content\/uploads\/2021\/07\/Immagine-326-350x233.jpg 350w\" sizes=\"(max-width: 219px) 100vw, 219px\" \/><h2 class=\"woocommerce-loop-product__title\">Fishing in the river Paragauy<\/h2><div class=\"woocommerce-product-details__short-description\">\n\t<p>Paraguay<br \/>\n<em>8 days \/ 7 nignts<\/em><\/p>\n<\/div>\n\n<\/a><\/li>\n<li class=\"product type-product post-3154 status-publish last instock product_cat-noveltypy has-post-thumbnail shipping-taxable product-type-simple\">\n\t<a href=\"https:\/\/www.lctouroperator.com\/it\/producto\/fishing-in-the-river-parana\/\" class=\"woocommerce-LoopProduct-link woocommerce-loop-product__link\"><img loading=\"lazy\" decoding=\"async\" width=\"219\" height=\"146\" src=\"https:\/\/www.lctouroperator.com\/it\/wp-content\/uploads\/2017\/04\/pescado-c-300x200.jpg\" class=\"attachment-woocommerce_thumbnail size-woocommerce_thumbnail\" alt=\"\" srcset=\"https:\/\/www.lctouroperator.com\/it\/wp-content\/uploads\/2017\/04\/pescado-c-300x200.jpg 300w, https:\/\/www.lctouroperator.com\/it\/wp-content\/uploads\/2017\/04\/pescado-c-350x233.jpg 350w, https:\/\/www.lctouroperator.com\/it\/wp-content\/uploads\/2017\/04\/pescado-c-345x230.jpg 345w, https:\/\/www.lctouroperator.com\/it\/wp-content\/uploads\/2017\/04\/pescado-c.jpg 600w\" sizes=\"(max-width: 219px) 100vw, 219px\" \/><h2 class=\"woocommerce-loop-product__title\">Fishing in the river Parana<\/h2><div class=\"woocommerce-product-details__short-description\">\n\t<p>Paraguay<br \/>\n<em>7 days \/ 6 nights<\/em><\/p>\n<\/div>\n\n<\/a><\/li>\n<li class=\"product type-product post-3153 status-publish first instock product_cat-noveltypy has-post-thumbnail shipping-taxable product-type-simple\">\n\t<a href=\"https:\/\/www.lctouroperator.com\/it\/producto\/jesuits-missions\/\" class=\"woocommerce-LoopProduct-link woocommerce-loop-product__link\"><img loading=\"lazy\" decoding=\"async\" width=\"219\" height=\"164\" src=\"https:\/\/www.lctouroperator.com\/it\/wp-content\/uploads\/2021\/07\/CIMG4618-219x164.jpg\" class=\"attachment-woocommerce_thumbnail size-woocommerce_thumbnail\" alt=\"\" srcset=\"https:\/\/www.lctouroperator.com\/it\/wp-content\/uploads\/2021\/07\/CIMG4618-219x164.jpg 219w, https:\/\/www.lctouroperator.com\/it\/wp-content\/uploads\/2021\/07\/CIMG4618-768x576.jpg 768w, https:\/\/www.lctouroperator.com\/it\/wp-content\/uploads\/2021\/07\/CIMG4618-1536x1152.jpg 1536w, https:\/\/www.lctouroperator.com\/it\/wp-content\/uploads\/2021\/07\/CIMG4618-2048x1536.jpg 2048w, https:\/\/www.lctouroperator.com\/it\/wp-content\/uploads\/2021\/07\/CIMG4618-350x263.jpg 350w\" sizes=\"(max-width: 219px) 100vw, 219px\" \/><h2 class=\"woocommerce-loop-product__title\">Jesuits Missions<\/h2><div class=\"woocommerce-product-details__short-description\">\n\t<p><strong><em>Paraguay-Argentina<br \/>\n<\/em><\/strong>Rio de Janeiro extension (Brasil)<br \/>\n<em>10 days \/9 nights<\/em><\/p>\n<\/div>\n\n<\/a><\/li>\n<\/ul>\n<\/div>\n","protected":false},"excerpt":{"rendered":"<p>Paraguay, red earth immersed in subtropical nature, in the heart of South America. Asunci\u00f3n, the green capital of the continent, is located in a strategic place to connect, with a few hours of direct&#46;&#46;&#46;<\/p>\n","protected":false},"author":2,"featured_media":3178,"parent":0,"menu_order":0,"comment_status":"closed","ping_status":"closed","template":"","meta":{"dwc-title":[""],"dwc-content":[""],"footnotes":""},"class_list":["post-3146","page","type-page","status-publish","has-post-thumbnail","hentry"],"_links":{"self":[{"href":"https:\/\/www.lctouroperator.com\/it\/wp-json\/wp\/v2\/pages\/3146"}],"collection":[{"href":"https:\/\/www.lctouroperator.com\/it\/wp-json\/wp\/v2\/pages"}],"about":[{"href":"https:\/\/www.lctouroperator.com\/it\/wp-json\/wp\/v2\/types\/page"}],"author":[{"embeddable":true,"href":"https:\/\/www.lctouroperator.com\/it\/wp-json\/wp\/v2\/users\/2"}],"replies":[{"embeddable":true,"href":"https:\/\/www.lctouroperator.com\/it\/wp-json\/wp\/v2\/comments?post=3146"}],"version-history":[{"count":5,"href":"https:\/\/www.lctouroperator.com\/it\/wp-json\/wp\/v2\/pages\/3146\/revisions"}],"predecessor-version":[{"id":3179,"href":"https:\/\/www.lctouroperator.com\/it\/wp-json\/wp\/v2\/pages\/3146\/revisions\/3179"}],"wp:featuredmedia":[{"embeddable":true,"href":"https:\/\/www.lctouroperator.com\/it\/wp-json\/wp\/v2\/media\/3178"}],"wp:attachment":[{"href":"https:\/\/www.lctouroperator.com\/it\/wp-json\/wp\/v2\/media?parent=3146"}],"curies":[{"name":"wp","href":"https:\/\/api.w.org\/{rel}","templated":true}]}}