{"id":2369,"date":"2019-02-09T00:11:15","date_gmt":"2019-02-09T03:11:15","guid":{"rendered":"http:\/\/www.lctouroperator.com\/it\/?page_id=2369"},"modified":"2020-10-01T09:32:11","modified_gmt":"2020-10-01T12:32:11","slug":"guatemala","status":"publish","type":"page","link":"https:\/\/www.lctouroperator.com\/it\/guatemala\/","title":{"rendered":"Guatemala"},"content":{"rendered":"<h2>Un mondo di etnie, un coro di lingue autoctone, un&#8217;eredit\u00e0 ricca, presente, unica che si respira in ogni angolo di questo paese di gente fiera delle proprie tradizioni. Diversit\u00e0 sotto un unico cielo che accomuna tutti in una coscienza armonica di s\u00e9, circondati da una natura incontaminata e lussureggiante. Grandi distese verdi, paesaggi mozzafiato, fiumi dolci di una mitezza trasmettono serenit\u00e0 e voglia di rallentare qualsiasi ritmo della vita per goderselo fino in fondo. Esperienza unica che arricchisce chiunque voglia farne tesoro.<\/h2>\n<h3>Programmi \/ Guatemala<\/h3>\n<div class=\"woocommerce columns-3 \"><ul class=\"products columns-3\">\n<li class=\"product type-product post-2379 status-publish first instock product_cat-guatemala product_tag-copan product_tag-guatemala product_tag-tikal has-post-thumbnail shipping-taxable product-type-simple\">\n\t<a href=\"https:\/\/www.lctouroperator.com\/it\/producto\/copan-tikal-e-tour-guatemala\/\" class=\"woocommerce-LoopProduct-link woocommerce-loop-product__link\"><img loading=\"lazy\" decoding=\"async\" width=\"219\" height=\"144\" src=\"https:\/\/www.lctouroperator.com\/it\/wp-content\/uploads\/2019\/02\/copan-tikal-e-tour-guatemala-destacada-300x197.jpg\" class=\"attachment-woocommerce_thumbnail size-woocommerce_thumbnail\" alt=\"\" srcset=\"https:\/\/www.lctouroperator.com\/it\/wp-content\/uploads\/2019\/02\/copan-tikal-e-tour-guatemala-destacada-300x197.jpg 300w, https:\/\/www.lctouroperator.com\/it\/wp-content\/uploads\/2019\/02\/copan-tikal-e-tour-guatemala-destacada.jpg 350w\" sizes=\"(max-width: 219px) 100vw, 219px\" \/><h2 class=\"woocommerce-loop-product__title\">COPAN &#038; TIKAL e Tour Guatemala<\/h2><div class=\"woocommerce-product-details__short-description\">\n\t<p>Guatemala<br \/>\n9 giorni \/8 notti<\/p>\n<\/div>\n\n<\/a><\/li>\n<li class=\"product type-product post-2779 status-publish instock product_cat-guatemala product_tag-antigua product_tag-santiago-atitlan has-post-thumbnail shipping-taxable product-type-simple\">\n\t<a href=\"https:\/\/www.lctouroperator.com\/it\/producto\/guatemala-da-scoprire\/\" class=\"woocommerce-LoopProduct-link woocommerce-loop-product__link\"><img loading=\"lazy\" decoding=\"async\" width=\"219\" height=\"146\" src=\"https:\/\/www.lctouroperator.com\/it\/wp-content\/uploads\/2020\/09\/guatemala-da-scoprire-300x200.jpg\" class=\"attachment-woocommerce_thumbnail size-woocommerce_thumbnail\" alt=\"\" srcset=\"https:\/\/www.lctouroperator.com\/it\/wp-content\/uploads\/2020\/09\/guatemala-da-scoprire-300x200.jpg 300w, https:\/\/www.lctouroperator.com\/it\/wp-content\/uploads\/2020\/09\/guatemala-da-scoprire-350x233.jpg 350w, https:\/\/www.lctouroperator.com\/it\/wp-content\/uploads\/2020\/09\/guatemala-da-scoprire-345x230.jpg 345w, https:\/\/www.lctouroperator.com\/it\/wp-content\/uploads\/2020\/09\/guatemala-da-scoprire.jpg 600w\" sizes=\"(max-width: 219px) 100vw, 219px\" \/><h2 class=\"woocommerce-loop-product__title\">Guatemala da scoprire<\/h2><div class=\"woocommerce-product-details__short-description\">\n\t<p>Guatemala<br \/>\n13 giorni \/ 12 notti<\/p>\n<\/div>\n\n<\/a><\/li>\n<li class=\"product type-product post-2373 status-publish last instock product_cat-guatemala product_tag-antigua product_tag-santiago-atitlan has-post-thumbnail shipping-taxable product-type-simple\">\n\t<a href=\"https:\/\/www.lctouroperator.com\/it\/producto\/tesori-del-guatemala\/\" class=\"woocommerce-LoopProduct-link woocommerce-loop-product__link\"><img loading=\"lazy\" decoding=\"async\" width=\"219\" height=\"144\" src=\"https:\/\/www.lctouroperator.com\/it\/wp-content\/uploads\/2019\/02\/Guatemala-exotica-destacada-300x197.jpg\" class=\"attachment-woocommerce_thumbnail size-woocommerce_thumbnail\" alt=\"Guatemala Exotica\" srcset=\"https:\/\/www.lctouroperator.com\/it\/wp-content\/uploads\/2019\/02\/Guatemala-exotica-destacada-300x197.jpg 300w, https:\/\/www.lctouroperator.com\/it\/wp-content\/uploads\/2019\/02\/Guatemala-exotica-destacada.jpg 350w\" sizes=\"(max-width: 219px) 100vw, 219px\" \/><h2 class=\"woocommerce-loop-product__title\">Tesori del Guatemala<\/h2><div class=\"woocommerce-product-details__short-description\">\n\t<p>Guatemala<br \/>\n8 giorni \/ 7 notti<\/p>\n<\/div>\n\n<\/a><\/li>\n<\/ul>\n<\/div>\n<h3>Mangiare e bere<\/h3>\n<p>Pollo in tutte le versioni potremmo dire che siano un piatto nazionale e le tortillas(focaccia) di mais ma percorrendo il paese si scopre che la cucina maya offre comunque delle variazioni sfiziosi\u00a0come i tamales, i fagottini in foglia di banano ripieni di mais e altre versioni vegetariane o meno, i fagioli fritti o in rag\u00f9 con carne di bue, brodo di gallina,\u00a0 diversi tipi di patate.\u00a0 Sulla costa pacifica pesci e crostacei e il famoso\u00a0<i>tapado<\/i>\u00a0sulla costa caraibica, a Livingston, una zuppa di pesce cotto in brodo di crostacei e latte di cocco. Comunque nei ristoranti ad Antigua, Guatemala City, Panajachel ed altro ci sono i ristoranti con svariate proposte gourmet internazionale e regionali come il guacamole e nachos messicani, il ceviche peruviano ecc. I dolci non sono comuni nel menu locale ma non mancano diverse proposte nei ristoranti in zone turistiche: gelato, dolci,\u00a0 frutta di stagione.<\/p>\n<p>Si beve molto il caff\u00e8 anche se non esistono i bar propriamente detti al di fuori delle zone molto turistiche. La birra sarebbe come il pollo: una vera bevanda a livello nazionale, ci sono buone marche prodotti nel paese. La canna da zucchero coltivato localmente permette la produzione di ottimi rum e liquori e uno sciroppo di canna piuttosto aguardiente come il Quetzalteca. Frullati\u00a0 e\u00a0<i>limonada con soda\u00a0<\/i>tra le bevande analcoliche pi\u00f9 comuni.<\/p>\n<h3><span style=\"color: #ff6600;\">Quando viaggiare \/ Clima\u00a0<\/span><\/h3>\n<p>Sebbene il paese si trova nell&#8217;emisfero nord il Guatemala ha un clima tropicale durante quasi tutto l&#8217;anno. Il periodo migliore \u00e8 la stagione secca da novembre ad aprile.\u00a0 Nel periodo di pioggia, da maggio ad ottobre, \u00e8 comunque possibile visitare il Paese ed avere dei giorni splendidi di sole. La temperatura media nelle zone pi\u00f9 alte come Citt\u00e0 del Guatemala e il Nord-ovest verso Quetzaltenango il freddo pu\u00f2 sorprendere magari anche calando dalla media di 19 gradi fino a 10 gradi.\u00a0 Per la zona di Tikal il periodo meno caldo in genere va da febbraio ad aprile.<\/p>\n","protected":false},"excerpt":{"rendered":"<p>Un mondo di etnie, un coro di lingue autoctone, un&#8217;eredit\u00e0 ricca, presente, unica che si respira in ogni angolo di questo paese di gente fiera delle proprie tradizioni. Diversit\u00e0 sotto un unico cielo che&#46;&#46;&#46;<\/p>\n","protected":false},"author":2,"featured_media":2370,"parent":0,"menu_order":0,"comment_status":"closed","ping_status":"closed","template":"","meta":{"dwc-title":[""],"dwc-content":["<table>\r\n<tbody>\r\n<tr>\r\n<td style=\"background-color: #696969;\">\r\n<h5><span style=\"color: #ffffff;\">INFO GUATEMALA\r\n<\/span><\/h5>\r\n<\/td>\r\n<\/tr>\r\n<tr>\r\n<td style=\"background-color: #999999;\">\r\n<h5><span style=\"color: #ffffff;\">DOCUMENTAZIONE<\/span><\/h5>\r\n<\/td>\r\n<\/tr>\r\n<tr>\r\n<td>\r\n<h5>PASSAPORTO IN BUONO STATO CON SCADENZA NON inferiore AI TRE MESI DALLA DATA di ENTRATA IN guatemala. PRESENTARE IL BIGLIETTO DI RITORNO O COMUNQUE DI USCITA dal guatemala.<\/h5>\r\n<\/td>\r\n<\/tr>\r\n<tr>\r\n<td style=\"background-color: #999999;\">\r\n<h5><span style=\"color: #ffffff;\">MONETA<\/span><\/h5>\r\n<\/td>\r\n<\/tr>\r\n<tr>\r\n<td>\r\n<h5>IL quetzal.<\/h5>\r\n<\/td>\r\n<\/tr>\r\n<tr>\r\n<td style=\"background-color: #999999;\">\r\n<h5><span style=\"color: #ffffff;\">LiNGUA<\/span><\/h5>\r\n<\/td>\r\n<\/tr>\r\n<tr>\r\n<td>\r\n<h5>SPAGNOLO. nelLE CITT\u00c0 TURISTICHE PI\u00d9 IMPORTANTI SI PARLA ANCHE L'INGLESE.<\/h5>\r\n<\/td>\r\n<\/tr>\r\n<tr>\r\n<td style=\"background-color: #999999;\">\r\n<h5><span style=\"color: #ffffff;\">RACCOMANDAZIONI DI SALUTE<\/span><\/h5>\r\n<\/td>\r\n<\/tr>\r\n<tr>\r\n<td>\r\n<h5>VACCINAZIONI OBBLIGATORIE: NESSUNA.\r\nSE DECIDETE DI VISITARE ZONE FORESTALI, AREE UMIDE O BASSE, \u00c8 CONSIGLIABILE LA PROFILASSI ANTIMALARICA E, SEBBENE NON SIA OBBLIGATORIA, SI CONSIGLIA LA VACCINAZIONE CONTRO LA fEBBRE GIALLA. IN LOCO, PROTEGGERSI con REPELLENTI E ZANZARIERE dove necessario.\r\nBERE ACQUA IMBOTTIGLIATA E SENZA GHIACCIO, CONSUMARE CARNI, PESCI E VERDURE BEN COTTI.<\/h5>\r\n<\/td>\r\n<\/tr>\r\n<tr>\r\n<td style=\"background-color: #999999;\">\r\n<h5><span style=\"color: #ffffff;\">LINKS<\/span><\/h5>\r\n<\/td>\r\n<\/tr>\r\n<tr>\r\n<td>\r\n<h5><a href=\"https:\/\/visitguatemala.com\/por-que-guatemala\/\">https:\/\/visitguatemala.com\/por-que-guatemala\/<\/a><\/h5>\r\n<\/td>\r\n<\/tr>\r\n<\/tbody>\r\n<\/table>"],"footnotes":""},"class_list":["post-2369","page","type-page","status-publish","has-post-thumbnail","hentry"],"_links":{"self":[{"href":"https:\/\/www.lctouroperator.com\/it\/wp-json\/wp\/v2\/pages\/2369"}],"collection":[{"href":"https:\/\/www.lctouroperator.com\/it\/wp-json\/wp\/v2\/pages"}],"about":[{"href":"https:\/\/www.lctouroperator.com\/it\/wp-json\/wp\/v2\/types\/page"}],"author":[{"embeddable":true,"href":"https:\/\/www.lctouroperator.com\/it\/wp-json\/wp\/v2\/users\/2"}],"replies":[{"embeddable":true,"href":"https:\/\/www.lctouroperator.com\/it\/wp-json\/wp\/v2\/comments?post=2369"}],"version-history":[{"count":5,"href":"https:\/\/www.lctouroperator.com\/it\/wp-json\/wp\/v2\/pages\/2369\/revisions"}],"predecessor-version":[{"id":2794,"href":"https:\/\/www.lctouroperator.com\/it\/wp-json\/wp\/v2\/pages\/2369\/revisions\/2794"}],"wp:featuredmedia":[{"embeddable":true,"href":"https:\/\/www.lctouroperator.com\/it\/wp-json\/wp\/v2\/media\/2370"}],"wp:attachment":[{"href":"https:\/\/www.lctouroperator.com\/it\/wp-json\/wp\/v2\/media?parent=2369"}],"curies":[{"name":"wp","href":"https:\/\/api.w.org\/{rel}","templated":true}]}}