{"id":170,"date":"2013-09-28T21:44:01","date_gmt":"2013-09-29T00:44:01","guid":{"rendered":"http:\/\/www.lctouroperator.com\/it\/?page_id=170"},"modified":"2020-12-14T12:50:57","modified_gmt":"2020-12-14T15:50:57","slug":"imperdibles","status":"publish","type":"page","link":"https:\/\/www.lctouroperator.com\/it\/imperdibles\/","title":{"rendered":"Viaggi di Spiritualit\u00e0"},"content":{"rendered":"<h2>Condividere emozioni e spiritualit\u00e0 \u00a0arricchisce l\u2019esperienza, moltiplica la meraviglia, stimola la curiosit\u00e0. Nella parola pi\u00f9 ampia di Spiritualit\u00e0 un invito a vivere dei viaggi che a contatto con la fede, la tradizione, la cultura e le loro espressioni in chiese, palazzi, musica, cucina, artigianato manifestano il bello che l\u2019 uomo \u00e8 capace di creare. Viaggiare in gruppo&#8230; condividere attimi fuori dal tempo, senza barriere.<\/h2>\n<p>&nbsp;<\/p>\n<div class=\"woocommerce columns-3 \"><ul class=\"products columns-3\">\n<li class=\"product type-product post-2513 status-publish first instock product_cat-gruppi has-post-thumbnail featured shipping-taxable product-type-simple\">\n\t<a href=\"https:\/\/www.lctouroperator.com\/it\/producto\/cuba-cultura-e-fede\/\" class=\"woocommerce-LoopProduct-link woocommerce-loop-product__link\"><img loading=\"lazy\" decoding=\"async\" width=\"219\" height=\"146\" src=\"https:\/\/www.lctouroperator.com\/it\/wp-content\/uploads\/2020\/05\/image-2-219x146.png\" class=\"attachment-woocommerce_thumbnail size-woocommerce_thumbnail\" alt=\"\" srcset=\"https:\/\/www.lctouroperator.com\/it\/wp-content\/uploads\/2020\/05\/image-2-219x146.png 219w, https:\/\/www.lctouroperator.com\/it\/wp-content\/uploads\/2020\/05\/image-2-350x233.png 350w, https:\/\/www.lctouroperator.com\/it\/wp-content\/uploads\/2020\/05\/image-2-345x230.png 345w, https:\/\/www.lctouroperator.com\/it\/wp-content\/uploads\/2020\/05\/image-2-300x200.png 300w, https:\/\/www.lctouroperator.com\/it\/wp-content\/uploads\/2020\/05\/image-2.png 450w\" sizes=\"(max-width: 219px) 100vw, 219px\" \/><h2 class=\"woocommerce-loop-product__title\">CUBA: CULTURA E FEDE<\/h2><div class=\"woocommerce-product-details__short-description\">\n\t<p style=\"text-align: left\">Cuba<br \/>\n12 giorni \/11 notti<\/p>\n<\/div>\n\n<\/a><\/li>\n<li class=\"product type-product post-1969 status-publish instock product_cat-gruppi has-post-thumbnail shipping-taxable product-type-simple\">\n\t<a href=\"https:\/\/www.lctouroperator.com\/it\/producto\/il-peru-inca-cristiano\/\" class=\"woocommerce-LoopProduct-link woocommerce-loop-product__link\"><img loading=\"lazy\" decoding=\"async\" width=\"219\" height=\"144\" src=\"https:\/\/www.lctouroperator.com\/it\/wp-content\/uploads\/2017\/04\/Catedral-de-Lima-ppal-300x197.jpg\" class=\"attachment-woocommerce_thumbnail size-woocommerce_thumbnail\" alt=\"\" srcset=\"https:\/\/www.lctouroperator.com\/it\/wp-content\/uploads\/2017\/04\/Catedral-de-Lima-ppal-300x197.jpg 300w, https:\/\/www.lctouroperator.com\/it\/wp-content\/uploads\/2017\/04\/Catedral-de-Lima-ppal-350x230.jpg 350w, https:\/\/www.lctouroperator.com\/it\/wp-content\/uploads\/2017\/04\/Catedral-de-Lima-ppal.jpg 600w\" sizes=\"(max-width: 219px) 100vw, 219px\" \/><h2 class=\"woocommerce-loop-product__title\">Il Per\u00fa Inca &amp; Cristiano<\/h2><div class=\"woocommerce-product-details__short-description\">\n\t<p>Per\u00fa<br \/>\n10 giorni \/ 9 notti<\/p>\n<\/div>\n\n<\/a><\/li>\n<li class=\"product type-product post-1699 status-publish last instock product_cat-gruppi has-post-thumbnail shipping-taxable product-type-simple\">\n\t<a href=\"https:\/\/www.lctouroperator.com\/it\/producto\/missioni-gesuitiche-e-cascate-delliguazu\/\" class=\"woocommerce-LoopProduct-link woocommerce-loop-product__link\"><img loading=\"lazy\" decoding=\"async\" width=\"219\" height=\"146\" src=\"https:\/\/www.lctouroperator.com\/it\/wp-content\/uploads\/2017\/03\/DSC_0077-scaled-219x146.jpg\" class=\"attachment-woocommerce_thumbnail size-woocommerce_thumbnail\" alt=\"\" srcset=\"https:\/\/www.lctouroperator.com\/it\/wp-content\/uploads\/2017\/03\/DSC_0077-scaled-219x146.jpg 219w, https:\/\/www.lctouroperator.com\/it\/wp-content\/uploads\/2017\/03\/DSC_0077-scaled-350x233.jpg 350w, https:\/\/www.lctouroperator.com\/it\/wp-content\/uploads\/2017\/03\/DSC_0077-768x511.jpg 768w, https:\/\/www.lctouroperator.com\/it\/wp-content\/uploads\/2017\/03\/DSC_0077-1536x1021.jpg 1536w, https:\/\/www.lctouroperator.com\/it\/wp-content\/uploads\/2017\/03\/DSC_0077-2048x1362.jpg 2048w, https:\/\/www.lctouroperator.com\/it\/wp-content\/uploads\/2017\/03\/DSC_0077-346x230.jpg 346w, https:\/\/www.lctouroperator.com\/it\/wp-content\/uploads\/2017\/03\/DSC_0077-300x199.jpg 300w\" sizes=\"(max-width: 219px) 100vw, 219px\" \/><h2 class=\"woocommerce-loop-product__title\">Missioni Gesuitiche e Cascate dell\u2019Iguazu<\/h2><div class=\"woocommerce-product-details__short-description\">\n\t<p>Paraguay &#8211; Argentina &#8211; Brasile<br \/>\n10 giorni \/ 9 notti<\/p>\n<\/div>\n\n<\/a><\/li>\n<li class=\"product type-product post-1866 status-publish first instock product_cat-gruppi has-post-thumbnail shipping-taxable product-type-simple\">\n\t<a href=\"https:\/\/www.lctouroperator.com\/it\/producto\/paraguay-bolivia\/\" class=\"woocommerce-LoopProduct-link woocommerce-loop-product__link\"><img loading=\"lazy\" decoding=\"async\" width=\"219\" height=\"164\" src=\"https:\/\/www.lctouroperator.com\/it\/wp-content\/uploads\/2017\/04\/image-1-1-219x164.png\" class=\"attachment-woocommerce_thumbnail size-woocommerce_thumbnail\" alt=\"\" srcset=\"https:\/\/www.lctouroperator.com\/it\/wp-content\/uploads\/2017\/04\/image-1-1-219x164.png 219w, https:\/\/www.lctouroperator.com\/it\/wp-content\/uploads\/2017\/04\/image-1-1-350x263.png 350w, https:\/\/www.lctouroperator.com\/it\/wp-content\/uploads\/2017\/04\/image-1-1-306x230.png 306w, https:\/\/www.lctouroperator.com\/it\/wp-content\/uploads\/2017\/04\/image-1-1-300x225.png 300w, https:\/\/www.lctouroperator.com\/it\/wp-content\/uploads\/2017\/04\/image-1-1.png 550w\" sizes=\"(max-width: 219px) 100vw, 219px\" \/><h2 class=\"woocommerce-loop-product__title\">Paraguay &amp; Bolivia<\/h2><div class=\"woocommerce-product-details__short-description\">\n\t<p>Paraguay \/ Bolivia<br \/>\n9 giorni \/ 8 notti<\/p>\n<\/div>\n\n<\/a><\/li>\n<li class=\"product type-product post-2095 status-publish instock product_cat-gruppi has-post-thumbnail shipping-taxable product-type-simple\">\n\t<a href=\"https:\/\/www.lctouroperator.com\/it\/producto\/scoprendo-la-cultura-e-la-fede-in-america-latina\/\" class=\"woocommerce-LoopProduct-link woocommerce-loop-product__link\"><img loading=\"lazy\" decoding=\"async\" width=\"219\" height=\"146\" src=\"https:\/\/www.lctouroperator.com\/it\/wp-content\/uploads\/2017\/05\/bigstock-Marble-And-Salt-Sculptures-At-99731972-scaled-219x146.jpg\" class=\"attachment-woocommerce_thumbnail size-woocommerce_thumbnail\" alt=\"\" srcset=\"https:\/\/www.lctouroperator.com\/it\/wp-content\/uploads\/2017\/05\/bigstock-Marble-And-Salt-Sculptures-At-99731972-scaled-219x146.jpg 219w, https:\/\/www.lctouroperator.com\/it\/wp-content\/uploads\/2017\/05\/bigstock-Marble-And-Salt-Sculptures-At-99731972-scaled-350x233.jpg 350w, https:\/\/www.lctouroperator.com\/it\/wp-content\/uploads\/2017\/05\/bigstock-Marble-And-Salt-Sculptures-At-99731972-768x512.jpg 768w, https:\/\/www.lctouroperator.com\/it\/wp-content\/uploads\/2017\/05\/bigstock-Marble-And-Salt-Sculptures-At-99731972-1536x1024.jpg 1536w, https:\/\/www.lctouroperator.com\/it\/wp-content\/uploads\/2017\/05\/bigstock-Marble-And-Salt-Sculptures-At-99731972-2048x1365.jpg 2048w, https:\/\/www.lctouroperator.com\/it\/wp-content\/uploads\/2017\/05\/bigstock-Marble-And-Salt-Sculptures-At-99731972-345x230.jpg 345w, https:\/\/www.lctouroperator.com\/it\/wp-content\/uploads\/2017\/05\/bigstock-Marble-And-Salt-Sculptures-At-99731972-300x200.jpg 300w\" sizes=\"(max-width: 219px) 100vw, 219px\" \/><h2 class=\"woocommerce-loop-product__title\">Scoprendo la Cultura e la Fede in America Latina<\/h2><div class=\"woocommerce-product-details__short-description\">\n\t<p>Ecuador \/ Colombia<br \/>\n13 giorni \/ 12 notti<\/p>\n<\/div>\n\n<\/a><\/li>\n<li class=\"product type-product post-1611 status-publish last instock product_cat-gruppi has-post-thumbnail shipping-taxable product-type-simple\">\n\t<a href=\"https:\/\/www.lctouroperator.com\/it\/producto\/tra-le-traci-dei-miracoli\/\" class=\"woocommerce-LoopProduct-link woocommerce-loop-product__link\"><img loading=\"lazy\" decoding=\"async\" width=\"219\" height=\"188\" src=\"https:\/\/www.lctouroperator.com\/it\/wp-content\/uploads\/2017\/03\/IMG_81242-rotated-219x188.jpg\" class=\"attachment-woocommerce_thumbnail size-woocommerce_thumbnail\" alt=\"\" srcset=\"https:\/\/www.lctouroperator.com\/it\/wp-content\/uploads\/2017\/03\/IMG_81242-rotated-219x188.jpg 219w, https:\/\/www.lctouroperator.com\/it\/wp-content\/uploads\/2017\/03\/IMG_81242-rotated-350x300.jpg 350w, https:\/\/www.lctouroperator.com\/it\/wp-content\/uploads\/2017\/03\/IMG_81242-268x230.jpg 268w, https:\/\/www.lctouroperator.com\/it\/wp-content\/uploads\/2017\/03\/IMG_81242-300x258.jpg 300w, https:\/\/www.lctouroperator.com\/it\/wp-content\/uploads\/2017\/03\/IMG_81242-rotated.jpg 480w\" sizes=\"(max-width: 219px) 100vw, 219px\" \/><h2 class=\"woocommerce-loop-product__title\">Sulle tracce dei miracoli<\/h2><div class=\"woocommerce-product-details__short-description\">\n\t<p style=\"text-align: left\">Messico<br \/>\n12 Giorni \/ 11 Notti<\/p>\n<\/div>\n\n<\/a><\/li>\n<li class=\"product type-product post-1619 status-publish first instock product_cat-gruppi has-post-thumbnail shipping-taxable product-type-simple\">\n\t<a href=\"https:\/\/www.lctouroperator.com\/it\/producto\/sudamerica-imperdibile\/\" class=\"woocommerce-LoopProduct-link woocommerce-loop-product__link\"><img loading=\"lazy\" decoding=\"async\" width=\"219\" height=\"144\" src=\"https:\/\/www.lctouroperator.com\/it\/wp-content\/uploads\/2017\/03\/caacupe2-300x197.jpg\" class=\"attachment-woocommerce_thumbnail size-woocommerce_thumbnail\" alt=\"\" srcset=\"https:\/\/www.lctouroperator.com\/it\/wp-content\/uploads\/2017\/03\/caacupe2-300x197.jpg 300w, https:\/\/www.lctouroperator.com\/it\/wp-content\/uploads\/2017\/03\/caacupe2-350x230.jpg 350w, https:\/\/www.lctouroperator.com\/it\/wp-content\/uploads\/2017\/03\/caacupe2.jpg 600w\" sizes=\"(max-width: 219px) 100vw, 219px\" \/><h2 class=\"woocommerce-loop-product__title\">Terra del Papa &amp; Santuari Sudamericani<\/h2><div class=\"woocommerce-product-details__short-description\">\n\t<div class=\"woocommerce-product-details__short-description\">\n<p>Argentina \/ Paraguay \/ Brasile<br class=\"\" \/>12 Giorni \/ 11 Notti<\/p>\n<\/div>\n<\/div>\n\n<\/a><\/li>\n<\/ul>\n<\/div>\n","protected":false},"excerpt":{"rendered":"<p>Condividere emozioni e spiritualit\u00e0 \u00a0arricchisce l\u2019esperienza, moltiplica la meraviglia, stimola la curiosit\u00e0. Nella parola pi\u00f9 ampia di Spiritualit\u00e0 un invito a vivere dei viaggi che a contatto con la fede, la tradizione, la cultura&#46;&#46;&#46;<\/p>\n","protected":false},"author":2,"featured_media":3015,"parent":0,"menu_order":0,"comment_status":"closed","ping_status":"closed","template":"","meta":{"dwc-title":[""],"dwc-content":[""],"footnotes":""},"class_list":["post-170","page","type-page","status-publish","has-post-thumbnail","hentry"],"_links":{"self":[{"href":"https:\/\/www.lctouroperator.com\/it\/wp-json\/wp\/v2\/pages\/170"}],"collection":[{"href":"https:\/\/www.lctouroperator.com\/it\/wp-json\/wp\/v2\/pages"}],"about":[{"href":"https:\/\/www.lctouroperator.com\/it\/wp-json\/wp\/v2\/types\/page"}],"author":[{"embeddable":true,"href":"https:\/\/www.lctouroperator.com\/it\/wp-json\/wp\/v2\/users\/2"}],"replies":[{"embeddable":true,"href":"https:\/\/www.lctouroperator.com\/it\/wp-json\/wp\/v2\/comments?post=170"}],"version-history":[{"count":41,"href":"https:\/\/www.lctouroperator.com\/it\/wp-json\/wp\/v2\/pages\/170\/revisions"}],"predecessor-version":[{"id":3014,"href":"https:\/\/www.lctouroperator.com\/it\/wp-json\/wp\/v2\/pages\/170\/revisions\/3014"}],"wp:featuredmedia":[{"embeddable":true,"href":"https:\/\/www.lctouroperator.com\/it\/wp-json\/wp\/v2\/media\/3015"}],"wp:attachment":[{"href":"https:\/\/www.lctouroperator.com\/it\/wp-json\/wp\/v2\/media?parent=170"}],"curies":[{"name":"wp","href":"https:\/\/api.w.org\/{rel}","templated":true}]}}