{"id":165,"date":"2013-09-28T21:36:50","date_gmt":"2013-09-29T00:36:50","guid":{"rendered":"http:\/\/www.lctouroperator.com\/it\/?page_id=165"},"modified":"2020-07-29T09:43:52","modified_gmt":"2020-07-29T12:43:52","slug":"peru","status":"publish","type":"page","link":"https:\/\/www.lctouroperator.com\/it\/peru\/","title":{"rendered":"Per\u00f9"},"content":{"rendered":"<div class=\"row\">\n<div class=\"nine columns\">\n<h2>L\u2019incredibile e per certi aspetti ancora inspiegabile ingegneria del grande impero degli Inca si trova solo qui, in mezzo a paesaggi che cambiano continuamente. Montagne verdissime perse nella fittissima selva, laghi e fiumi, deserti, altopiani, spiagge, citt\u00e0 uniche. Questo \u00e8 il meraviglioso Per\u00f9, che contiene come uno scrigno l\u2019enigmatica Macchu Picchu, meta di milioni di viaggiatori, il Titicaca -il lago navigabile pi\u00fa alto al mondo-, le citt\u00e0 inca Ollantaytambo e Cusco, la meravigliosa e romantica Arequipa e ruderi come Moray e la citt\u00e0 sacra di Sacysawaman. Passato e presente qui si attraggono con un magnetismo \u00fanico.<\/h2>\n<h3 class=\"h3pais\">Programmi \/ Per\u00fa<\/h3>\n<div class=\"woocommerce columns-3 \"><ul class=\"products columns-3\">\n<li class=\"product type-product post-1516 status-publish first instock product_cat-peru has-post-thumbnail shipping-taxable product-type-simple\">\n\t<a href=\"https:\/\/www.lctouroperator.com\/it\/producto\/antiche-civilta-e-natura\/\" class=\"woocommerce-LoopProduct-link woocommerce-loop-product__link\"><img loading=\"lazy\" decoding=\"async\" width=\"219\" height=\"123\" src=\"https:\/\/www.lctouroperator.com\/it\/wp-content\/uploads\/2017\/02\/valle-de-huaylas-ancash--300x168.jpg\" class=\"attachment-woocommerce_thumbnail size-woocommerce_thumbnail\" alt=\"\" srcset=\"https:\/\/www.lctouroperator.com\/it\/wp-content\/uploads\/2017\/02\/valle-de-huaylas-ancash--300x168.jpg 300w, https:\/\/www.lctouroperator.com\/it\/wp-content\/uploads\/2017\/02\/valle-de-huaylas-ancash--768x430.jpg 768w, https:\/\/www.lctouroperator.com\/it\/wp-content\/uploads\/2017\/02\/valle-de-huaylas-ancash-.jpg 900w, https:\/\/www.lctouroperator.com\/it\/wp-content\/uploads\/2017\/02\/valle-de-huaylas-ancash--350x196.jpg 350w\" sizes=\"(max-width: 219px) 100vw, 219px\" \/><h2 class=\"woocommerce-loop-product__title\">Antiche civilt\u00e0 e natura<\/h2><div class=\"woocommerce-product-details__short-description\">\n\t<p>Per\u00fa<br \/>\n12 giorni \/ 11 notti<\/p>\n<\/div>\n\n<\/a><\/li>\n<li class=\"product type-product post-1515 status-publish instock product_cat-peru has-post-thumbnail shipping-taxable product-type-simple\">\n\t<a href=\"https:\/\/www.lctouroperator.com\/it\/producto\/cammino-del-inca\/\" class=\"woocommerce-LoopProduct-link woocommerce-loop-product__link\"><img loading=\"lazy\" decoding=\"async\" width=\"219\" height=\"123\" src=\"https:\/\/www.lctouroperator.com\/it\/wp-content\/uploads\/2017\/02\/salkantay.jpg\" class=\"attachment-woocommerce_thumbnail size-woocommerce_thumbnail\" alt=\"\" \/><h2 class=\"woocommerce-loop-product__title\">Camino del Inca: Trekking del Salkantay<\/h2><div class=\"woocommerce-product-details__short-description\">\n\t<p>Per\u00fa<br \/>\n11 giorni \/ 10 notti<\/p>\n<\/div>\n\n<\/a><\/li>\n<li class=\"product type-product post-1514 status-publish last instock product_cat-peru has-post-thumbnail shipping-taxable product-type-simple\">\n\t<a href=\"https:\/\/www.lctouroperator.com\/it\/producto\/cultura-archeologia-gourmet\/\" class=\"woocommerce-LoopProduct-link woocommerce-loop-product__link\"><img loading=\"lazy\" decoding=\"async\" width=\"219\" height=\"144\" src=\"https:\/\/www.lctouroperator.com\/it\/wp-content\/uploads\/2013\/10\/corazon-peruano-destacada-300x197.jpg\" class=\"attachment-woocommerce_thumbnail size-woocommerce_thumbnail\" alt=\"\" srcset=\"https:\/\/www.lctouroperator.com\/it\/wp-content\/uploads\/2013\/10\/corazon-peruano-destacada-300x197.jpg 300w, https:\/\/www.lctouroperator.com\/it\/wp-content\/uploads\/2013\/10\/corazon-peruano-destacada.jpg 350w\" sizes=\"(max-width: 219px) 100vw, 219px\" \/><h2 class=\"woocommerce-loop-product__title\">Cultura, Archeologia &#038; Gourmet<\/h2><div class=\"woocommerce-product-details__short-description\">\n\t<p>Per\u00fa<br \/>\n11 giorni \/ 10 notti<\/p>\n<\/div>\n\n<\/a><\/li>\n<li class=\"product type-product post-2441 status-publish first instock product_cat-gli-speciali product_cat-peru has-post-thumbnail shipping-taxable product-type-simple\">\n\t<a href=\"https:\/\/www.lctouroperator.com\/it\/producto\/peru-mistero-e-sapori-2\/\" class=\"woocommerce-LoopProduct-link woocommerce-loop-product__link\"><img loading=\"lazy\" decoding=\"async\" width=\"219\" height=\"146\" src=\"https:\/\/www.lctouroperator.com\/it\/wp-content\/uploads\/2020\/02\/mistero-e-sapori-300x200.jpg\" class=\"attachment-woocommerce_thumbnail size-woocommerce_thumbnail\" alt=\"\" srcset=\"https:\/\/www.lctouroperator.com\/it\/wp-content\/uploads\/2020\/02\/mistero-e-sapori-300x200.jpg 300w, https:\/\/www.lctouroperator.com\/it\/wp-content\/uploads\/2020\/02\/mistero-e-sapori-350x233.jpg 350w, https:\/\/www.lctouroperator.com\/it\/wp-content\/uploads\/2020\/02\/mistero-e-sapori-345x230.jpg 345w, https:\/\/www.lctouroperator.com\/it\/wp-content\/uploads\/2020\/02\/mistero-e-sapori.jpg 600w\" sizes=\"(max-width: 219px) 100vw, 219px\" \/><h2 class=\"woocommerce-loop-product__title\">Per\u00fa: Mistero e Sapori<\/h2><div class=\"woocommerce-product-details__short-description\">\n\t<p>Per\u00fa<br \/>\n10 giorni \/ 9 notti<\/p>\n<\/div>\n\n<\/a><\/li>\n<\/ul>\n<\/div>\n<h3>Mangiare e bere<\/h3>\n<p>Nel 2012, il Per\u00f9 \u00e8 stato dichiaro capitale mondiale della gastronomia. Il paese ha senza dubbio la miglior cucina dell\u2019America Latina, per la variet\u00e1 delle pietanze ma soprattutto per l\u2019abbondanza di condimenti e infinite variet\u00e0 di verdure e frutta. Imperdibile la fiera annuale Mistura dove viene in evidenza questa incredibile variet\u00e0 e creativit\u00e0 nell\u2019abbinare sapori e profumi. Diversa da regione a regione, esiste una vera e propria gara tra gli esperti della cucina per proporre l\u2019arte della cucina fusion, fra tradizione e novit\u00e0.<\/p>\n<h3>Quando viaggiare\/Clima<\/h3>\n<p>La capitale, Lima, \u00e8 situata tra il deserto e il mare, e pu\u00f2 essere visitata durante tutto l\u2019anno. \u00c8 consigliabile recarsi a citt\u00e0 di mare come Piura, Tombes, Trujlllo e Cliclayo da met\u00e0 novembre a marzo, mesi in cui conviene evitare la zona di Cusco, Macchu Picchu, Arequipa e Puno, poich\u00e8 \u00e8 epoca di piogge. Riassumendo, il periodo tra aprile e novembre \u00e9 il miglior momento per visitare questo paese.<\/p>\n<h3 class=\"h3pais\"><\/h3>\n<\/div>\n<p>&nbsp;<\/p>\n<\/div>\n<div class=\"row\"><\/div>\n<p><!--:--><\/p>\n","protected":false},"excerpt":{"rendered":"<p>L\u2019incredibile e per certi aspetti ancora inspiegabile ingegneria del grande impero degli Inca si trova solo qui, in mezzo a paesaggi che cambiano continuamente. Montagne verdissime perse nella fittissima selva, laghi e fiumi, deserti,&#46;&#46;&#46;<\/p>\n","protected":false},"author":2,"featured_media":615,"parent":0,"menu_order":0,"comment_status":"closed","ping_status":"closed","template":"","meta":{"dwc-title":[""],"dwc-content":["<table>\r\n<tbody>\r\n<tr>\r\n<td style=\"background-color: #696969;\">\r\n<h5><span style=\"color: #ffffff;\">INFO\u00a0PERU<\/span><\/h5>\r\n<\/td>\r\n<\/tr>\r\n<tr>\r\n<td style=\"background-color: #999999;\">\r\n<h5><span style=\"color: #ffffff;\">DOCUMENTAZIONE<\/span><\/h5>\r\n<\/td>\r\n<\/tr>\r\n<tr>\r\n<td>\r\n<h5>PASSAPORTO<\/h5>\r\n<\/td>\r\n<\/tr>\r\n<tr>\r\n<td style=\"background-color: #999999;\">\r\n<h5><span style=\"color: #ffffff;\">MONETA<\/span><\/h5>\r\n<\/td>\r\n<\/tr>\r\n<tr>\r\n<td>\r\n<h5>SOL<\/h5>\r\n<\/td>\r\n<\/tr>\r\n<tr>\r\n<td style=\"background-color: #999999;\">\r\n<h5><span style=\"color: #ffffff;\">LINGUA<\/span><\/h5>\r\n<\/td>\r\n<\/tr>\r\n<tr>\r\n<td>\r\n<h5>SPAGNOLO. NELLA REGIONE ANDINA SI PARLA IL QUECHUA, CHE COESISTE CON L'AYMARA NELL'AREA DEL LAGO TITICACA.<\/h5>\r\n<\/td>\r\n<\/tr>\r\n<tr>\r\n<td style=\"background-color: #999999;\">\r\n<h5><span style=\"color: #ffffff;\">RACCOMANDAZIONI SANITARIE<\/span><\/h5>\r\n<\/td>\r\n<\/tr>\r\n<tr>\r\n<td>\r\n<h5>VACCINAZIONI OBBLIGATORIE: NESSUNA\r\nIN CASO DI VISITE ALLA ZONA AMAZZONICA, SEBBENE NON SIA OBBLIGARIORIO, Pu\u00f2 ESSERE CONSIGLIABILE IL VACCINO CONTRO FEBBRE GIALLA E LE EPATITI A E B. IN TALI AREE CONVIENE ANCHE PROTEGGERSI DALLE ZANZARE AEDES AEGYPTI CON REPELLENTI CUTANEI E ZANZARIERE.\r\nPER ESCURSIONI NELLA ZONA ANDINA, PRESTARE ATTENZIONE ALLE ASCENSIONI TROPPO VELOCI, DATA L'ELEVATA ALTITUDINE (TRA I 3.200 E I 4.000 METRI S.L.M.).<\/h5>\r\n<\/td>\r\n<\/tr>\r\n<tr>\r\n<td style=\"background-color: #999999;\">\r\n<h5><span style=\"color: #ffffff;\">Links<\/span><\/h5>\r\n<\/td>\r\n<\/tr>\r\n<tr>\r\n<td>\r\n<h5><a href=\"http:\/\/www.visitperu.com\" target=\"_blank\" rel=\"noopener noreferrer\">www.visitperu.com<\/a><\/h5>\r\n<\/td>\r\n<\/tr>\r\n<\/tbody>\r\n<\/table>"],"footnotes":""},"class_list":["post-165","page","type-page","status-publish","has-post-thumbnail","hentry"],"_links":{"self":[{"href":"https:\/\/www.lctouroperator.com\/it\/wp-json\/wp\/v2\/pages\/165"}],"collection":[{"href":"https:\/\/www.lctouroperator.com\/it\/wp-json\/wp\/v2\/pages"}],"about":[{"href":"https:\/\/www.lctouroperator.com\/it\/wp-json\/wp\/v2\/types\/page"}],"author":[{"embeddable":true,"href":"https:\/\/www.lctouroperator.com\/it\/wp-json\/wp\/v2\/users\/2"}],"replies":[{"embeddable":true,"href":"https:\/\/www.lctouroperator.com\/it\/wp-json\/wp\/v2\/comments?post=165"}],"version-history":[{"count":24,"href":"https:\/\/www.lctouroperator.com\/it\/wp-json\/wp\/v2\/pages\/165\/revisions"}],"predecessor-version":[{"id":2708,"href":"https:\/\/www.lctouroperator.com\/it\/wp-json\/wp\/v2\/pages\/165\/revisions\/2708"}],"wp:featuredmedia":[{"embeddable":true,"href":"https:\/\/www.lctouroperator.com\/it\/wp-json\/wp\/v2\/media\/615"}],"wp:attachment":[{"href":"https:\/\/www.lctouroperator.com\/it\/wp-json\/wp\/v2\/media?parent=165"}],"curies":[{"name":"wp","href":"https:\/\/api.w.org\/{rel}","templated":true}]}}