{"id":163,"date":"2013-09-28T21:36:17","date_gmt":"2013-09-29T00:36:17","guid":{"rendered":"http:\/\/www.lctouroperator.com\/it\/?page_id=163"},"modified":"2021-07-05T10:12:49","modified_gmt":"2021-07-05T13:12:49","slug":"paraguay","status":"publish","type":"page","link":"https:\/\/www.lctouroperator.com\/it\/paraguay\/","title":{"rendered":"Paraguay"},"content":{"rendered":"<p><!--:es--><\/p>\n<div class=\"row\">\n<div class=\"nine columns\">\n<h2 class=\"gmail_default\">Paraguay, terra rossa immersa nella natura subtropicale, nel cuore del Sudamerica. Asunci\u00f3n, la capitale verde del continente, si trova in un luogo strategico per collegarsi con poche ore di voli diretti con citt\u00e0 come Buenos Aires, Santiago del Cile, Montevideo, San Paolo ed svolge un ruolo importante per l&#8217;economia regionale grazie a la sicurezza istituzionale; ci\u00f2\u00a0nonostante l&#8217;informalit\u00e0 prevalente nel mercato locale non garantisce lo sviluppo reale della popolazione paraguaiana.<\/h2>\n<h2 class=\"gmail_default\">Un paese esuberante di verde, laghi fiumi&#8230; una calamita irresistibile per gli appassionati di pesca per la presenza di specie mitiche come il famoso <i>dorado<\/i>, il surub\u00ed, il Pac\u00fa nel fiume Paran\u00e1 e una fauna selvatica nel\u00a0<i>Pantanal<\/i>\u00a0che compone il fiume Paraguay. Esperienze uniche garantite nel silenzio di una natura incontaminata mentre si naviga un\u00a0 fiume magari\u00a0durante una crociera ecologica o una crociera di pesca , contemplando i cieli cariche di stelle.<\/h2>\n<h2 class=\"gmail_default\">La storia esplode con forza ed emozione durante la visita alle rovine delle missioni dei Gesuiti, le Riduzioni mirabilmente interpretate dal film \u00abLa Missione\u00bb con le musiche di Ennio Morricone i cui protagonisti Robert de Niro, Jeremy Irons e lo stesso regista Robert Joffe danno vita ad un incredibile utopia che si \u00e8 avverata nei secoli XVII e XVIII.<br \/>\nScopri la terra del sole raggiante quasi tutto l&#8217;anno, tradizioni culinarie con incredibili variet\u00e0 di cibi tipici e artigianato tra cui spiccano i \u00f1anduti, le amache e le filigrane, gioielli finissimi: ogni pezzo un capolavoro<span style=\"font-size: 16px\">.<\/span><\/h2>\n<h3 class=\"h3pais\">Programmi \/ Paraguay<\/h3>\n<div class=\"woocommerce columns-3 \"><ul class=\"products columns-3\">\n<li class=\"product type-product post-2011 status-publish first instock product_cat-paraguay has-post-thumbnail shipping-taxable product-type-simple\">\n\t<a href=\"https:\/\/www.lctouroperator.com\/it\/producto\/a-pesca-nel-pantanal\/\" class=\"woocommerce-LoopProduct-link woocommerce-loop-product__link\"><img loading=\"lazy\" decoding=\"async\" width=\"219\" height=\"144\" src=\"https:\/\/www.lctouroperator.com\/it\/wp-content\/uploads\/2017\/04\/Atardecer-Pantanal-ppal-300x197.jpg\" class=\"attachment-woocommerce_thumbnail size-woocommerce_thumbnail\" alt=\"\" srcset=\"https:\/\/www.lctouroperator.com\/it\/wp-content\/uploads\/2017\/04\/Atardecer-Pantanal-ppal-300x197.jpg 300w, https:\/\/www.lctouroperator.com\/it\/wp-content\/uploads\/2017\/04\/Atardecer-Pantanal-ppal-350x230.jpg 350w, https:\/\/www.lctouroperator.com\/it\/wp-content\/uploads\/2017\/04\/Atardecer-Pantanal-ppal.jpg 600w\" sizes=\"(max-width: 219px) 100vw, 219px\" \/><h2 class=\"woocommerce-loop-product__title\">A pesca nel Pantanal<\/h2><div class=\"woocommerce-product-details__short-description\">\n\t<p>Paraguay<br \/>\n7 giorni \/ 6 notti<\/p>\n<\/div>\n\n<\/a><\/li>\n<li class=\"product type-product post-2484 status-publish instock product_cat-gli-speciali product_cat-paraguay has-post-thumbnail shipping-taxable product-type-simple\">\n\t<a href=\"https:\/\/www.lctouroperator.com\/it\/producto\/crociera-sulle-tracce-di-guido-boggiani\/\" class=\"woocommerce-LoopProduct-link woocommerce-loop-product__link\"><img loading=\"lazy\" decoding=\"async\" width=\"219\" height=\"146\" src=\"https:\/\/www.lctouroperator.com\/it\/wp-content\/uploads\/2020\/02\/pantanal1-300x200.jpg\" class=\"attachment-woocommerce_thumbnail size-woocommerce_thumbnail\" alt=\"\" srcset=\"https:\/\/www.lctouroperator.com\/it\/wp-content\/uploads\/2020\/02\/pantanal1-300x200.jpg 300w, https:\/\/www.lctouroperator.com\/it\/wp-content\/uploads\/2020\/02\/pantanal1-350x233.jpg 350w, https:\/\/www.lctouroperator.com\/it\/wp-content\/uploads\/2020\/02\/pantanal1-345x230.jpg 345w, https:\/\/www.lctouroperator.com\/it\/wp-content\/uploads\/2020\/02\/pantanal1.jpg 600w\" sizes=\"(max-width: 219px) 100vw, 219px\" \/><h2 class=\"woocommerce-loop-product__title\">Crociera sul Fiume<\/h2><div class=\"woocommerce-product-details__short-description\">\n\t<p>Paraguay<br \/>\n7 giorni \/ 6 notti<\/p>\n<\/div>\n\n<\/a><\/li>\n<li class=\"product type-product post-1695 status-publish last instock product_cat-paraguay has-post-thumbnail shipping-taxable product-type-simple\">\n\t<a href=\"https:\/\/www.lctouroperator.com\/it\/producto\/alla-scoperta-del-paraguay\/\" class=\"woocommerce-LoopProduct-link woocommerce-loop-product__link\"><img loading=\"lazy\" decoding=\"async\" width=\"219\" height=\"144\" src=\"https:\/\/www.lctouroperator.com\/it\/wp-content\/uploads\/2017\/03\/Misione-Gesuitiche2-300x197.jpg\" class=\"attachment-woocommerce_thumbnail size-woocommerce_thumbnail\" alt=\"\" srcset=\"https:\/\/www.lctouroperator.com\/it\/wp-content\/uploads\/2017\/03\/Misione-Gesuitiche2-300x197.jpg 300w, https:\/\/www.lctouroperator.com\/it\/wp-content\/uploads\/2017\/03\/Misione-Gesuitiche2-350x230.jpg 350w, https:\/\/www.lctouroperator.com\/it\/wp-content\/uploads\/2017\/03\/Misione-Gesuitiche2.jpg 600w\" sizes=\"(max-width: 219px) 100vw, 219px\" \/><h2 class=\"woocommerce-loop-product__title\">Missioni Gesuitiche Paraguay &#8211; Argentina<\/h2><div class=\"woocommerce-product-details__short-description\">\n\t<p>Paraguay<br \/>\n9 giorno \/ 8 notti<\/p>\n<\/div>\n\n<\/a><\/li>\n<li class=\"product type-product post-1478 status-publish first instock product_cat-paraguay has-post-thumbnail shipping-taxable product-type-simple\">\n\t<a href=\"https:\/\/www.lctouroperator.com\/it\/producto\/paraguay-da-scoprire\/\" class=\"woocommerce-LoopProduct-link woocommerce-loop-product__link\"><img loading=\"lazy\" decoding=\"async\" width=\"219\" height=\"144\" src=\"https:\/\/www.lctouroperator.com\/it\/wp-content\/uploads\/2013\/10\/mitica-triple-frontera-destacada-300x197.jpg\" class=\"attachment-woocommerce_thumbnail size-woocommerce_thumbnail\" alt=\"\" srcset=\"https:\/\/www.lctouroperator.com\/it\/wp-content\/uploads\/2013\/10\/mitica-triple-frontera-destacada-300x197.jpg 300w, https:\/\/www.lctouroperator.com\/it\/wp-content\/uploads\/2013\/10\/mitica-triple-frontera-destacada.jpg 350w\" sizes=\"(max-width: 219px) 100vw, 219px\" \/><h2 class=\"woocommerce-loop-product__title\">Paraguay da scoprire<\/h2><div class=\"woocommerce-product-details__short-description\">\n\t<p>Paraguay<br \/>\n7 giorni \/ 6 notti<\/p>\n<\/div>\n\n<\/a><\/li>\n<\/ul>\n<\/div>\n<h3>Mangiare e bere<\/h3>\n<p>Ristoranti sempre pi\u00f9 numerosi propongono men\u00f9 di piatti regionali ma anche qui, come in tutti i \u00a0paesi del <em>cono sud<\/em>, il piatto forte \u00e8 la carne grigliata, grazie anche all\u2019alta qualit\u00e0 delle carni locali. Piatti tipici come la \u201cchipa guaz\u00fa\u201d, a base di mais con\u00a0 squisite combinazioni di formaggi e cotta al forno, come la anche tipica \u201csopa paraguaya\u201d un elaborato a base di mais tritato che si usa per accompagnare la carne di qualsiasi tipo. Numerosi sono i piatti tipici come il\u00a0<em>mbeyu\u00a0<\/em>per colazione o spuntini come\u00a0<em>\u00a0la chip\u00e1 (cipa) ripiena con carne, empanadas, etc.\u00a0<\/em><\/p>\n<p>Da bere: a tavola normalmente nei ristoranti non mancano la carta di vini, soprattutto argentini e cileni,<em>\u00a0<\/em>cos\u00ec come la birra che ormai \u00e8 la bibita pi\u00f9 popolare anche tra i giovani. Una bevanda tipica che si consuma a met\u00e0 mattina e, in alcune regioni, in qualsiasi momento \u00e8 il Terer\u00e9, bibita rinfrescante, spesso gelata, che si beve in compagnia\u00a0 scambiandosi la <em>Guampa <\/em>(il tipico recipiente del Terer\u00e9).<\/p>\n<h3 class=\"h3pais\">Quando viaggiare \/ Clima<\/h3>\n<p>Il Paraguay si pu\u00f2 visitare in qualsiasi epoca dell&#8217;anno anche se per la Pesca\u00a0e la Crociera ecologica per il Pantanal il periodo migliore va da marzo a settembre che sono i mesi meno caldi. Il clima \u00e8 tropicale\/subtropicale. In estate le temperature possono raggiungere i 40\u00ba C. In inverno le minime possono scendere fino agli 0\u00ba C. Durante la maggior parte dell&#8217;anno predomina il caldo. Le piogge sono presenti in maniera uniforme durante tutto l&#8217;anno.<\/p>\n<\/div>\n<\/div>\n<div class=\"row\"><\/div>\n<p><!--:--><\/p>\n","protected":false},"excerpt":{"rendered":"<p>Paraguay, terra rossa immersa nella natura subtropicale, nel cuore del Sudamerica. Asunci\u00f3n, la capitale verde del continente, si trova in un luogo strategico per collegarsi con poche ore di voli diretti con citt\u00e0 come&#46;&#46;&#46;<\/p>\n","protected":false},"author":2,"featured_media":614,"parent":0,"menu_order":0,"comment_status":"closed","ping_status":"closed","template":"","meta":{"dwc-title":[""],"dwc-content":["<table>\r\n<tbody>\r\n<tr>\r\n<td style=\"background-color: #696969;\">\r\n<h5><span style=\"color: #ffffff;\">INFO\u00a0PARAGUAY<\/span><\/h5>\r\n<\/td>\r\n<\/tr>\r\n<tr>\r\n<td style=\"background-color: #999999;\">\r\n<h5><span style=\"color: #ffffff;\">DOCUMENTAZIONE<\/span><\/h5>\r\n<\/td>\r\n<\/tr>\r\n<tr>\r\n<td>\r\n<h5><span style=\"color: #333333;\">PASSAPORTO CON SEI MESI DI VALIDIT\u00e0 RESIDUA AL MOMENTO DELL'ENTRATA AL PAESE.<\/span><\/h5>\r\n<\/td>\r\n<\/tr>\r\n<tr>\r\n<td style=\"background-color: #999999;\">\r\n<h5><span style=\"color: #ffffff;\">MONETA<\/span><\/h5>\r\n<\/td>\r\n<\/tr>\r\n<tr>\r\n<td>\r\n<h5><span style=\"color: #333333;\">GUARANI.<\/span><\/h5>\r\n<\/td>\r\n<\/tr>\r\n<tr>\r\n<td style=\"background-color: #999999;\">\r\n<h5><span style=\"color: #ffffff;\">LINGUA<\/span><\/h5>\r\n<\/td>\r\n<\/tr>\r\n<tr>\r\n<td>\r\n<h5><span style=\"color: #333333;\">SPAGNOLO E GUARAN\u00cd<\/span><\/h5>\r\n<\/td>\r\n<\/tr>\r\n<tr>\r\n<td style=\"background-color: #999999;\">\r\n<h5><span style=\"color: #ffffff;\">RACCOMANDAZIONI SANITARIE<\/span><\/h5>\r\n<\/td>\r\n<\/tr>\r\n<tr>\r\n<td>\r\n<h5><span style=\"color: #333333;\">VACCINAZIONI OBBLIGATORIE: NESSUNA.<\/span><\/h5>\r\n<h5><span style=\"color: #333333;\">SI CONSIGLIA, PREVIO PARERE MEDICO, DI VACCINARSI CONTRO LE EPATITI A E B, IL TIFO, IN MENINGICOCCO E IL TETANO. PROTEGGERSI DALLE ZANZARE AEDES AEGYPTI CON REPELLENTI CUTANEI E ZANZARIERE.<\/span><\/h5>\r\n<h5><span style=\"color: #333333;\">CONSIGLIABILE BERE ACQUA IMBOTTIGLIATA.<\/span><\/h5>\r\n<\/td>\r\n<\/tr>\r\n<tr>\r\n<td style=\"background-color: #999999;\">\r\n<h5><span style=\"color: #ffffff;\">Links<\/span><\/h5>\r\n<\/td>\r\n<\/tr>\r\n<tr>\r\n<td>\r\n<h5><a href=\"http:\/\/www.senatur.gov.py\" target=\"_blank\" rel=\"noopener noreferrer\">www.senatur.gov.py<\/a><\/h5>\r\n<\/td>\r\n<\/tr>\r\n<\/tbody>\r\n<\/table>"],"footnotes":""},"class_list":["post-163","page","type-page","status-publish","has-post-thumbnail","hentry"],"_links":{"self":[{"href":"https:\/\/www.lctouroperator.com\/it\/wp-json\/wp\/v2\/pages\/163"}],"collection":[{"href":"https:\/\/www.lctouroperator.com\/it\/wp-json\/wp\/v2\/pages"}],"about":[{"href":"https:\/\/www.lctouroperator.com\/it\/wp-json\/wp\/v2\/types\/page"}],"author":[{"embeddable":true,"href":"https:\/\/www.lctouroperator.com\/it\/wp-json\/wp\/v2\/users\/2"}],"replies":[{"embeddable":true,"href":"https:\/\/www.lctouroperator.com\/it\/wp-json\/wp\/v2\/comments?post=163"}],"version-history":[{"count":27,"href":"https:\/\/www.lctouroperator.com\/it\/wp-json\/wp\/v2\/pages\/163\/revisions"}],"predecessor-version":[{"id":3143,"href":"https:\/\/www.lctouroperator.com\/it\/wp-json\/wp\/v2\/pages\/163\/revisions\/3143"}],"wp:featuredmedia":[{"embeddable":true,"href":"https:\/\/www.lctouroperator.com\/it\/wp-json\/wp\/v2\/media\/614"}],"wp:attachment":[{"href":"https:\/\/www.lctouroperator.com\/it\/wp-json\/wp\/v2\/media?parent=163"}],"curies":[{"name":"wp","href":"https:\/\/api.w.org\/{rel}","templated":true}]}}