{"id":161,"date":"2013-09-28T21:35:46","date_gmt":"2013-09-29T00:35:46","guid":{"rendered":"http:\/\/www.lctouroperator.com\/it\/?page_id=161"},"modified":"2021-04-29T10:09:20","modified_gmt":"2021-04-29T13:09:20","slug":"colombia","status":"publish","type":"page","link":"https:\/\/www.lctouroperator.com\/it\/colombia\/","title":{"rendered":"Colombia"},"content":{"rendered":"<h2>Colombia&#8230; pi\u00f9 unica che rara&#8230;. Dai 5.000 metri del vulcano Nevado del Ruiz alla costa dei Caraibi, dal Pacifico all&#8217;Atlantico e dalle spiagge tropicali alla selva amazzonica. Ben 10 climi diversi in uno dei paesi con maggiore biodiversit\u00e0 del pianeta. La terra \u201ccafetera\u201d per antonomasia \u00e8 stata la chimera dei conquistadores, che vi cercavano la leggendaria \u201cEl Dorado\u201d. E in effetti, in Colombia si producono smeraldi della pi\u00f9 alta qualit\u00e0 al mondo.<\/h2>\n<h2>Ma ci\u00f2 che attrae sempre di pi\u00f9 i visitatori di tutto il mondo \u00e8 la ricchezza naturale, la cultura, ospitalit\u00e0 e la fresca allegria della sua gente che porta il ballo nel sangue, vero sport nazionale: ritmi irresistibili -miscuglio di tradizioni indigene e africane- e le sue suadenti bellezze.<\/h2>\n<h3 class=\"h3pais\">Programmi \/ Colombia<\/h3>\n<div class=\"woocommerce columns-3 \"><ul class=\"products columns-3\">\n<li class=\"product type-product post-2645 status-publish first instock product_cat-colombia has-post-thumbnail shipping-taxable product-type-simple\">\n\t<a href=\"https:\/\/www.lctouroperator.com\/it\/producto\/bogota-e-3-gioielli-dei-caraibi\/\" class=\"woocommerce-LoopProduct-link woocommerce-loop-product__link\"><img loading=\"lazy\" decoding=\"async\" width=\"219\" height=\"146\" src=\"https:\/\/www.lctouroperator.com\/it\/wp-content\/uploads\/2020\/06\/Bogota-e-3-gioielli-dei-Caraibi-300x200.jpg\" class=\"attachment-woocommerce_thumbnail size-woocommerce_thumbnail\" alt=\"\" srcset=\"https:\/\/www.lctouroperator.com\/it\/wp-content\/uploads\/2020\/06\/Bogota-e-3-gioielli-dei-Caraibi-300x200.jpg 300w, https:\/\/www.lctouroperator.com\/it\/wp-content\/uploads\/2020\/06\/Bogota-e-3-gioielli-dei-Caraibi-350x233.jpg 350w, https:\/\/www.lctouroperator.com\/it\/wp-content\/uploads\/2020\/06\/Bogota-e-3-gioielli-dei-Caraibi-345x230.jpg 345w, https:\/\/www.lctouroperator.com\/it\/wp-content\/uploads\/2020\/06\/Bogota-e-3-gioielli-dei-Caraibi.jpg 600w\" sizes=\"(max-width: 219px) 100vw, 219px\" \/><h2 class=\"woocommerce-loop-product__title\">Bogota e 3 gioielli dei Caraibi<\/h2><div class=\"woocommerce-product-details__short-description\">\n\t<p>Colombia<br \/>\n13 giorni \/ 12 notti<\/p>\n<\/div>\n\n<\/a><\/li>\n<li class=\"product type-product post-513 status-publish instock product_cat-colombia has-post-thumbnail shipping-taxable product-type-simple\">\n\t<a href=\"https:\/\/www.lctouroperator.com\/it\/producto\/increible-barranquilla\/\" class=\"woocommerce-LoopProduct-link woocommerce-loop-product__link\"><img loading=\"lazy\" decoding=\"async\" width=\"219\" height=\"144\" src=\"https:\/\/www.lctouroperator.com\/it\/wp-content\/uploads\/2013\/10\/increible-barranquilla-destacada-300x197.jpg\" class=\"attachment-woocommerce_thumbnail size-woocommerce_thumbnail\" alt=\"\" srcset=\"https:\/\/www.lctouroperator.com\/it\/wp-content\/uploads\/2013\/10\/increible-barranquilla-destacada-300x197.jpg 300w, https:\/\/www.lctouroperator.com\/it\/wp-content\/uploads\/2013\/10\/increible-barranquilla-destacada.jpg 350w\" sizes=\"(max-width: 219px) 100vw, 219px\" \/><h2 class=\"woocommerce-loop-product__title\">Carnevale a Barranquilla<\/h2><div class=\"woocommerce-product-details__short-description\">\n\t<p>Colombia<br \/>\n4 Giorni \/ 3 Notti<\/p>\n<\/div>\n\n<\/a><\/li>\n<li class=\"product type-product post-2315 status-publish last instock product_cat-colombia has-post-thumbnail shipping-taxable product-type-simple\">\n\t<a href=\"https:\/\/www.lctouroperator.com\/it\/producto\/colombia-da-scoprire\/\" class=\"woocommerce-LoopProduct-link woocommerce-loop-product__link\"><img loading=\"lazy\" decoding=\"async\" width=\"219\" height=\"144\" src=\"https:\/\/www.lctouroperator.com\/it\/wp-content\/uploads\/2017\/05\/Cartagena-centro-ppal-300x197.jpg\" class=\"attachment-woocommerce_thumbnail size-woocommerce_thumbnail\" alt=\"\" srcset=\"https:\/\/www.lctouroperator.com\/it\/wp-content\/uploads\/2017\/05\/Cartagena-centro-ppal-300x197.jpg 300w, https:\/\/www.lctouroperator.com\/it\/wp-content\/uploads\/2017\/05\/Cartagena-centro-ppal-350x230.jpg 350w, https:\/\/www.lctouroperator.com\/it\/wp-content\/uploads\/2017\/05\/Cartagena-centro-ppal.jpg 600w\" sizes=\"(max-width: 219px) 100vw, 219px\" \/><h2 class=\"woocommerce-loop-product__title\">Colombia da Scoprire<\/h2><div class=\"woocommerce-product-details__short-description\">\n\t<p>Colombia<br \/>\n12 giorni \/ 11 notti<\/p>\n<\/div>\n\n<\/a><\/li>\n<li class=\"product type-product post-2320 status-publish first instock product_cat-colombia has-post-thumbnail shipping-taxable product-type-simple\">\n\t<a href=\"https:\/\/www.lctouroperator.com\/it\/producto\/imperdible-bogota-e-cartagena-barranquilla\/\" class=\"woocommerce-LoopProduct-link woocommerce-loop-product__link\"><img loading=\"lazy\" decoding=\"async\" width=\"219\" height=\"144\" src=\"https:\/\/www.lctouroperator.com\/it\/wp-content\/uploads\/2013\/10\/increible-barranquilla-destacada-300x197.jpg\" class=\"attachment-woocommerce_thumbnail size-woocommerce_thumbnail\" alt=\"\" srcset=\"https:\/\/www.lctouroperator.com\/it\/wp-content\/uploads\/2013\/10\/increible-barranquilla-destacada-300x197.jpg 300w, https:\/\/www.lctouroperator.com\/it\/wp-content\/uploads\/2013\/10\/increible-barranquilla-destacada.jpg 350w\" sizes=\"(max-width: 219px) 100vw, 219px\" \/><h2 class=\"woocommerce-loop-product__title\">Imperdible Bogota e cartagena + Carnevale a Barranquilla<\/h2><div class=\"woocommerce-product-details__short-description\">\n\t<p>Colombia<br \/>\n4 Giorni \/ 3 Notti<\/p>\n<\/div>\n\n<\/a><\/li>\n<li class=\"product type-product post-2322 status-publish instock product_cat-colombia has-post-thumbnail shipping-taxable product-type-simple\">\n\t<a href=\"https:\/\/www.lctouroperator.com\/it\/producto\/realismo-colombia\/\" class=\"woocommerce-LoopProduct-link woocommerce-loop-product__link\"><img loading=\"lazy\" decoding=\"async\" width=\"219\" height=\"164\" src=\"https:\/\/www.lctouroperator.com\/it\/wp-content\/uploads\/2018\/01\/Realismo-Colombia-1-219x164.jpg\" class=\"attachment-woocommerce_thumbnail size-woocommerce_thumbnail\" alt=\"\" srcset=\"https:\/\/www.lctouroperator.com\/it\/wp-content\/uploads\/2018\/01\/Realismo-Colombia-1-219x164.jpg 219w, https:\/\/www.lctouroperator.com\/it\/wp-content\/uploads\/2018\/01\/Realismo-Colombia-1-768x576.jpg 768w, https:\/\/www.lctouroperator.com\/it\/wp-content\/uploads\/2018\/01\/Realismo-Colombia-1-350x263.jpg 350w, https:\/\/www.lctouroperator.com\/it\/wp-content\/uploads\/2018\/01\/Realismo-Colombia-1-307x230.jpg 307w, https:\/\/www.lctouroperator.com\/it\/wp-content\/uploads\/2018\/01\/Realismo-Colombia-1-300x225.jpg 300w, https:\/\/www.lctouroperator.com\/it\/wp-content\/uploads\/2018\/01\/Realismo-Colombia-1.jpg 800w\" sizes=\"(max-width: 219px) 100vw, 219px\" \/><h2 class=\"woocommerce-loop-product__title\">Realismo Colombia<\/h2><div class=\"woocommerce-product-details__short-description\">\n\t<p>Colombia<br \/>\n14 giorni \/ 13 notti<\/p>\n<\/div>\n\n<\/a><\/li>\n<li class=\"product type-product post-510 status-publish last instock product_cat-colombia has-post-thumbnail shipping-taxable product-type-simple\">\n\t<a href=\"https:\/\/www.lctouroperator.com\/it\/producto\/san-andres-y-un-mundo-de-colores\/\" class=\"woocommerce-LoopProduct-link woocommerce-loop-product__link\"><img loading=\"lazy\" decoding=\"async\" width=\"219\" height=\"144\" src=\"https:\/\/www.lctouroperator.com\/it\/wp-content\/uploads\/2013\/10\/san-andres-y-un-mundo-de-colores-destacada-300x197.jpg\" class=\"attachment-woocommerce_thumbnail size-woocommerce_thumbnail\" alt=\"\" srcset=\"https:\/\/www.lctouroperator.com\/it\/wp-content\/uploads\/2013\/10\/san-andres-y-un-mundo-de-colores-destacada-300x197.jpg 300w, https:\/\/www.lctouroperator.com\/it\/wp-content\/uploads\/2013\/10\/san-andres-y-un-mundo-de-colores-destacada.jpg 350w\" sizes=\"(max-width: 219px) 100vw, 219px\" \/><h2 class=\"woocommerce-loop-product__title\">San Andr\u00e9s e un mondo di colori<\/h2><div class=\"woocommerce-product-details__short-description\">\n\t<p>Colombia<br \/>\n5 Giorni \/ 4 Notti<\/p>\n<\/div>\n\n<\/a><\/li>\n<li class=\"product type-product post-497 status-publish first instock product_cat-colombia has-post-thumbnail shipping-taxable product-type-simple\">\n\t<a href=\"https:\/\/www.lctouroperator.com\/it\/producto\/tour-cafe-inspiracion\/\" class=\"woocommerce-LoopProduct-link woocommerce-loop-product__link\"><img loading=\"lazy\" decoding=\"async\" width=\"219\" height=\"146\" src=\"https:\/\/www.lctouroperator.com\/it\/wp-content\/uploads\/2017\/05\/cafe-c-300x200.jpg\" class=\"attachment-woocommerce_thumbnail size-woocommerce_thumbnail\" alt=\"\" srcset=\"https:\/\/www.lctouroperator.com\/it\/wp-content\/uploads\/2017\/05\/cafe-c-300x200.jpg 300w, https:\/\/www.lctouroperator.com\/it\/wp-content\/uploads\/2017\/05\/cafe-c-350x233.jpg 350w, https:\/\/www.lctouroperator.com\/it\/wp-content\/uploads\/2017\/05\/cafe-c-345x230.jpg 345w, https:\/\/www.lctouroperator.com\/it\/wp-content\/uploads\/2017\/05\/cafe-c.jpg 600w\" sizes=\"(max-width: 219px) 100vw, 219px\" \/><h2 class=\"woocommerce-loop-product__title\">Tour Caff\u00e9 Ispirazione<\/h2><div class=\"woocommerce-product-details__short-description\">\n\t<p>Colombia<br \/>\n3 Giorni \/ 2 Notti<\/p>\n<\/div>\n\n<\/a><\/li>\n<\/ul>\n<\/div>\n<h3>Mangiare e Bere<\/h3>\n<p>Volendo riassumere in breve l&#8217;incredibile variet\u00e0 gastronomica in questo vasto Paesi di ca. quarantanove milione di abitanti, i piatti conosciuti a livello paese sono L&#8217;Ajiaco, il Sancocho, il Piatto Paisa e le immancabili ad ogni ora Arepas de maiz e il Tamal, avvolto in foglie di banana.<\/p>\n<p>Le bibite pi\u00f9 popolari: l&#8217;Acqua di panela in assoluto, poi il canelazo, la Chicha<\/p>\n<p>Gli ingredienti variano da regione a regione. Completano la gamma della gastronomia tradizionale piatti spagnoli, meticci ed afro. Nei Caraibi sono tradizionali il \u201cBocachico Mojarra\u201d -teglia di frutti di mare, riso e cocco- e bevande come il corozo e il succo di tamarindo e, tra gli alcolici, il rum. Tra la frutta esotica menzioniamo la guayaba ed il zapote.<\/p>\n<h3>Quando viaggiare \/ Clima<\/h3>\n<p>In generale, la migliore epoca per viaggiare \u00e8 la stagione secca che comincia a gennaio e finisce a marzo, e da luglio a settembre. La stagione delle piogge va da aprile a giugno e dalla fine di ottobre a novembre. Purtroppo anche in questo Paese \u00e8 ormai difficile affermare con certezza i mesi migliori in quanto ormai sono indicativi per via della variazione del clima a causa della deforestazione e contaminazione ambientale.<\/p>\n<h3 class=\"h3pais\"><\/h3>\n","protected":false},"excerpt":{"rendered":"<p>Colombia&#8230; pi\u00f9 unica che rara&#8230;. Dai 5.000 metri del vulcano Nevado del Ruiz alla costa dei Caraibi, dal Pacifico all&#8217;Atlantico e dalle spiagge tropicali alla selva amazzonica. Ben 10 climi diversi in uno dei&#46;&#46;&#46;<\/p>\n","protected":false},"author":2,"featured_media":323,"parent":0,"menu_order":0,"comment_status":"closed","ping_status":"closed","template":"","meta":{"dwc-title":[""],"dwc-content":["<table>\r\n<tbody>\r\n<tr>\r\n<td style=\"background-color: #696969;\">\r\n<h5><span style=\"color: #ffffff;\">INFO COLOMBIA<\/span><\/h5>\r\n<\/td>\r\n<\/tr>\r\n<tr>\r\n<td style=\"background-color: #999999;\">\r\n<h5><span style=\"color: #ffffff;\">DOCUMENTAZIONE<\/span><\/h5>\r\n<\/td>\r\n<\/tr>\r\n<tr>\r\n<td>\r\n<h5>PASSAPORTO IN BUONO STATO CON SCADENZA NON SUPERIORE AI TRE MESI DALLA DATA DELL'ENTRATA IN COLOMBIA. PRESENTARE IL BIGLIETTO DI RITORNO O COMUNQUE DI USCITA DALLA COLOMBIA.<\/h5>\r\n<\/td>\r\n<\/tr>\r\n<tr>\r\n<td style=\"background-color: #999999;\">\r\n<h5><span style=\"color: #ffffff;\">MONETA<\/span><\/h5>\r\n<\/td>\r\n<\/tr>\r\n<tr>\r\n<td>\r\n<h5>IL PESO COLOMBIANO.<\/h5>\r\n<h5>LE CARTE DI CREDITO SONO ACCETTATE IN LA MAGGIORANZA DEGLI ALBERGHI, BAR E RISTORANTI.<\/h5>\r\n<\/td>\r\n<\/tr>\r\n<tr>\r\n<td style=\"background-color: #999999;\">\r\n<h5><span style=\"color: #ffffff;\">LINGUA<\/span><\/h5>\r\n<\/td>\r\n<\/tr>\r\n<tr>\r\n<td>\r\n<h5>SPAGNOLO.<\/h5>\r\n<h5>IN LE CITT\u00c0 TURISTICHE PI\u00d9 IMPORTANTI SI PARLA ANCHE L'INGLESE.<\/h5>\r\n<\/td>\r\n<\/tr>\r\n<tr>\r\n<td style=\"background-color: #999999;\">\r\n<h5><span style=\"color: #ffffff;\">RACCOMANDAZIONI DI SALUTE<\/span><\/h5>\r\n<\/td>\r\n<\/tr>\r\n<tr>\r\n<td>\r\n<h5>VACCINAZIONI OBBLIGATORIE: NESSUNA.<\/h5>\r\n<h5>SE DECIDETE DI VISITARE ZONE FORESTALI, AREE UMIDE O BASSE, \u00e8 CONSIGLIABILE LA PROFILASSI ANTIMALARICA E, SEBBENE NON SIA OBBLIGATORIA, SI CONSIGLIA LA VACCINAZIONE CONTRO LA VEBBRE GIALLA. IN LOCO, PROTEGGERSI DALLE ZANZARE AEDES AEGYPTI CON REPELLENTI CUTANEI E ZANZARIERE.<\/h5>\r\n<h5>IN TALI AREE E NELLE PERIFERIE CITTADINE, CONVIENE BERE ACQUA IMBOTTIGLIATA E SENZA GHIACCIO, CONSUMARE CARNI, PESCI E VERDURE BEN COTTI.<\/h5>\r\n<\/td>\r\n<\/tr>\r\n<tr>\r\n<td style=\"background-color: #999999;\">\r\n<h5><span style=\"color: #ffffff;\">LINKS<\/span><\/h5>\r\n<\/td>\r\n<\/tr>\r\n<tr>\r\n<td>\r\n<h5>www.colombia.travel<\/h5>\r\n<\/td>\r\n<\/tr>\r\n<\/tbody>\r\n<\/table>"],"footnotes":""},"class_list":["post-161","page","type-page","status-publish","has-post-thumbnail","hentry"],"_links":{"self":[{"href":"https:\/\/www.lctouroperator.com\/it\/wp-json\/wp\/v2\/pages\/161"}],"collection":[{"href":"https:\/\/www.lctouroperator.com\/it\/wp-json\/wp\/v2\/pages"}],"about":[{"href":"https:\/\/www.lctouroperator.com\/it\/wp-json\/wp\/v2\/types\/page"}],"author":[{"embeddable":true,"href":"https:\/\/www.lctouroperator.com\/it\/wp-json\/wp\/v2\/users\/2"}],"replies":[{"embeddable":true,"href":"https:\/\/www.lctouroperator.com\/it\/wp-json\/wp\/v2\/comments?post=161"}],"version-history":[{"count":30,"href":"https:\/\/www.lctouroperator.com\/it\/wp-json\/wp\/v2\/pages\/161\/revisions"}],"predecessor-version":[{"id":3062,"href":"https:\/\/www.lctouroperator.com\/it\/wp-json\/wp\/v2\/pages\/161\/revisions\/3062"}],"wp:featuredmedia":[{"embeddable":true,"href":"https:\/\/www.lctouroperator.com\/it\/wp-json\/wp\/v2\/media\/323"}],"wp:attachment":[{"href":"https:\/\/www.lctouroperator.com\/it\/wp-json\/wp\/v2\/media?parent=161"}],"curies":[{"name":"wp","href":"https:\/\/api.w.org\/{rel}","templated":true}]}}