{"id":159,"date":"2013-09-28T21:34:14","date_gmt":"2013-09-29T00:34:14","guid":{"rendered":"http:\/\/www.lctouroperator.com\/it\/?page_id=159"},"modified":"2020-08-06T10:15:56","modified_gmt":"2020-08-06T13:15:56","slug":"bolivia","status":"publish","type":"page","link":"https:\/\/www.lctouroperator.com\/it\/bolivia\/","title":{"rendered":"Bolivia"},"content":{"rendered":"<h2>Ricco\u00a0patrimonio dell&#8217;Umanit\u00e0,\u00a0carica di tradizioni <em>quechua<\/em> e <em>aymara\u00a0<\/em>in un contesto geografico affascinante di grande diversit\u00e0 culturale, gastronomica, ciascuna ricca di una storia millenaria quasi sconosciuta.<\/h2>\n<h2>La splendida Isola del Sole, la Salina di Uyuni &#8211; la pi\u00fa grande al mondo &#8211; con deserti colorati di bellezza naturale,\u00a0\u00a0la capitale politica La Paz &#8211; coi suoi 3600 metri di altitudine, Potos\u00ed, Sucre, Cochabamba, e la Chiquitania &#8211; vicino a Santa Cruz &#8211; marchiata dalla presenza gesuita, il Beni\u00a0e l&#8217;Amazzonia sono alcune mete di questa Bolivia cordiale e pacifica, forte e discreta, dalla gente serena e dagli scorci mozzafiato<\/h2>\n<p>&nbsp;<\/p>\n<h3>Programmi \/ Bolivia<\/h3>\n<div class=\"woocommerce columns-3 \"><ul class=\"products columns-3\">\n<li class=\"product type-product post-2710 status-publish first instock product_cat-bolivia has-post-thumbnail shipping-taxable product-type-simple\">\n\t<a href=\"https:\/\/www.lctouroperator.com\/it\/producto\/bolivia-spettacolare-bol\/\" class=\"woocommerce-LoopProduct-link woocommerce-loop-product__link\"><img loading=\"lazy\" decoding=\"async\" width=\"219\" height=\"146\" src=\"https:\/\/www.lctouroperator.com\/it\/wp-content\/uploads\/2020\/02\/gli-speciali-principal-300x200.png\" class=\"attachment-woocommerce_thumbnail size-woocommerce_thumbnail\" alt=\"\" srcset=\"https:\/\/www.lctouroperator.com\/it\/wp-content\/uploads\/2020\/02\/gli-speciali-principal-300x200.png 300w, https:\/\/www.lctouroperator.com\/it\/wp-content\/uploads\/2020\/02\/gli-speciali-principal-350x233.png 350w, https:\/\/www.lctouroperator.com\/it\/wp-content\/uploads\/2020\/02\/gli-speciali-principal-345x230.png 345w, https:\/\/www.lctouroperator.com\/it\/wp-content\/uploads\/2020\/02\/gli-speciali-principal.png 600w\" sizes=\"(max-width: 219px) 100vw, 219px\" \/><h2 class=\"woocommerce-loop-product__title\">Bolivia spettacolare<\/h2><div class=\"woocommerce-product-details__short-description\">\n\t<p>Bolivia<br \/>\n13 giorni \/ 12 notti<\/p>\n<\/div>\n\n<\/a><\/li>\n<li class=\"product type-product post-1596 status-publish instock product_cat-bolivia has-post-thumbnail shipping-taxable product-type-simple\">\n\t<a href=\"https:\/\/www.lctouroperator.com\/it\/producto\/deserto-salar\/\" class=\"woocommerce-LoopProduct-link woocommerce-loop-product__link\"><img loading=\"lazy\" decoding=\"async\" width=\"219\" height=\"164\" src=\"https:\/\/www.lctouroperator.com\/it\/wp-content\/uploads\/2020\/08\/IMG_2233-219x164.jpg\" class=\"attachment-woocommerce_thumbnail size-woocommerce_thumbnail\" alt=\"\" srcset=\"https:\/\/www.lctouroperator.com\/it\/wp-content\/uploads\/2020\/08\/IMG_2233-219x164.jpg 219w, https:\/\/www.lctouroperator.com\/it\/wp-content\/uploads\/2020\/08\/IMG_2233-350x263.jpg 350w, https:\/\/www.lctouroperator.com\/it\/wp-content\/uploads\/2020\/08\/IMG_2233-307x230.jpg 307w, https:\/\/www.lctouroperator.com\/it\/wp-content\/uploads\/2020\/08\/IMG_2233-300x225.jpg 300w, https:\/\/www.lctouroperator.com\/it\/wp-content\/uploads\/2020\/08\/IMG_2233.jpg 640w\" sizes=\"(max-width: 219px) 100vw, 219px\" \/><h2 class=\"woocommerce-loop-product__title\">Deserto &#038; Salar<\/h2><div class=\"woocommerce-product-details__short-description\">\n\t<p>Bolivia<br \/>\n4 giorni \/ 3 notti<\/p>\n<\/div>\n\n<\/a><\/li>\n<li class=\"product type-product post-1578 status-publish last instock product_cat-bolivia has-post-thumbnail shipping-taxable product-type-simple\">\n\t<a href=\"https:\/\/www.lctouroperator.com\/it\/producto\/due-perle-del-cofanetto\/\" class=\"woocommerce-LoopProduct-link woocommerce-loop-product__link\"><img loading=\"lazy\" decoding=\"async\" width=\"219\" height=\"164\" src=\"https:\/\/www.lctouroperator.com\/it\/wp-content\/uploads\/2017\/03\/isola-del-sole-219x164.jpg\" class=\"attachment-woocommerce_thumbnail size-woocommerce_thumbnail\" alt=\"\" srcset=\"https:\/\/www.lctouroperator.com\/it\/wp-content\/uploads\/2017\/03\/isola-del-sole-219x164.jpg 219w, https:\/\/www.lctouroperator.com\/it\/wp-content\/uploads\/2017\/03\/isola-del-sole-350x262.jpg 350w, https:\/\/www.lctouroperator.com\/it\/wp-content\/uploads\/2017\/03\/isola-del-sole-307x230.jpg 307w, https:\/\/www.lctouroperator.com\/it\/wp-content\/uploads\/2017\/03\/isola-del-sole-300x225.jpg 300w, https:\/\/www.lctouroperator.com\/it\/wp-content\/uploads\/2017\/03\/isola-del-sole.jpg 550w\" sizes=\"(max-width: 219px) 100vw, 219px\" \/><h2 class=\"woocommerce-loop-product__title\">Due perle del cofanetto<\/h2><div class=\"woocommerce-product-details__short-description\">\n\t<p>Bolivia<br \/>\n8 giorni \/ 7 notti<\/p>\n<\/div>\n\n<\/a><\/li>\n<li class=\"product type-product post-1598 status-publish first instock product_cat-bolivia has-post-thumbnail shipping-taxable product-type-simple\">\n\t<a href=\"https:\/\/www.lctouroperator.com\/it\/producto\/tour-bolivia\/\" class=\"woocommerce-LoopProduct-link woocommerce-loop-product__link\"><img loading=\"lazy\" decoding=\"async\" width=\"219\" height=\"164\" src=\"https:\/\/www.lctouroperator.com\/it\/wp-content\/uploads\/2017\/03\/madidi-3-219x164.jpg\" class=\"attachment-woocommerce_thumbnail size-woocommerce_thumbnail\" alt=\"\" srcset=\"https:\/\/www.lctouroperator.com\/it\/wp-content\/uploads\/2017\/03\/madidi-3-219x164.jpg 219w, https:\/\/www.lctouroperator.com\/it\/wp-content\/uploads\/2017\/03\/madidi-3-350x263.jpg 350w, https:\/\/www.lctouroperator.com\/it\/wp-content\/uploads\/2017\/03\/madidi-3-307x230.jpg 307w, https:\/\/www.lctouroperator.com\/it\/wp-content\/uploads\/2017\/03\/madidi-3-300x225.jpg 300w, https:\/\/www.lctouroperator.com\/it\/wp-content\/uploads\/2017\/03\/madidi-3.jpg 600w\" sizes=\"(max-width: 219px) 100vw, 219px\" \/><h2 class=\"woocommerce-loop-product__title\">Tour Bolivia<\/h2><div class=\"woocommerce-product-details__short-description\">\n\t<p>Bolivia<br \/>\n19 giorni \/ 18 notti<\/p>\n<\/div>\n\n<\/a><\/li>\n<\/ul>\n<\/div>\n<h3 class=\"h3pais\">Mangiare e Bere<\/h3>\n<p>I suoi piatti hanno profonde radici spagnolo-moresche ed indigene che sono stati trasformate dal meticciato nei diversi momenti storici che il paese ha vissuto. Devono tenersi anche in conto le bevande come il vino boliviano, la chicha ed il cocoroco.<\/p>\n<h3 class=\"h3pais\">Quando viaggiare \/ Clima<\/h3>\n<p>La Paz pu\u00f2 essere visitata durante tutto l\u2019anno, cos\u00ed come le citt\u00e0 pi\u00f9 importanti. L\u2019inverno \u00e8 la migliore epoca per visitare la Salina di Uyuni &#8211; da giugno a settembre.<\/p>\n<p>Data la sua variet\u00e0 territoriale, si consigliano vestiti leggeri per i giorni caldi (da novembre ad aprile), ed essere comunque sempre preparati per la discesa della temperatura, portando vestiti pi\u00f9 pesanti. \u00c9 consigliabile avere qualcosa da mettere in caso di pioggia<\/p>\n<h3><\/h3>\n","protected":false},"excerpt":{"rendered":"<p>Ricco\u00a0patrimonio dell&#8217;Umanit\u00e0,\u00a0carica di tradizioni quechua e aymara\u00a0in un contesto geografico affascinante di grande diversit\u00e0 culturale, gastronomica, ciascuna ricca di una storia millenaria quasi sconosciuta. La splendida Isola del Sole, la Salina di Uyuni &#8211;&#46;&#46;&#46;<\/p>\n","protected":false},"author":2,"featured_media":324,"parent":0,"menu_order":0,"comment_status":"closed","ping_status":"closed","template":"","meta":{"dwc-title":[""],"dwc-content":["<table>\r\n<tbody>\r\n<tr>\r\n<td style=\"background-color: #696969;\">\r\n<h5><span style=\"color: #ffffff;\">Info Bolivia<\/span><\/h5>\r\n<\/td>\r\n<\/tr>\r\n<tr>\r\n<td style=\"background-color: #999999;\">\r\n<h5><span style=\"color: #ffffff;\">DOCUMENTAZIONE<\/span><\/h5>\r\n<\/td>\r\n<\/tr>\r\n<tr>\r\n<td>\r\n<h5>PASSAPORTO VALIDO PER 3 MESI. CERTIFICATO DI VACCINAZIONE CONTRO LA FEBBRE GIALLA CON DATA DI 10 GIORNI PRIMA DELL'ENTRATA IN BOLIVIA. SE SE NE \u00e8 PRIVI SI RISCHIA DI ESSERE RESPINTI ALLE FRONTIERE O DI VEDERSI RIFIUTARE L'IMBARCO DALLE COMPAGNIE AEREE.<\/h5>\r\n<\/td>\r\n<\/tr>\r\n<tr>\r\n<td style=\"background-color: #999999;\">\r\n<h5><span style=\"color: #ffffff;\">Moneta<\/span><\/h5>\r\n<\/td>\r\n<\/tr>\r\n<tr>\r\n<td>\r\n<h5>BOLIVIANO (BS.). IL DOLLARO AMERICANO E CARTE DI CREDITO SONO ACCETTATE IN HOTEL E RISTORANTI. IN ALCUNI BANCOMAT IL CAMBIAMENTO \u00c8 DIRETTO ALLA MONETA LOCALE.<\/h5>\r\n<\/td>\r\n<\/tr>\r\n<tr>\r\n<td style=\"background-color: #999999;\">\r\n<h5><span style=\"color: #ffffff;\">Lingua<\/span><\/h5>\r\n<\/td>\r\n<\/tr>\r\n<tr>\r\n<td>\r\n<h5>SPAGNOLO, AYMARA E QUECHUA. PARLATO ANCHE IL GUARAN\u00cc.<\/h5>\r\n<\/td>\r\n<\/tr>\r\n<tr>\r\n<td style=\"background-color: #999999;\">\r\n<h5><span style=\"color: #ffffff;\">RACCOMANDAZIONI DI SALUTE<\/span><\/h5>\r\n<\/td>\r\n<\/tr>\r\n<tr>\r\n<td>\r\n<h5>VACCINAZIONI OBBLIGATORIE: CONTRO LA FEBBRE GIALLA. DEVE EFFETTUARSI 10 GIORNI PRIMA DI ENTRARE AL PAESE.\r\nSI RACCOMANDA LA PROFILASSI DELLA MALARIA E, IN LOCO E PER I VIAGGIATORI DIRETTI ALLA ZONA AMAZZONICA O AD AREE CALDE, LA PREVENZIONE DELLE PUNTURE DI ZANZARE AEDES AEGYPTI CON L'USO DI REPELLENTI CUTANEI E ZANZARIERE.\r\n\u00c8 CONSIGLIABILE NON BERE ACQUA CORRENTE E DISINFETTARE BENE FRUTTA E VERDURA. IN CASO DI ESCURSIONI SULL'ALTOPIANO E IN MONTAGNA, SALIRE DI QUOTA CON CAUTELA PER PERMETTERE AL CORPO DI ABITUARVISI, GIACCH\u00e8 L'ALTITUDINE Pu\u00f2 CAUSARE INSONNIA, MAL DI TESTA E NAUSEA, E DI PROTEGGERSI CON CREME SOLARI AD ALTO FATTORE DI PROTEZIONE PER EVITARE BRUCIATURE ED ERITEMI SOLARI.<\/h5>\r\n<\/td>\r\n<\/tr>\r\n<tr>\r\n<td style=\"background-color: #999999;\">\r\n<h5><span style=\"color: #ffffff;\">LINKS<\/span><\/h5>\r\n<\/td>\r\n<\/tr>\r\n<tr>\r\n<td>\r\n<h5><a href=\"http:\/\/www.bolivia.travel\" target=\"_blank\" rel=\"noopener noreferrer\">www.bolivia.travel<\/a><\/h5>\r\n<\/td>\r\n<\/tr>\r\n<\/tbody>\r\n<\/table>"],"footnotes":""},"class_list":["post-159","page","type-page","status-publish","has-post-thumbnail","hentry"],"_links":{"self":[{"href":"https:\/\/www.lctouroperator.com\/it\/wp-json\/wp\/v2\/pages\/159"}],"collection":[{"href":"https:\/\/www.lctouroperator.com\/it\/wp-json\/wp\/v2\/pages"}],"about":[{"href":"https:\/\/www.lctouroperator.com\/it\/wp-json\/wp\/v2\/types\/page"}],"author":[{"embeddable":true,"href":"https:\/\/www.lctouroperator.com\/it\/wp-json\/wp\/v2\/users\/2"}],"replies":[{"embeddable":true,"href":"https:\/\/www.lctouroperator.com\/it\/wp-json\/wp\/v2\/comments?post=159"}],"version-history":[{"count":42,"href":"https:\/\/www.lctouroperator.com\/it\/wp-json\/wp\/v2\/pages\/159\/revisions"}],"predecessor-version":[{"id":2745,"href":"https:\/\/www.lctouroperator.com\/it\/wp-json\/wp\/v2\/pages\/159\/revisions\/2745"}],"wp:featuredmedia":[{"embeddable":true,"href":"https:\/\/www.lctouroperator.com\/it\/wp-json\/wp\/v2\/media\/324"}],"wp:attachment":[{"href":"https:\/\/www.lctouroperator.com\/it\/wp-json\/wp\/v2\/media?parent=159"}],"curies":[{"name":"wp","href":"https:\/\/api.w.org\/{rel}","templated":true}]}}