{"id":140,"date":"2013-09-28T20:46:47","date_gmt":"2013-09-28T23:46:47","guid":{"rendered":"http:\/\/www.lctouroperator.com\/it\/?page_id=140"},"modified":"2020-10-15T08:33:35","modified_gmt":"2020-10-15T11:33:35","slug":"chile","status":"publish","type":"page","link":"https:\/\/www.lctouroperator.com\/it\/chile\/","title":{"rendered":"Cile"},"content":{"rendered":"<h2>Una lingua di terra incorniciata tra l&#8217;Oceano Pacifico e la cordigliera delle Ande\u2026 il Cile \u00e8 un paese cos\u00ec vario che ad ogni trasferimento il paesaggio muta di forma e colori, dal deserto di Atacama ai ghiacciai eterni della Patagonia. Stupisce e affascina questo Cile dove \u00e8 possibile incontrare spiagge che si perdono all&#8217;orizzonte, piste da sci per ogni gusto e poi luoghi mitici come l&#8217;isola di Pasqua e mistici come Chilo\u00e9. La Patagonia, terra di montagne ancora inesplorate e fiordi profondi. E&#8217; la terra cantata da Neruda. E&#8217; il Cile, una terra abitata da gente ingegnosa e ospitale. In ogni proposta di viaggio un mondo da scoprire e immortalare con esperienze da ricordare per sempre.<\/h2>\n<h3 class=\"h3pais\">Programmi \/ Cile<\/h3>\n<div class=\"woocommerce columns-3 \"><ul class=\"products columns-3\">\n<li class=\"product type-product post-269 status-publish first instock product_cat-chile has-post-thumbnail featured shipping-taxable product-type-simple\">\n\t<a href=\"https:\/\/www.lctouroperator.com\/it\/producto\/gioielli-del-cile\/\" class=\"woocommerce-LoopProduct-link woocommerce-loop-product__link\"><img loading=\"lazy\" decoding=\"async\" width=\"219\" height=\"164\" src=\"https:\/\/www.lctouroperator.com\/it\/wp-content\/uploads\/2013\/10\/image-1-1-219x164.png\" class=\"attachment-woocommerce_thumbnail size-woocommerce_thumbnail\" alt=\"\" srcset=\"https:\/\/www.lctouroperator.com\/it\/wp-content\/uploads\/2013\/10\/image-1-1-219x164.png 219w, https:\/\/www.lctouroperator.com\/it\/wp-content\/uploads\/2013\/10\/image-1-1-350x262.png 350w, https:\/\/www.lctouroperator.com\/it\/wp-content\/uploads\/2013\/10\/image-1-1-307x230.png 307w, https:\/\/www.lctouroperator.com\/it\/wp-content\/uploads\/2013\/10\/image-1-1-300x225.png 300w, https:\/\/www.lctouroperator.com\/it\/wp-content\/uploads\/2013\/10\/image-1-1.png 550w\" sizes=\"(max-width: 219px) 100vw, 219px\" \/><h2 class=\"woocommerce-loop-product__title\">Gioielli del Cile<\/h2><div class=\"woocommerce-product-details__short-description\">\n\t<p>Cile<br \/>\n12 Giorni \/ 11 Notti<\/p>\n<\/div>\n\n<\/a><\/li>\n<li class=\"product type-product post-1522 status-publish instock product_cat-chile has-post-thumbnail shipping-taxable product-type-simple\">\n\t<a href=\"https:\/\/www.lctouroperator.com\/it\/producto\/incantevole-sud-patagonia-cilena\/\" class=\"woocommerce-LoopProduct-link woocommerce-loop-product__link\"><img loading=\"lazy\" decoding=\"async\" width=\"219\" height=\"124\" src=\"https:\/\/www.lctouroperator.com\/it\/wp-content\/uploads\/2017\/02\/image-2-300x170.png\" class=\"attachment-woocommerce_thumbnail size-woocommerce_thumbnail\" alt=\"\" srcset=\"https:\/\/www.lctouroperator.com\/it\/wp-content\/uploads\/2017\/02\/image-2-300x170.png 300w, https:\/\/www.lctouroperator.com\/it\/wp-content\/uploads\/2017\/02\/image-2-350x199.png 350w, https:\/\/www.lctouroperator.com\/it\/wp-content\/uploads\/2017\/02\/image-2.png 700w\" sizes=\"(max-width: 219px) 100vw, 219px\" \/><h2 class=\"woocommerce-loop-product__title\">Incantevole Sud e Patagonia Cilena<\/h2><div class=\"woocommerce-product-details__short-description\">\n\t<p>Cile<br \/>\n14 giorni \/ 13 notti<\/p>\n<\/div>\n\n<\/a><\/li>\n<li class=\"product type-product post-1683 status-publish last instock product_cat-chile has-post-thumbnail shipping-taxable product-type-simple\">\n\t<a href=\"https:\/\/www.lctouroperator.com\/it\/producto\/isola-di-pasqua-mare-e-moai\/\" class=\"woocommerce-LoopProduct-link woocommerce-loop-product__link\"><img loading=\"lazy\" decoding=\"async\" width=\"219\" height=\"144\" src=\"https:\/\/www.lctouroperator.com\/it\/wp-content\/uploads\/2013\/10\/isla-pascua-destacada-300x197.jpg\" class=\"attachment-woocommerce_thumbnail size-woocommerce_thumbnail\" alt=\"\" srcset=\"https:\/\/www.lctouroperator.com\/it\/wp-content\/uploads\/2013\/10\/isla-pascua-destacada-300x197.jpg 300w, https:\/\/www.lctouroperator.com\/it\/wp-content\/uploads\/2013\/10\/isla-pascua-destacada.jpg 350w\" sizes=\"(max-width: 219px) 100vw, 219px\" \/><h2 class=\"woocommerce-loop-product__title\">Isola di Pasqua: Mare e Moai<\/h2><div class=\"woocommerce-product-details__short-description\">\n\t<p>Cile<br \/>\n6 giorni \/ \u00a05 notti<\/p>\n<\/div>\n\n<\/a><\/li>\n<li class=\"product type-product post-1519 status-publish first instock product_cat-chile has-post-thumbnail shipping-taxable product-type-simple\">\n\t<a href=\"https:\/\/www.lctouroperator.com\/it\/producto\/vette-e-deserti\/\" class=\"woocommerce-LoopProduct-link woocommerce-loop-product__link\"><img loading=\"lazy\" decoding=\"async\" width=\"219\" height=\"145\" src=\"https:\/\/www.lctouroperator.com\/it\/wp-content\/uploads\/2017\/02\/image-300x198.png\" class=\"attachment-woocommerce_thumbnail size-woocommerce_thumbnail\" alt=\"\" srcset=\"https:\/\/www.lctouroperator.com\/it\/wp-content\/uploads\/2017\/02\/image-300x198.png 300w, https:\/\/www.lctouroperator.com\/it\/wp-content\/uploads\/2017\/02\/image-350x230.png 350w, https:\/\/www.lctouroperator.com\/it\/wp-content\/uploads\/2017\/02\/image.png 607w\" sizes=\"(max-width: 219px) 100vw, 219px\" \/><h2 class=\"woocommerce-loop-product__title\">Vette e deserti<\/h2><div class=\"woocommerce-product-details__short-description\">\n\t<p>Cile<br \/>\n9 giorni \/ 8 notti<\/p>\n<\/div>\n\n<\/a><\/li>\n<\/ul>\n<\/div>\n<h3 class=\"h3pais\">Mangiare e Bere<\/h3>\n<p>La cucina cilena \u00e8 da\u00a0 considerare semplice in quanto non molto elaborata ma con un sin numero di proposte autoctone e regionali grazie ad un mix di tradizioni indigeni e dell&#8217;incredibile flusso migratorio che la rendono ricca e gustosa. I piatti\u00a0 sono elaborati con carne, pesce, mais, ortaggi e patate. Tra i cibi tipici incontriamo le \u201cempanadas\u201d, le \u201chumitas\u201d e il \u201cCurantu\u201d, una saporita zuppa popolare, oltre e vari tipi di minestre e stufati al forno. Nel sud, oltre alla squisita carne allo spiedo e l\u2019agnello alla brace, si pu\u00f2 degustare anche di un\u2019ampia variet\u00e0 di pesci e molluschi. Il Cile invece \u00e8 tra i primi paesi in America Latina\u00a0 famosa per\u00a0 l&#8217;eccellenza della produzione vinicola grazie alla barriera creata dalla cordigliera delle Andes e l&#8217;Oceano Pacifico che rendono le vite praticamente fuori pericolo da qualsiasi invasione di piaga. Tra la vasta gamma di vini cileni, si raccomanda specialmente\u00a0 il Cabernet Sauvignon rosso\u00a0 e il Chardonney bianco e il cabernet sauvignon ros\u00e9. Altre bibite pi\u00f9 popolari il Pisco Sour, il \u201cliquore d\u2019oro\u201d di Chonchi, in Chilo\u00e9, il Borgo\u00f1a (Borgogna) un cocktail tradizionale e fresco elaborato\u00a0 con vino rosso e fragole tritate e la Sangria sempre con vino rosso e diverse tipi di frutta\u00a0 tra cui meloni, mele, limone con pizzico di cannella, la analcolica \u00abchicha\u00bb,\u00a0 con frutta fermentata. Il \u00abmate\u00bb \u00e8 tra le bevande pi\u00f9 diffusa nel paese. Tra i dolci \u00e8\u00a0 tipico il\u00a0 \u201cmote con huesillo\u201d elaborato con succo caramellato, granturco bollito e pesche. Merita un accenno la produzione di frutta del Cile che ha un&#8217;incredibile variet\u00e0 e la frutta esotica delle tavola italiana qui \u00e8 tra le pi\u00f9 comuni.<\/p>\n<h3 class=\"h3pais\">Quando Viaggiare\u00a0\/ Clima<\/h3>\n<p>E&#8217; possibile viaggiare quasi tutto l&#8217;anno e a causa della originale forma di striscia lungo 6.000\u00a0 km da Nord a Sud, in Cile si possono incontrare praticamente tutte le condizioni climatiche possibili.\u00a0 A grandi linee possiamo dire che tra met\u00e0 ottobre e marzo sono i mesi migliori per tutte le destinazioni in questo splendido paese. Da considerare\u00a0<u>alcune limitazioni<\/u>\u00a0tipo per\u00a0 navigare i fiordi\u00a0 e dei\u00a0 trekking nella Patagonia evitare i mesi estivi dell&#8217;emisfero nord, da giugno a met\u00e0 ottobre. Per visitare l&#8217;isola di Pasqua che possiede un clima subtropicale i mesi pi\u00f9 caldi e buoni per fare il mare sono da dicembre a marzo mentre da aprile a settembre le temperature dell&#8217;acqua si abbassano arrivando a ca. 15 gradi.<\/p>\n","protected":false},"excerpt":{"rendered":"<p>Una lingua di terra incorniciata tra l&#8217;Oceano Pacifico e la cordigliera delle Ande\u2026 il Cile \u00e8 un paese cos\u00ec vario che ad ogni trasferimento il paesaggio muta di forma e colori, dal deserto di&#46;&#46;&#46;<\/p>\n","protected":false},"author":2,"featured_media":2804,"parent":0,"menu_order":0,"comment_status":"closed","ping_status":"closed","template":"","meta":{"dwc-title":[""],"dwc-content":["<table>\r\n<tbody>\r\n<tr>\r\n<td style=\"background-color: #696969;\">\r\n<h5><span style=\"color: #ffffff;\">INFO CILE<\/span><\/h5>\r\n<\/td>\r\n<\/tr>\r\n<tr>\r\n<td style=\"background-color: #999999;\">\r\n<h5><span style=\"color: #ffffff;\">DOCUMENTAZIONE<\/span><\/h5>\r\n<\/td>\r\n<\/tr>\r\n<tr>\r\n<td>\r\n<h5>PASSAPORTO CON VALIDIT\u00e0 RESIDUA DI ALMENO 6 MESI AL MOMENTO DELL'ARRIVO. FARE ATTENZIONE A NON SMARRIRE LA COPIA DEL FOGLIETTO DI IMMIGRAZIONE COMPILATO ALL'ATTO DELL'INGRESSO AL PAESE, NECESSARIO PER L'USCITA DAL CILE. IN CASO DI FURTO, \u00e8 NECESSARIO DENUNCIARLO PRONTAMENTE.<\/h5>\r\n<\/td>\r\n<\/tr>\r\n<tr>\r\n<td style=\"background-color: #999999;\">\r\n<h5><span style=\"color: #ffffff;\">MONETA<\/span><\/h5>\r\n<\/td>\r\n<\/tr>\r\n<tr>\r\n<td>\r\n<h5>PESO CILENO<\/h5>\r\n<\/td>\r\n<\/tr>\r\n<tr>\r\n<td style=\"background-color: #999999;\">\r\n<h5><span style=\"color: #ffffff;\">LINGUA<\/span><\/h5>\r\n<\/td>\r\n<\/tr>\r\n<tr>\r\n<td>\r\n<h5>SPAGNOLO<\/h5>\r\n<\/td>\r\n<\/tr>\r\n<tr>\r\n<td style=\"background-color: #999999;\">\r\n<h5><span style=\"color: #ffffff;\">RACCOMANDAZIONI DI SALUTE<\/span><\/h5>\r\n<\/td>\r\n<\/tr>\r\n<tr>\r\n<td>\r\n<h5>VACCINAZIONI OBBLIGATORIE: NESSUNA.<\/h5>\r\n<\/td>\r\n<\/tr>\r\n<tr>\r\n<td style=\"background-color: #999999;\">\r\n<h5><span style=\"color: #ffffff;\">LINKS<\/span><\/h5>\r\n<\/td>\r\n<\/tr>\r\n<tr>\r\n<td>\r\n<h5><a href=\"http:\/\/www.turismochile.com\" target=\"_blank\" rel=\"noopener noreferrer\">www.turismochile.com<\/a><\/h5>\r\n<h5><a href=\"http:\/\/www.chiletourism.travel\" target=\"_blank\" rel=\"noopener noreferrer\">www.chiletourism.travel<\/a><\/h5>\r\n<\/td>\r\n<\/tr>\r\n<\/tbody>\r\n<\/table>"],"footnotes":""},"class_list":["post-140","page","type-page","status-publish","has-post-thumbnail","hentry"],"_links":{"self":[{"href":"https:\/\/www.lctouroperator.com\/it\/wp-json\/wp\/v2\/pages\/140"}],"collection":[{"href":"https:\/\/www.lctouroperator.com\/it\/wp-json\/wp\/v2\/pages"}],"about":[{"href":"https:\/\/www.lctouroperator.com\/it\/wp-json\/wp\/v2\/types\/page"}],"author":[{"embeddable":true,"href":"https:\/\/www.lctouroperator.com\/it\/wp-json\/wp\/v2\/users\/2"}],"replies":[{"embeddable":true,"href":"https:\/\/www.lctouroperator.com\/it\/wp-json\/wp\/v2\/comments?post=140"}],"version-history":[{"count":22,"href":"https:\/\/www.lctouroperator.com\/it\/wp-json\/wp\/v2\/pages\/140\/revisions"}],"predecessor-version":[{"id":2837,"href":"https:\/\/www.lctouroperator.com\/it\/wp-json\/wp\/v2\/pages\/140\/revisions\/2837"}],"wp:featuredmedia":[{"embeddable":true,"href":"https:\/\/www.lctouroperator.com\/it\/wp-json\/wp\/v2\/media\/2804"}],"wp:attachment":[{"href":"https:\/\/www.lctouroperator.com\/it\/wp-json\/wp\/v2\/media?parent=140"}],"curies":[{"name":"wp","href":"https:\/\/api.w.org\/{rel}","templated":true}]}}